{"id":930,"date":"2023-01-15T04:21:00","date_gmt":"2023-01-15T04:21:00","guid":{"rendered":"https:\/\/cmykprinted.com\/?post_type=product&#038;p=930"},"modified":"2023-01-15T05:50:05","modified_gmt":"2023-01-15T05:50:05","slug":"cheapest-personalized-custom-printed-handheld-stick-flag","status":"publish","type":"product","link":"https:\/\/cmykprinted.com\/sk_sk\/produkt\/cheapest-personalized-custom-printed-handheld-stick-flag\/","title":{"rendered":"Najlacnej\u0161ia personalizovan\u00e1 vlastnoru\u010dne vytla\u010den\u00e1 ru\u010dn\u00e1 vlajka"},"content":{"rendered":"","protected":false},"excerpt":{"rendered":"<p>Ru\u010dn\u00e1 vlajka je cenovo efekt\u00edvny a vizu\u00e1lne pr\u00ed\u0165a\u017eliv\u00fd sp\u00f4sob, ako prezentova\u0165 svoje udalosti alebo propaga\u010dn\u00e9 akcie. T\u00fdm, \u017ee si ich prisp\u00f4sob\u00edte ako na\u0161e be\u017en\u00e9 vlastn\u00e9 vlajky, no s men\u0161ou ve\u013ekos\u0165ou, ktor\u00e1 sa \u013eahko dr\u017e\u00ed, s\u00fa dokonal\u00fdm doplnkom na ak\u00fako\u013evek ve\u013etrh, \u0161portov\u00fd z\u00e1pas, prehliadku, konferenciu alebo udalos\u0165. Tieto vlajky s\u00fa vyroben\u00e9 z odolnej polyesterovej tkaniny a s\u00fa potla\u010den\u00e9 sublim\u00e1ciou farbiva, \u010do zais\u0165uje \u017eiariv\u00e9 a v\u00fdrazn\u00e9 farby. Vlajky s\u00fa zakon\u010den\u00e9 plastovou alebo drevenou hmo\u017edinkou a ka\u017ed\u00e1 vlajka je pripevnen\u00e1 k palici cez obj\u00edmku vlajky, ktor\u00e1 zais\u0165uje, \u017ee vlajka zostane bezpe\u010dne na svojom mieste. \u010ci u\u017e propagujete firmu, vec alebo \u0161peci\u00e1lnu udalos\u0165, tieto vlajky s\u00fa skvel\u00fdm sp\u00f4sobom, ako \u0161\u00edri\u0165 svoje posolstvo.<\/p>","protected":false},"featured_media":931,"template":"","meta":{"_kad_post_transparent":"default","_kad_post_title":"hide","_kad_post_layout":"fullwidth","_kad_post_sidebar_id":"","_kad_post_content_style":"unboxed","_kad_post_vertical_padding":"hide","_kad_post_feature":"hide","_kad_post_feature_position":"","_kad_post_header":false,"_kad_post_footer":false},"product_cat":[79],"product_tag":[263,262,154,261],"class_list":{"0":"post-930","1":"product","2":"type-product","3":"status-publish","4":"has-post-thumbnail","6":"product_cat-custom-flags","7":"product_tag-cheapest-stick-flag","8":"product_tag-custom-stick-flag","9":"product_tag-handheld-stick-flag","10":"product_tag-personalized-stick-flag","12":"first","13":"instock","14":"shipping-taxable","15":"product-type-simple","16":"entry","17":"content-bg","18":"loop-entry"},"_links":{"self":[{"href":"https:\/\/cmykprinted.com\/sk_sk\/wp-json\/wp\/v2\/product\/930","targetHints":{"allow":["GET"]}}],"collection":[{"href":"https:\/\/cmykprinted.com\/sk_sk\/wp-json\/wp\/v2\/product"}],"about":[{"href":"https:\/\/cmykprinted.com\/sk_sk\/wp-json\/wp\/v2\/types\/product"}],"version-history":[{"count":2,"href":"https:\/\/cmykprinted.com\/sk_sk\/wp-json\/wp\/v2\/product\/930\/revisions"}],"predecessor-version":[{"id":937,"href":"https:\/\/cmykprinted.com\/sk_sk\/wp-json\/wp\/v2\/product\/930\/revisions\/937"}],"wp:featuredmedia":[{"embeddable":true,"href":"https:\/\/cmykprinted.com\/sk_sk\/wp-json\/wp\/v2\/media\/931"}],"wp:attachment":[{"href":"https:\/\/cmykprinted.com\/sk_sk\/wp-json\/wp\/v2\/media?parent=930"}],"wp:term":[{"taxonomy":"product_cat","embeddable":true,"href":"https:\/\/cmykprinted.com\/sk_sk\/wp-json\/wp\/v2\/product_cat?post=930"},{"taxonomy":"product_tag","embeddable":true,"href":"https:\/\/cmykprinted.com\/sk_sk\/wp-json\/wp\/v2\/product_tag?post=930"}],"curies":[{"name":"wp","href":"https:\/\/api.w.org\/{rel}","templated":true}]}}