{"id":938,"date":"2023-01-15T14:03:34","date_gmt":"2023-01-15T14:03:34","guid":{"rendered":"https:\/\/cmykprinted.com\/?post_type=product&#038;p=938"},"modified":"2023-01-15T14:14:31","modified_gmt":"2023-01-15T14:14:31","slug":"trade-show-fitted-custom-stretch-table-cover-tablecloth","status":"publish","type":"product","link":"https:\/\/cmykprinted.com\/sk_sk\/produkt\/trade-show-fitted-custom-stretch-table-cover-tablecloth\/","title":{"rendered":"Obrus \u200b\u200bna st\u00f4l na mieru prisp\u00f4soben\u00fd na ve\u013etrh"},"content":{"rendered":"","protected":false},"excerpt":{"rendered":"<p>Usporiadanie obchodnej udalosti m\u00f4\u017ee by\u0165 n\u00e1ro\u010dn\u00e9, preto\u017ee chcete urobi\u0165 dobr\u00fd dojem na nov\u00fdch aj existuj\u00facich z\u00e1kazn\u00edkov. Na\u0161e stre\u010dov\u00e9 po\u0165ahy na st\u00f4l s\u00fa vynikaj\u00facim rie\u0161en\u00edm na zdobenie v\u00e1\u0161ho st\u00e1nku a propag\u00e1ciu v\u00e1\u0161ho podnikania. N\u00e1\u0161 v\u00fdber \u0161t\u00fdlov\u00fdch spandexov\u00fdch po\u0165ahov je cenovo v\u00fdhodn\u00fdch a mo\u017eno ich pou\u017ei\u0165 na vylep\u0161enie vzh\u013eadu va\u0161ich stolov. Na\u0161e po\u0165ahy s\u00fa vyroben\u00e9 z odolnej stre\u010dovej tkaniny 180GSM a s\u00fa odoln\u00e9 proti roztrhnutiu a mo\u017eno ich znova pou\u017ei\u0165 na viacero podujat\u00ed. V\u010faka na\u0161ej plnofarebnej technol\u00f3gii tla\u010de s rozl\u00ed\u0161en\u00edm 1440 DPI je grafika na obaloch \u017eiv\u00e1 a ostr\u00e1 a ur\u010dite up\u00fata pozornos\u0165 \u00fa\u010dastn\u00edkov. Na\u0161e kryty s\u00fa dostupn\u00e9 v dvoch \u0161t\u00fdloch: so zipsom a 3-strann\u00e9, pri\u010dom oba sa jednoducho in\u0161taluj\u00fa a dr\u017eia bezpe\u010dne na svojom mieste. Na\u0165ahovacie obrusy Spandex s\u00fa v\u0161estrann\u00e9 a cenovo dostupn\u00e9, v\u010faka \u010domu s\u00fa ide\u00e1lne na ak\u00fdko\u013evek typ udalosti, ako s\u00fa sviato\u010dn\u00e9 ve\u010dierky, obchodn\u00e9 v\u00fdstavy a \u010fal\u0161ie.<\/p>","protected":false},"featured_media":939,"template":"","meta":{"_kad_post_transparent":"default","_kad_post_title":"hide","_kad_post_layout":"fullwidth","_kad_post_sidebar_id":"","_kad_post_content_style":"unboxed","_kad_post_vertical_padding":"hide","_kad_post_feature":"hide","_kad_post_feature_position":"","_kad_post_header":false,"_kad_post_footer":false},"product_cat":[80,81],"product_tag":[117,265,264,266],"class_list":{"0":"post-938","1":"product","2":"type-product","3":"status-publish","4":"has-post-thumbnail","6":"product_cat-custom-tablecloth","7":"product_cat-custom-stretch-tablecloth","8":"product_tag-custom-stretch-tablecloth","9":"product_tag-fitted-tablecloth","10":"product_tag-stretch-table-cover","11":"product_tag-trade-show-table-cover","13":"first","14":"instock","15":"shipping-taxable","16":"product-type-simple","17":"entry","18":"content-bg","19":"loop-entry"},"_links":{"self":[{"href":"https:\/\/cmykprinted.com\/sk_sk\/wp-json\/wp\/v2\/product\/938","targetHints":{"allow":["GET"]}}],"collection":[{"href":"https:\/\/cmykprinted.com\/sk_sk\/wp-json\/wp\/v2\/product"}],"about":[{"href":"https:\/\/cmykprinted.com\/sk_sk\/wp-json\/wp\/v2\/types\/product"}],"version-history":[{"count":3,"href":"https:\/\/cmykprinted.com\/sk_sk\/wp-json\/wp\/v2\/product\/938\/revisions"}],"predecessor-version":[{"id":947,"href":"https:\/\/cmykprinted.com\/sk_sk\/wp-json\/wp\/v2\/product\/938\/revisions\/947"}],"wp:featuredmedia":[{"embeddable":true,"href":"https:\/\/cmykprinted.com\/sk_sk\/wp-json\/wp\/v2\/media\/939"}],"wp:attachment":[{"href":"https:\/\/cmykprinted.com\/sk_sk\/wp-json\/wp\/v2\/media?parent=938"}],"wp:term":[{"taxonomy":"product_cat","embeddable":true,"href":"https:\/\/cmykprinted.com\/sk_sk\/wp-json\/wp\/v2\/product_cat?post=938"},{"taxonomy":"product_tag","embeddable":true,"href":"https:\/\/cmykprinted.com\/sk_sk\/wp-json\/wp\/v2\/product_tag?post=938"}],"curies":[{"name":"wp","href":"https:\/\/api.w.org\/{rel}","templated":true}]}}