{"id":956,"date":"2023-02-08T03:23:59","date_gmt":"2023-02-08T03:23:59","guid":{"rendered":"https:\/\/cmykprinted.com\/?post_type=product&#038;p=956"},"modified":"2023-02-08T03:36:40","modified_gmt":"2023-02-08T03:36:40","slug":"double-side-printed-folding-horizontal-pop-up-banner-stand","status":"publish","type":"product","link":"https:\/\/cmykprinted.com\/sk_sk\/produkt\/double-side-printed-folding-horizontal-pop-up-banner-stand\/","title":{"rendered":"Obojstranne potla\u010den\u00fd skladac\u00ed horizont\u00e1lny vyskakovac\u00ed stojan na bannery"},"content":{"rendered":"","protected":false},"excerpt":{"rendered":"<p>Horizontal Pop Up Banner Stand je v\u0161estrann\u00e9 a pohodln\u00e9 rie\u0161enie pre vn\u00fatorn\u00e9 aj vonkaj\u0161ie akcie. Tieto \u013eahk\u00e9 a prenosn\u00e9 bannery s r\u00e1mom A pon\u00fakaj\u00fa okam\u017eit\u00fa vidite\u013enos\u0165 a \u013eahko sa nastavuj\u00fa v priebehu nieko\u013ek\u00fdch sek\u00fand. S\u00fa ide\u00e1lne na \u0161portov\u00e9 podujatia, obchodn\u00e9 v\u00fdstavy, propaga\u010dn\u00e9 akcie a smerov\u00e9 zna\u010denie. So skladac\u00edm kovov\u00fdm r\u00e1mom, ktor\u00fd sa zlo\u017e\u00ed do \u00falo\u017enej ta\u0161ky, s\u00fa bezpe\u010dn\u00e9 na pou\u017eitie na \u0161portov\u00fdch ihrisk\u00e1ch a \u013eahko sa prepravuj\u00fa. Bannery s\u00fa dostupn\u00e9 v r\u00f4znych tvaroch a ve\u013ekostiach, vr\u00e1tane horizont\u00e1lnych, vertik\u00e1lnych, kruhov\u00fdch a trojuholn\u00edkov\u00fdch, a s\u00fa obojstrann\u00e9 pre maxim\u00e1lnu expoz\u00edciu. Na ka\u017edej strane m\u00f4\u017eu by\u0165 zobrazen\u00e9 r\u00f4zne obr\u00e1zky alebo sa m\u00f4\u017ee pou\u017ei\u0165 rovnak\u00fd obr\u00e1zok. Bannery sa dod\u00e1vaj\u00fa so zemn\u00fdmi kol\u00edkmi pre m\u00e4kk\u00e9 povrchy alebo m\u00f4\u017eu by\u0165 za\u0165a\u017een\u00e9 na tvrd\u00fdch povrchoch.<\/p>\n<div style=\"width: 1290px;\" class=\"wp-video\"><!--[if lt IE 9]><script>document.createElement('video');<\/script><![endif]--><br \/>\n<video class=\"wp-video-shortcode\" id=\"video-956-1\" width=\"1290\" height=\"726\" loop autoplay preload=\"auto\" controls=\"controls\"><source type=\"video\/mp4\" src=\"http:\/\/cmykprinted.com\/wp-content\/uploads\/2022\/12\/horizontal-pop-up-banners.mp4?_=1\" \/><a href=\"http:\/\/cmykprinted.com\/wp-content\/uploads\/2022\/12\/horizontal-pop-up-banners.mp4\">http:\/\/cmykprinted.com\/wp-content\/uploads\/2022\/12\/horizontal-pop-up-banners.mp4<\/a><\/video><\/div>\n<p>&nbsp;<\/p>","protected":false},"featured_media":957,"template":"","meta":{"_kad_post_transparent":"default","_kad_post_title":"hide","_kad_post_layout":"fullwidth","_kad_post_sidebar_id":"","_kad_post_content_style":"unboxed","_kad_post_vertical_padding":"hide","_kad_post_feature":"hide","_kad_post_feature_position":"","_kad_post_header":false,"_kad_post_footer":false},"product_cat":[92,94],"product_tag":[272,271,270,273],"class_list":{"0":"post-956","1":"product","2":"type-product","3":"status-publish","4":"has-post-thumbnail","6":"product_cat-pop-up-banners","7":"product_cat-horizontal-pop-up-banners","8":"product_tag-folding-horizontal-pop-up-banner","9":"product_tag-horizontal-pop-up-banner","10":"product_tag-horizontal-pop-up-banner-stand","11":"product_tag-printed-horizontal-pop-up-banner","13":"first","14":"instock","15":"shipping-taxable","16":"product-type-simple","17":"entry","18":"content-bg","19":"loop-entry"},"_links":{"self":[{"href":"https:\/\/cmykprinted.com\/sk_sk\/wp-json\/wp\/v2\/product\/956","targetHints":{"allow":["GET"]}}],"collection":[{"href":"https:\/\/cmykprinted.com\/sk_sk\/wp-json\/wp\/v2\/product"}],"about":[{"href":"https:\/\/cmykprinted.com\/sk_sk\/wp-json\/wp\/v2\/types\/product"}],"version-history":[{"count":2,"href":"https:\/\/cmykprinted.com\/sk_sk\/wp-json\/wp\/v2\/product\/956\/revisions"}],"predecessor-version":[{"id":964,"href":"https:\/\/cmykprinted.com\/sk_sk\/wp-json\/wp\/v2\/product\/956\/revisions\/964"}],"wp:featuredmedia":[{"embeddable":true,"href":"https:\/\/cmykprinted.com\/sk_sk\/wp-json\/wp\/v2\/media\/957"}],"wp:attachment":[{"href":"https:\/\/cmykprinted.com\/sk_sk\/wp-json\/wp\/v2\/media?parent=956"}],"wp:term":[{"taxonomy":"product_cat","embeddable":true,"href":"https:\/\/cmykprinted.com\/sk_sk\/wp-json\/wp\/v2\/product_cat?post=956"},{"taxonomy":"product_tag","embeddable":true,"href":"https:\/\/cmykprinted.com\/sk_sk\/wp-json\/wp\/v2\/product_tag?post=956"}],"curies":[{"name":"wp","href":"https:\/\/api.w.org\/{rel}","templated":true}]}}