{"id":965,"date":"2023-02-08T04:50:30","date_gmt":"2023-02-08T04:50:30","guid":{"rendered":"https:\/\/cmykprinted.com\/?post_type=product&#038;p=965"},"modified":"2023-02-08T05:02:02","modified_gmt":"2023-02-08T05:02:02","slug":"straight-tension-fabric-backdrop-media-wall-for-events","status":"publish","type":"product","link":"https:\/\/cmykprinted.com\/sk_sk\/produkt\/straight-tension-fabric-backdrop-media-wall-for-events\/","title":{"rendered":"Medi\u00e1lna stena z rovnej nap\u00ednacej l\u00e1tky pre podujatia"},"content":{"rendered":"","protected":false},"excerpt":{"rendered":"<p>Na\u0161e najpred\u00e1vanej\u0161ie rovn\u00e9 nap\u00ednacie textiln\u00e9 pozadie je v\u0161estrann\u00e9 a ide\u00e1lne pre r\u00f4zne aplik\u00e1cie, ako je \u0161t\u00fadiov\u00e9 pozadie, kulisa na p\u00f3diu, fotografick\u00e1 kab\u00edna, tla\u010dov\u00e1 konferencia, sl\u00e1vnostn\u00e9 odovzd\u00e1vanie cien a \u010derven\u00fd koberec. S mo\u017enos\u0165ou dvoch preveden\u00ed z\u00edskate maxim\u00e1lnu hodnotu a jednoduch\u00fa prepravu. Vyroben\u00e9 z odoln\u00e9ho, flexibiln\u00e9ho polyesteru 100%, ktor\u00fd mo\u017eno pra\u0165 v pr\u00e1\u010dke, n\u00e1\u0161 vlastn\u00fd proces potla\u010de text\u00edli\u00ed zais\u0165uje, \u017ee dizajn zostane \u017eiv\u00fd aj po viacn\u00e1sobnom pran\u00ed a za ka\u017ed\u00e9ho po\u010dasia. Na\u0161a tla\u010d pou\u017e\u00edva ekologick\u00e9 rozp\u00fa\u0161\u0165adl\u00e1, \u00faplne pr\u00edrodn\u00e9 biologicky odb\u00farate\u013en\u00e9 rozp\u00fa\u0161\u0165adl\u00e1 pre bezpe\u010dnej\u0161\u00ed a menej n\u00e1ro\u010dn\u00fd proces. \u013dahk\u00fd, ale pevn\u00fd hlin\u00edkov\u00fd r\u00e1m podporuje tkaninu a dod\u00e1va sa so zacvak\u00e1vac\u00edmi trubicami pre jednoduch\u00e9 nastavenie bez ak\u00e9hoko\u013evek n\u00e1radia. Stojan je nastavite\u013en\u00fd na po\u017eadovan\u00fa ve\u013ekos\u0165 a je dod\u00e1van\u00fd s prenosn\u00fdm rolovac\u00edm pevn\u00fdm puzdrom. Doprava je bezplatn\u00e1 a trv\u00e1 4-5 pracovn\u00fdch dn\u00ed.<\/p>\n<div style=\"width: 1290px;\" class=\"wp-video\"><!--[if lt IE 9]><script>document.createElement('video');<\/script><![endif]--><br \/>\n<video class=\"wp-video-shortcode\" id=\"video-965-1\" width=\"1290\" height=\"726\" loop autoplay preload=\"metadata\" controls=\"controls\"><source type=\"video\/mp4\" src=\"http:\/\/cmykprinted.com\/wp-content\/uploads\/2023\/02\/Straight-Tension-Fabric-Backdrop.mp4?_=1\" \/><a href=\"http:\/\/cmykprinted.com\/wp-content\/uploads\/2023\/02\/Straight-Tension-Fabric-Backdrop.mp4\">http:\/\/cmykprinted.com\/wp-content\/uploads\/2023\/02\/Straight-Tension-Fabric-Backdrop.mp4<\/a><\/video><\/div>","protected":false},"featured_media":966,"template":"","meta":{"_kad_post_transparent":"default","_kad_post_title":"hide","_kad_post_layout":"fullwidth","_kad_post_sidebar_id":"","_kad_post_content_style":"unboxed","_kad_post_vertical_padding":"hide","_kad_post_feature":"hide","_kad_post_feature_position":"","_kad_post_header":false,"_kad_post_footer":false},"product_cat":[97,100],"product_tag":[274,196,197,198],"class_list":{"0":"post-965","1":"product","2":"type-product","3":"status-publish","4":"has-post-thumbnail","6":"product_cat-tension-fabric-displays","7":"product_cat-straight-tension-fabric-backdrop","8":"product_tag-events-media-wall","9":"product_tag-straight-tension-fabric-backdrop","10":"product_tag-tension-fabric-backdrop","11":"product_tag-tension-fabric-media-wall","13":"first","14":"instock","15":"shipping-taxable","16":"product-type-simple","17":"entry","18":"content-bg","19":"loop-entry"},"_links":{"self":[{"href":"https:\/\/cmykprinted.com\/sk_sk\/wp-json\/wp\/v2\/product\/965","targetHints":{"allow":["GET"]}}],"collection":[{"href":"https:\/\/cmykprinted.com\/sk_sk\/wp-json\/wp\/v2\/product"}],"about":[{"href":"https:\/\/cmykprinted.com\/sk_sk\/wp-json\/wp\/v2\/types\/product"}],"version-history":[{"count":2,"href":"https:\/\/cmykprinted.com\/sk_sk\/wp-json\/wp\/v2\/product\/965\/revisions"}],"predecessor-version":[{"id":975,"href":"https:\/\/cmykprinted.com\/sk_sk\/wp-json\/wp\/v2\/product\/965\/revisions\/975"}],"wp:featuredmedia":[{"embeddable":true,"href":"https:\/\/cmykprinted.com\/sk_sk\/wp-json\/wp\/v2\/media\/966"}],"wp:attachment":[{"href":"https:\/\/cmykprinted.com\/sk_sk\/wp-json\/wp\/v2\/media?parent=965"}],"wp:term":[{"taxonomy":"product_cat","embeddable":true,"href":"https:\/\/cmykprinted.com\/sk_sk\/wp-json\/wp\/v2\/product_cat?post=965"},{"taxonomy":"product_tag","embeddable":true,"href":"https:\/\/cmykprinted.com\/sk_sk\/wp-json\/wp\/v2\/product_tag?post=965"}],"curies":[{"name":"wp","href":"https:\/\/api.w.org\/{rel}","templated":true}]}}