{"id":976,"date":"2023-02-11T03:41:11","date_gmt":"2023-02-11T03:41:11","guid":{"rendered":"https:\/\/cmykprinted.com\/?post_type=product&#038;p=976"},"modified":"2023-02-11T03:46:13","modified_gmt":"2023-02-11T03:46:13","slug":"double-sided-feather-flags-with-free-design-at-cheap-price","status":"publish","type":"product","link":"https:\/\/cmykprinted.com\/sk_sk\/produkt\/double-sided-feather-flags-with-free-design-at-cheap-price\/","title":{"rendered":"Obojstrann\u00e9 vlajky z peria s bezplatn\u00fdm dizajnom za n\u00edzku cenu"},"content":{"rendered":"","protected":false},"excerpt":{"rendered":"<p>Obojstrann\u00e9 pierkov\u00e9 vlajky s\u00fa \u0161iroko vyu\u017e\u00edvanou mo\u017enos\u0165ou pre spolo\u010dnosti a organiz\u00e1cie, ktor\u00e9 h\u013eadaj\u00fa pohodln\u00fa met\u00f3du propag\u00e1cie svojej zna\u010dky alebo spr\u00e1vy. S jednoduch\u00fdm nastaven\u00edm a mo\u017enos\u0165ou umiestnenia na ak\u00e9ko\u013evek miesto pon\u00fakaj\u00fa praktick\u00e9 rie\u0161enie. Sto\u017eiar pierkovej pl\u00e1\u017eovej vlajky je vyroben\u00fd z pevn\u00fdch materi\u00e1lov, ako je hlin\u00edk a sklolamin\u00e1t, \u010do jej umo\u017e\u0148uje udr\u017ea\u0165 si svoj tvar aj vo vetern\u00fdch podmienkach a nepriaznivom po\u010das\u00ed. Vlajka je vytla\u010den\u00e1 na kvalitn\u00fa polyesterov\u00fa tkaninu 115 g\/m2, ktor\u00e1 pon\u00faka na rubovej strane odraz takmer 100%, \u010do zaru\u010duje, \u017ee vlajka je dobre vidite\u013en\u00e1 a \u010ditate\u013en\u00e1 aj z dia\u013eky.<br \/>\nOkrem spo\u013eahlivosti a vidite\u013enosti sa pierkov\u00e9 pl\u00e1\u017eov\u00e9 vlajky tie\u017e \u013eahko prepravuj\u00fa a zaberaj\u00fa minim\u00e1lny priestor. Daj\u00fa sa bez n\u00e1mahy pres\u00fava\u0165 z jedn\u00e9ho miesta na druh\u00e9 a pomocou r\u00f4znych mo\u017enost\u00ed z\u00e1kladne sa daj\u00fa postavi\u0165 na ak\u00fdko\u013evek povrch.<br \/>\nNa z\u00e1ver, pierkov\u00e9 pl\u00e1\u017eov\u00e9 vlajky s\u00fa flexibiln\u00fdm a efekt\u00edvnym sp\u00f4sobom, ako prezentova\u0165 va\u0161u zna\u010dku alebo posolstvo. V\u010faka jednoduchej mont\u00e1\u017ei, pevnosti a vynikaj\u00facej vidite\u013enosti s\u00fa vynikaj\u00facou vo\u013ebou pre ka\u017ed\u00fa firmu alebo organiz\u00e1ciu, ktor\u00e1 chce up\u00fata\u0165 pozornos\u0165.<\/p>\n<div style=\"width: 1280px;\" class=\"wp-video\"><!--[if lt IE 9]><script>document.createElement('video');<\/script><![endif]--><br \/>\n<video class=\"wp-video-shortcode\" id=\"video-976-1\" width=\"1280\" height=\"720\" loop autoplay preload=\"metadata\" controls=\"controls\"><source type=\"video\/mp4\" src=\"http:\/\/cmykprinted.com\/wp-content\/uploads\/2022\/12\/Feather-beach-flags.mp4?_=1\" \/><a href=\"http:\/\/cmykprinted.com\/wp-content\/uploads\/2022\/12\/Feather-beach-flags.mp4\">http:\/\/cmykprinted.com\/wp-content\/uploads\/2022\/12\/Feather-beach-flags.mp4<\/a><\/video><\/div>","protected":false},"featured_media":977,"template":"","meta":{"_kad_post_transparent":"default","_kad_post_title":"hide","_kad_post_layout":"fullwidth","_kad_post_sidebar_id":"","_kad_post_content_style":"unboxed","_kad_post_vertical_padding":"hide","_kad_post_feature":"hide","_kad_post_feature_position":"","_kad_post_header":false,"_kad_post_footer":false},"product_cat":[64,65],"product_tag":[278,275,276,277],"class_list":{"0":"post-976","1":"product","2":"type-product","3":"status-publish","4":"has-post-thumbnail","6":"product_cat-beach-flags","7":"product_cat-feather-flags-banners","8":"product_tag-cheap-feather-flags","9":"product_tag-double-sided-feather-flags","10":"product_tag-feather-flags","11":"product_tag-free-design-feather-flags","13":"first","14":"instock","15":"shipping-taxable","16":"product-type-simple","17":"entry","18":"content-bg","19":"loop-entry"},"_links":{"self":[{"href":"https:\/\/cmykprinted.com\/sk_sk\/wp-json\/wp\/v2\/product\/976","targetHints":{"allow":["GET"]}}],"collection":[{"href":"https:\/\/cmykprinted.com\/sk_sk\/wp-json\/wp\/v2\/product"}],"about":[{"href":"https:\/\/cmykprinted.com\/sk_sk\/wp-json\/wp\/v2\/types\/product"}],"version-history":[{"count":2,"href":"https:\/\/cmykprinted.com\/sk_sk\/wp-json\/wp\/v2\/product\/976\/revisions"}],"predecessor-version":[{"id":983,"href":"https:\/\/cmykprinted.com\/sk_sk\/wp-json\/wp\/v2\/product\/976\/revisions\/983"}],"wp:featuredmedia":[{"embeddable":true,"href":"https:\/\/cmykprinted.com\/sk_sk\/wp-json\/wp\/v2\/media\/977"}],"wp:attachment":[{"href":"https:\/\/cmykprinted.com\/sk_sk\/wp-json\/wp\/v2\/media?parent=976"}],"wp:term":[{"taxonomy":"product_cat","embeddable":true,"href":"https:\/\/cmykprinted.com\/sk_sk\/wp-json\/wp\/v2\/product_cat?post=976"},{"taxonomy":"product_tag","embeddable":true,"href":"https:\/\/cmykprinted.com\/sk_sk\/wp-json\/wp\/v2\/product_tag?post=976"}],"curies":[{"name":"wp","href":"https:\/\/api.w.org\/{rel}","templated":true}]}}