{"id":984,"date":"2023-02-11T03:57:42","date_gmt":"2023-02-11T03:57:42","guid":{"rendered":"https:\/\/cmykprinted.com\/?post_type=product&#038;p=984"},"modified":"2023-02-11T04:04:18","modified_gmt":"2023-02-11T04:04:18","slug":"10x15ft-50mm-hexagonal-pop-up-canopy-tent-aluminum-frame","status":"publish","type":"product","link":"https:\/\/cmykprinted.com\/sk_sk\/produkt\/10x15ft-50mm-hexagonal-pop-up-canopy-tent-aluminum-frame\/","title":{"rendered":"10X15FT 50mm \u0161es\u0165uholn\u00edkov\u00fd vyskakovac\u00ed stan s hlin\u00edkov\u00fdm r\u00e1mom"},"content":{"rendered":"","protected":false},"excerpt":{"rendered":"<p>50 mm \u0161es\u0165hrann\u00e1 vys\u00favacia strie\u0161ka s hlin\u00edkov\u00fdm r\u00e1mom je ide\u00e1lna na to, aby va\u0161a strie\u0161ka vynikla na st\u00e1nku na trhu alebo na ve\u013etrhu. R\u00e1m sa m\u00f4\u017ee pochv\u00e1li\u0165 p\u00f4sobiv\u00fdmi \u0161pecifik\u00e1ciami, vr\u00e1tane \u0161es\u0165hrannej hlin\u00edkovej vonkaj\u0161ej nohy s rozmermi 50 x 50 mm a hr\u00fabkou 1,8 mm. M\u00e1 tie\u017e p\u00e4\u0165 v\u00fd\u0161kov\u00fdch pol\u00f4h s intervalom 7,5 cm a je pevn\u00fd a stabiln\u00fd pre dlhodob\u00e9 pou\u017e\u00edvanie.<br \/>\nNastavenie a zlo\u017eenie strie\u0161ky je r\u00fdchle a jednoduch\u00e9 v\u010faka skladaciemu hlin\u00edkov\u00e9mu r\u00e1mu a absencii vo\u013en\u00fdch \u010dast\u00ed. Nastavenie n\u00f4h tla\u010didlom a nadrozmern\u00e9, \u013eahko uchopite\u013en\u00e9 \u0165a\u017en\u00e9 kol\u00edky v horn\u00fdch rohoch robia nastavenie a rozlo\u017eenie hra\u010dkou bez potreby ak\u00e9hoko\u013evek n\u00e1radia.<br \/>\nBalenie obsahuje komer\u010dne dostupn\u00fd hlin\u00edkov\u00fd r\u00e1m pr\u00edstre\u0161ku a m\u00f4\u017ee ho postavi\u0165 a zlo\u017ei\u0165 jedna alebo dve osoby za p\u00e1r min\u00fat bez ak\u00e9hoko\u013evek n\u00e1radia. Dod\u00e1va sa s 1-ro\u010dnou z\u00e1rukou a do\u017eivotnou dod\u00e1vkou pr\u00edslu\u0161enstva a dielov. Ak potrebujete urobi\u0165 z\u00e1kazkov\u00fa pr\u00e1cu, nev\u00e1hajte n\u00e1s kontaktova\u0165. Garantujeme spokojnos\u0165 100% a budeme pracova\u0165 na vyrie\u0161en\u00ed ak\u00fdchko\u013evek probl\u00e9mov, ktor\u00e9 m\u00f4\u017eete ma\u0165.<br \/>\nTento baldach\u00fdn je vhodn\u00fd na r\u00f4zne vonkaj\u0161ie akcie, vr\u00e1tane ve\u010dierkov, obchodn\u00fdch v\u00fdstav, \u0161portu, piknikov, grilova\u010diek a pod. M\u00f4\u017ee by\u0165 pou\u017eit\u00fd v komer\u010dn\u00fdch priestoroch, na pl\u00e1\u017each, ihrisk\u00e1ch, dvoroch, z\u00e1hrad\u00e1ch, farm\u00e1ch a in\u00fdch vonkaj\u0161\u00edch prostrediach, ako aj vo vn\u00fatorn\u00fdch priestoroch, ako s\u00fa ve\u013ek\u00e9 telocvi\u010dne. V\u010faka \u0161pi\u010dkovej kvalite si m\u00f4\u017eete by\u0165 ist\u00ed jeho dlhou \u017eivotnos\u0165ou a odolnos\u0165ou. Ak m\u00e1te po\u010das prv\u00e9ho roka nejak\u00e9 probl\u00e9my s kvalitou, nev\u00e1hajte n\u00e1s kontaktova\u0165. Na\u0161a z\u00e1ruka spokojnosti 100% zaru\u010duje, \u017ee budeme pracova\u0165 na vyrie\u0161en\u00ed ak\u00fdchko\u013evek probl\u00e9mov, ktor\u00e9 m\u00f4\u017eete ma\u0165.<\/p>\n<div style=\"width: 1280px;\" class=\"wp-video\"><!--[if lt IE 9]><script>document.createElement('video');<\/script><![endif]--><br \/>\n<video class=\"wp-video-shortcode\" id=\"video-984-1\" width=\"1280\" height=\"720\" loop autoplay preload=\"auto\" controls=\"controls\"><source type=\"video\/mp4\" src=\"http:\/\/cmykprinted.com\/wp-content\/uploads\/2022\/12\/10x15ft-Pop-up-Tent.mp4?_=1\" \/><a href=\"http:\/\/cmykprinted.com\/wp-content\/uploads\/2022\/12\/10x15ft-Pop-up-Tent.mp4\">http:\/\/cmykprinted.com\/wp-content\/uploads\/2022\/12\/10x15ft-Pop-up-Tent.mp4<\/a><\/video><\/div>","protected":false},"featured_media":985,"template":"","meta":{"_kad_post_transparent":"default","_kad_post_title":"hide","_kad_post_layout":"fullwidth","_kad_post_sidebar_id":"","_kad_post_content_style":"unboxed","_kad_post_vertical_padding":"hide","_kad_post_feature":"hide","_kad_post_feature_position":"","_kad_post_header":false,"_kad_post_footer":false},"product_cat":[68,76,74],"product_tag":[279,282,281,280],"class_list":{"0":"post-984","1":"product","2":"type-product","3":"status-publish","4":"has-post-thumbnail","6":"product_cat-custom-canopy-tents","7":"product_cat-10x15ft-pop-up-tents-50mm-heavy-duty-hexagon-aluminum-tents-custom-canopy-tents","8":"product_cat-50mm-heavy-duty-hexagon-aluminum-tents","9":"product_tag-10x15ft-hexagonal-pop-up-canopy-tent","10":"product_tag-50mm-hexagonal-pop-up-canopy","11":"product_tag-aluminum-frame-pop-up-canopy-tent","12":"product_tag-hexagonal-pop-up-canopy-tent","14":"first","15":"instock","16":"shipping-taxable","17":"product-type-simple","18":"entry","19":"content-bg","20":"loop-entry"},"_links":{"self":[{"href":"https:\/\/cmykprinted.com\/sk_sk\/wp-json\/wp\/v2\/product\/984","targetHints":{"allow":["GET"]}}],"collection":[{"href":"https:\/\/cmykprinted.com\/sk_sk\/wp-json\/wp\/v2\/product"}],"about":[{"href":"https:\/\/cmykprinted.com\/sk_sk\/wp-json\/wp\/v2\/types\/product"}],"version-history":[{"count":2,"href":"https:\/\/cmykprinted.com\/sk_sk\/wp-json\/wp\/v2\/product\/984\/revisions"}],"predecessor-version":[{"id":992,"href":"https:\/\/cmykprinted.com\/sk_sk\/wp-json\/wp\/v2\/product\/984\/revisions\/992"}],"wp:featuredmedia":[{"embeddable":true,"href":"https:\/\/cmykprinted.com\/sk_sk\/wp-json\/wp\/v2\/media\/985"}],"wp:attachment":[{"href":"https:\/\/cmykprinted.com\/sk_sk\/wp-json\/wp\/v2\/media?parent=984"}],"wp:term":[{"taxonomy":"product_cat","embeddable":true,"href":"https:\/\/cmykprinted.com\/sk_sk\/wp-json\/wp\/v2\/product_cat?post=984"},{"taxonomy":"product_tag","embeddable":true,"href":"https:\/\/cmykprinted.com\/sk_sk\/wp-json\/wp\/v2\/product_tag?post=984"}],"curies":[{"name":"wp","href":"https:\/\/api.w.org\/{rel}","templated":true}]}}