{"id":993,"date":"2023-02-11T08:06:52","date_gmt":"2023-02-11T08:06:52","guid":{"rendered":"https:\/\/cmykprinted.com\/?post_type=product&#038;p=993"},"modified":"2023-02-11T08:14:57","modified_gmt":"2023-02-11T08:14:57","slug":"wall-mounted-shop-front-flagpole-end-sign-shop-front-flags","status":"publish","type":"product","link":"https:\/\/cmykprinted.com\/sk_sk\/produkt\/wall-mounted-shop-front-flagpole-end-sign-shop-front-flags\/","title":{"rendered":"N\u00e1stenn\u00e1 predn\u00e1 vlajkov\u00e1 sto\u017eiara na konci predajne Predn\u00e1 zna\u010dka predajne"},"content":{"rendered":"","protected":false},"excerpt":{"rendered":"<p>Sto\u017eiar na vlajku pred obchodom je ur\u010den\u00fd na umiestnenie vlajok r\u00f4znych ve\u013ekost\u00ed a tvarov. Jeho robustn\u00e1 kon\u0161trukcia a jednoduch\u00e9 nastavenie z neho robia ob\u013e\u00faben\u00fa vo\u013ebu pre t\u00fdch, ktor\u00ed chc\u00fa hrdo vystavova\u0165 svoje vlajky. Palica je predkonfigurovan\u00e1 tak, aby lietala s vlajkou USA 3 \u2032 x 5 \u2032, \u010do je \u0161tandardn\u00e1 ve\u013ekos\u0165 pre v\u00e4\u010d\u0161inu obytn\u00fdch a komer\u010dn\u00fdch nehnute\u013enost\u00ed. Ak si v\u0161ak prajete zmeni\u0165 vlajku na in\u00fa ve\u013ekos\u0165, je to jednoduch\u00fd a priamo\u010diary proces, ktor\u00fd je mo\u017en\u00e9 dokon\u010di\u0165 v priebehu nieko\u013ek\u00fdch min\u00fat.<\/p>","protected":false},"featured_media":994,"template":"","meta":{"_kad_post_transparent":"default","_kad_post_title":"hide","_kad_post_layout":"fullwidth","_kad_post_sidebar_id":"","_kad_post_content_style":"unboxed","_kad_post_vertical_padding":"hide","_kad_post_feature":"hide","_kad_post_feature_position":"","_kad_post_header":false,"_kad_post_footer":false},"product_cat":[79],"product_tag":[213,283,285,284,286],"class_list":{"0":"post-993","1":"product","2":"type-product","3":"status-publish","4":"has-post-thumbnail","6":"product_cat-custom-flags","7":"product_tag-end-sign-flags","8":"product_tag-shop-front-flagpole","9":"product_tag-small-wall-flags","10":"product_tag-wall-mounted-flags","11":"product_tag-window-mounted-flags-signs","13":"first","14":"instock","15":"shipping-taxable","16":"product-type-simple","17":"entry","18":"content-bg","19":"loop-entry"},"_links":{"self":[{"href":"https:\/\/cmykprinted.com\/sk_sk\/wp-json\/wp\/v2\/product\/993","targetHints":{"allow":["GET"]}}],"collection":[{"href":"https:\/\/cmykprinted.com\/sk_sk\/wp-json\/wp\/v2\/product"}],"about":[{"href":"https:\/\/cmykprinted.com\/sk_sk\/wp-json\/wp\/v2\/types\/product"}],"version-history":[{"count":1,"href":"https:\/\/cmykprinted.com\/sk_sk\/wp-json\/wp\/v2\/product\/993\/revisions"}],"predecessor-version":[{"id":999,"href":"https:\/\/cmykprinted.com\/sk_sk\/wp-json\/wp\/v2\/product\/993\/revisions\/999"}],"wp:featuredmedia":[{"embeddable":true,"href":"https:\/\/cmykprinted.com\/sk_sk\/wp-json\/wp\/v2\/media\/994"}],"wp:attachment":[{"href":"https:\/\/cmykprinted.com\/sk_sk\/wp-json\/wp\/v2\/media?parent=993"}],"wp:term":[{"taxonomy":"product_cat","embeddable":true,"href":"https:\/\/cmykprinted.com\/sk_sk\/wp-json\/wp\/v2\/product_cat?post=993"},{"taxonomy":"product_tag","embeddable":true,"href":"https:\/\/cmykprinted.com\/sk_sk\/wp-json\/wp\/v2\/product_tag?post=993"}],"curies":[{"name":"wp","href":"https:\/\/api.w.org\/{rel}","templated":true}]}}