{"id":1000,"date":"2023-02-12T10:41:09","date_gmt":"2023-02-12T10:41:09","guid":{"rendered":"https:\/\/cmykprinted.com\/?post_type=product&#038;p=1000"},"modified":"2023-02-12T10:46:25","modified_gmt":"2023-02-12T10:46:25","slug":"logo-printed-premium-full-color-trade-show-table-throw","status":"publish","type":"product","link":"https:\/\/cmykprinted.com\/sl\/izdelek\/logo-printed-premium-full-color-trade-show-table-throw\/","title":{"rendered":"Natisnjen logotip Premium v \u200b\u200bpolnih barvah za sejemsko mizo"},"content":{"rendered":"","protected":false},"excerpt":{"rendered":"<p>V na\u0161em podjetju smo predani zagotavljanju visokokakovostnih in cenovno dostopnih sejemskih miz za podjetja in organizacije vseh velikosti. Zavedamo se, kako pomembno je narediti mo\u010dan vtis na sejmih in razstavah, zato smo predani temu, da na\u0161im strankam pomagamo pri tem. Na\u0161a ekipa profesionalnih tiskarjev uporablja popoln postopek sublimacije barvila, da zagotovi, da so na\u0161i namizni elementi \u017eivahni, privla\u010dni in popolnoma prilagodljivi. Ne glede na to, ali potrebujete namizno pregrinjalo za sejem, namizni prt za posebno razstavo ali katero koli drugo vrsto pogrinjala, imamo izdelke, ki jih potrebujete, s hitrostjo, ki jo potrebujete.<br \/>\nNa\u0161a tovarna ponuja \u0161iroko paleto koler za sejemske mize, vklju\u010dno z raztegljivimi prevlekami, 3- in 4-stranskimi prevlekami, teka\u010di in \u0161e veliko ve\u010d. Nudimo celo mizne mize, ki so oblikovane tako, da dopolnjujejo barvno shemo va\u0161ega podjetja ali organizacije. In \u010de nimate logotipa, to ni problem! Za vas lahko izdelamo dizajn po meri, ki bo pomagal promovirati va\u0161o blagovno znamko in privabiti nove stranke.<br \/>\nPonujamo 24-urni rok za izvedbo vseh na\u0161ih sejemskih miz, s \u010dimer zagotavljamo, da lahko dobite izdelke, ki jih potrebujete, ko jih potrebujete. In za dodatno udobje, vse na\u0161e izdelke po\u0161ljemo naslednji delovni dan po nakupu. Ne glede na to, ali potrebujete eno mizo ali veliko naro\u010dilo za prihajajo\u010di dogodek, imamo izdelke in storitve, ki jih potrebujete za uspeh.<\/p>","protected":false},"featured_media":1001,"template":"","meta":{"_kad_post_transparent":"default","_kad_post_title":"hide","_kad_post_layout":"fullwidth","_kad_post_sidebar_id":"","_kad_post_content_style":"unboxed","_kad_post_vertical_padding":"hide","_kad_post_feature":"hide","_kad_post_feature_position":"","_kad_post_header":false,"_kad_post_footer":false},"product_cat":[80,84],"product_tag":[218,216,217],"class_list":{"0":"post-1000","1":"product","2":"type-product","3":"status-publish","4":"has-post-thumbnail","6":"product_cat-custom-tablecloth","7":"product_cat-trade-show-table-throw","8":"product_tag-custom-table-throw","9":"product_tag-trade-show-table-throw","10":"product_tag-tradeshow-table-throw","12":"first","13":"instock","14":"shipping-taxable","15":"product-type-simple","16":"entry","17":"content-bg","18":"loop-entry"},"_links":{"self":[{"href":"https:\/\/cmykprinted.com\/sl\/wp-json\/wp\/v2\/product\/1000","targetHints":{"allow":["GET"]}}],"collection":[{"href":"https:\/\/cmykprinted.com\/sl\/wp-json\/wp\/v2\/product"}],"about":[{"href":"https:\/\/cmykprinted.com\/sl\/wp-json\/wp\/v2\/types\/product"}],"version-history":[{"count":1,"href":"https:\/\/cmykprinted.com\/sl\/wp-json\/wp\/v2\/product\/1000\/revisions"}],"predecessor-version":[{"id":1007,"href":"https:\/\/cmykprinted.com\/sl\/wp-json\/wp\/v2\/product\/1000\/revisions\/1007"}],"wp:featuredmedia":[{"embeddable":true,"href":"https:\/\/cmykprinted.com\/sl\/wp-json\/wp\/v2\/media\/1001"}],"wp:attachment":[{"href":"https:\/\/cmykprinted.com\/sl\/wp-json\/wp\/v2\/media?parent=1000"}],"wp:term":[{"taxonomy":"product_cat","embeddable":true,"href":"https:\/\/cmykprinted.com\/sl\/wp-json\/wp\/v2\/product_cat?post=1000"},{"taxonomy":"product_tag","embeddable":true,"href":"https:\/\/cmykprinted.com\/sl\/wp-json\/wp\/v2\/product_tag?post=1000"}],"curies":[{"name":"wp","href":"https:\/\/api.w.org\/{rel}","templated":true}]}}