{"id":1016,"date":"2023-02-12T14:30:04","date_gmt":"2023-02-12T14:30:04","guid":{"rendered":"https:\/\/cmykprinted.com\/?post_type=product&#038;p=1016"},"modified":"2023-02-12T14:40:07","modified_gmt":"2023-02-12T14:40:07","slug":"personalized-triangle-pop-up-banners-a-frame-stand-display","status":"publish","type":"product","link":"https:\/\/cmykprinted.com\/sl\/izdelek\/personalized-triangle-pop-up-banners-a-frame-stand-display\/","title":{"rendered":"Personalizirani trikotni izsko\u010dni transparenti A-okvir na stojalu"},"content":{"rendered":"","protected":false},"excerpt":{"rendered":"<p>Trikotne pojavne pasice so najbolj\u0161a re\u0161itev za promocijo va\u0161e blagovne znamke ali podjetja na eleganten in u\u010dinkovit na\u010din. Z zasnovo, ki omogo\u010da enostavno namestitev in razstavljanje, so ti transparenti idealni za sejme, dogodke in konference. Izdelani so iz lahke in trpe\u017ene tkanine barve breskve, prilo\u017eeni pa so priro\u010dni torbi za shranjevanje in prena\u0161anje.<br \/>\nNe samo, da so priro\u010dni za uporabo, ampak bodo zagotovo pritegnili pozornost va\u0161e ciljne publike. Ne glede na to, ali gre za predstavitev novega izdelka, prodajo ali prihajajo\u010di dogodek, bodo te pasice pritegnile zanimanje in ustvarile trajen u\u010dinek. Uporabljajo se lahko v zaprtih prostorih ali na prostem in jih je enostavno sestaviti z vzmetnim kovinskim jeklom in strojno opremo za zati\u010de.<br \/>\nIzbolj\u0161ajte svoje poslovno ogla\u0161evanje s trikotno pojavno pasico. Obse\u017een priro\u010dnik za namestitev vam nudi vsa potrebna orodja za nastavitev in odstranitev va\u0161ega transparenta brez truda. Investirajte v pojavno pasico \u0161e danes in na naslednjem dogodku ali konferenci podajte drzno izjavo.<\/p>\n<div style=\"width: 1280px;\" class=\"wp-video\"><!--[if lt IE 9]><script>document.createElement('video');<\/script><![endif]--><br \/>\n<video class=\"wp-video-shortcode\" id=\"video-1016-1\" width=\"1280\" height=\"720\" loop autoplay preload=\"metadata\" controls=\"controls\"><source type=\"video\/mp4\" src=\"http:\/\/cmykprinted.com\/wp-content\/uploads\/2022\/12\/Triangle-Pop-Up-Banners.mp4?_=1\" \/><a href=\"http:\/\/cmykprinted.com\/wp-content\/uploads\/2022\/12\/Triangle-Pop-Up-Banners.mp4\">http:\/\/cmykprinted.com\/wp-content\/uploads\/2022\/12\/Triangle-Pop-Up-Banners.mp4<\/a><\/video><\/div>","protected":false},"featured_media":1017,"template":"","meta":{"_kad_post_transparent":"default","_kad_post_title":"hide","_kad_post_layout":"fullwidth","_kad_post_sidebar_id":"","_kad_post_content_style":"unboxed","_kad_post_vertical_padding":"hide","_kad_post_feature":"hide","_kad_post_feature_position":"","_kad_post_header":false,"_kad_post_footer":false},"product_cat":[92,95],"product_tag":[292,293,166,291],"class_list":{"0":"post-1016","1":"product","2":"type-product","3":"status-publish","4":"has-post-thumbnail","6":"product_cat-pop-up-banners","7":"product_cat-triangle-pop-up-banners","8":"product_tag-a-frame-stand-display","9":"product_tag-personalized-pop-up-banners","10":"product_tag-pop-up-banners","11":"product_tag-triangle-pop-up-banners","13":"first","14":"instock","15":"shipping-taxable","16":"product-type-simple","17":"entry","18":"content-bg","19":"loop-entry"},"_links":{"self":[{"href":"https:\/\/cmykprinted.com\/sl\/wp-json\/wp\/v2\/product\/1016","targetHints":{"allow":["GET"]}}],"collection":[{"href":"https:\/\/cmykprinted.com\/sl\/wp-json\/wp\/v2\/product"}],"about":[{"href":"https:\/\/cmykprinted.com\/sl\/wp-json\/wp\/v2\/types\/product"}],"version-history":[{"count":2,"href":"https:\/\/cmykprinted.com\/sl\/wp-json\/wp\/v2\/product\/1016\/revisions"}],"predecessor-version":[{"id":1024,"href":"https:\/\/cmykprinted.com\/sl\/wp-json\/wp\/v2\/product\/1016\/revisions\/1024"}],"wp:featuredmedia":[{"embeddable":true,"href":"https:\/\/cmykprinted.com\/sl\/wp-json\/wp\/v2\/media\/1017"}],"wp:attachment":[{"href":"https:\/\/cmykprinted.com\/sl\/wp-json\/wp\/v2\/media?parent=1016"}],"wp:term":[{"taxonomy":"product_cat","embeddable":true,"href":"https:\/\/cmykprinted.com\/sl\/wp-json\/wp\/v2\/product_cat?post=1016"},{"taxonomy":"product_tag","embeddable":true,"href":"https:\/\/cmykprinted.com\/sl\/wp-json\/wp\/v2\/product_tag?post=1016"}],"curies":[{"name":"wp","href":"https:\/\/api.w.org\/{rel}","templated":true}]}}