{"id":1025,"date":"2023-02-12T15:07:24","date_gmt":"2023-02-12T15:07:24","guid":{"rendered":"https:\/\/cmykprinted.com\/?post_type=product&#038;p=1025"},"modified":"2023-02-12T15:13:19","modified_gmt":"2023-02-12T15:13:19","slug":"exhibition-curved-tension-fabric-pop-up-displays-with-frame","status":"publish","type":"product","link":"https:\/\/cmykprinted.com\/sl\/izdelek\/exhibition-curved-tension-fabric-pop-up-displays-with-frame\/","title":{"rendered":"Razstavni ukrivljeni napenjalni tkaninski pop-up zasloni z okvirjem"},"content":{"rendered":"","protected":false},"excerpt":{"rendered":"<p>Ukrivljeno stojalo iz tkanine je izjemna mo\u017enost za ustvarjanje vizualno osupljivega zaslona. Vsebuje eno sliko visoke lo\u010dljivosti brez vidnih spojnih linij. Monta\u017ea je enostavna \u2013 lahek aluminijast okvir preprosto spnite in nanj napnite potiskano blago. Ko ga nehate uporabljati, ga preprosto snemite, zlo\u017eite in shranite v torbico za la\u017eji transport. Ta stojala so veliko bolj priro\u010dna za shranjevanje in transport v primerjavi s tradicionalnimi dvignjenimi razstavnimi stojali. Poleg tega, da so priljubljena izbira za konference in dogodke, izdelujejo tudi odli\u010dna fotografska ozadja in ozadja za odre. Tkanina je standardno obojestransko potiskana, kar vam daje ve\u010d prostora za va\u0161a sporo\u010dila. Preprosto je tudi tiskanje alternativnih naslovnic za razli\u010dne dogodke.<\/p>","protected":false},"featured_media":1026,"template":"","meta":{"_kad_post_transparent":"default","_kad_post_title":"hide","_kad_post_layout":"fullwidth","_kad_post_sidebar_id":"","_kad_post_content_style":"unboxed","_kad_post_vertical_padding":"hide","_kad_post_feature":"hide","_kad_post_feature_position":"","_kad_post_header":false,"_kad_post_footer":false},"product_cat":[97,98],"product_tag":[168,296,295,294,134],"class_list":{"0":"post-1025","1":"product","2":"type-product","3":"status-publish","4":"has-post-thumbnail","6":"product_cat-tension-fabric-displays","7":"product_cat-curved-tension-fabric-pop-up-displays","8":"product_tag-curved-tension-fabric-pop-up-displays","9":"product_tag-fabric-pop-up-curved-displays","10":"product_tag-fabric-pop-up-display","11":"product_tag-fabric-pop-up-displays","12":"product_tag-tension-fabric-displays","14":"first","15":"instock","16":"shipping-taxable","17":"product-type-simple","18":"entry","19":"content-bg","20":"loop-entry"},"_links":{"self":[{"href":"https:\/\/cmykprinted.com\/sl\/wp-json\/wp\/v2\/product\/1025","targetHints":{"allow":["GET"]}}],"collection":[{"href":"https:\/\/cmykprinted.com\/sl\/wp-json\/wp\/v2\/product"}],"about":[{"href":"https:\/\/cmykprinted.com\/sl\/wp-json\/wp\/v2\/types\/product"}],"version-history":[{"count":1,"href":"https:\/\/cmykprinted.com\/sl\/wp-json\/wp\/v2\/product\/1025\/revisions"}],"predecessor-version":[{"id":1032,"href":"https:\/\/cmykprinted.com\/sl\/wp-json\/wp\/v2\/product\/1025\/revisions\/1032"}],"wp:featuredmedia":[{"embeddable":true,"href":"https:\/\/cmykprinted.com\/sl\/wp-json\/wp\/v2\/media\/1026"}],"wp:attachment":[{"href":"https:\/\/cmykprinted.com\/sl\/wp-json\/wp\/v2\/media?parent=1025"}],"wp:term":[{"taxonomy":"product_cat","embeddable":true,"href":"https:\/\/cmykprinted.com\/sl\/wp-json\/wp\/v2\/product_cat?post=1025"},{"taxonomy":"product_tag","embeddable":true,"href":"https:\/\/cmykprinted.com\/sl\/wp-json\/wp\/v2\/product_tag?post=1025"}],"curies":[{"name":"wp","href":"https:\/\/api.w.org\/{rel}","templated":true}]}}