{"id":1034,"date":"2023-02-13T02:28:32","date_gmt":"2023-02-13T02:28:32","guid":{"rendered":"https:\/\/cmykprinted.com\/?post_type=product&#038;p=1034"},"modified":"2023-02-13T02:37:55","modified_gmt":"2023-02-13T02:37:55","slug":"multipurpose-wholesale-3d-custom-metal-transfer-stickers","status":"publish","type":"product","link":"https:\/\/cmykprinted.com\/sl\/izdelek\/multipurpose-wholesale-3d-custom-metal-transfer-stickers\/","title":{"rendered":"Ve\u010dnamenske veleprodajne 3D kovinske nalepke za prenos po meri"},"content":{"rendered":"","protected":false},"excerpt":{"rendered":"<p>Nalepke za kovinski prenos po meri so inovativna re\u0161itev za ozna\u010devanje, ki uporablja trdno folijo iz niklja za ustvarjanje tridimenzionalnega u\u010dinka. Ta edinstven pristop daje nalepkam eleganten in prefinjen videz, saj je odve\u010dni material odstranjen iz dizajna, kar zagotavlja videz &quot;brez etikete&quot;. Te nalepke so idealne za izdelke vi\u0161jega cenovnega razreda ali spletno maloprodajo in so izdelane s tiskanjem dizajna na folijo iz niklja s posebno metodo tiskanja. Po odstranitvi odve\u010dnega materiala so dvignjeni elementi prevle\u010deni s plastjo lepila, zaradi \u010desar so primerni za nana\u0161anje na razli\u010dne povr\u0161ine, vklju\u010dno s plastiko, kovino in papirjem.<br \/>\nTrajnost kovinskih 3D nalepk je ena izmed njenih klju\u010dnih prednosti. Ker je nikelj robusten in proti koroziji odporen material, se te nalepke lahko obrabijo in s\u010dasoma ohranijo svojo kakovost. Prav tako so odporne proti bledenju in razbarvanju, zaradi \u010desar so dolgotrajna re\u0161itev za ozna\u010devanje. Poleg tega tridimenzionalni u\u010dinek teh nalepk doda privla\u010den in zna\u010dilen pridih embala\u017ei ali blagovni znamki va\u0161ega izdelka.<\/p>\n<div style=\"width: 1280px;\" class=\"wp-video\"><!--[if lt IE 9]><script>document.createElement('video');<\/script><![endif]--><br \/>\n<video class=\"wp-video-shortcode\" id=\"video-1034-1\" width=\"1280\" height=\"720\" loop autoplay preload=\"metadata\" controls=\"controls\"><source type=\"video\/mp4\" src=\"http:\/\/cmykprinted.com\/wp-content\/uploads\/2022\/12\/Metal-Transfer-Sticker.mp4?_=1\" \/><a href=\"http:\/\/cmykprinted.com\/wp-content\/uploads\/2022\/12\/Metal-Transfer-Sticker.mp4\">http:\/\/cmykprinted.com\/wp-content\/uploads\/2022\/12\/Metal-Transfer-Sticker.mp4<\/a><\/video><\/div>\n<p>&nbsp;<\/p>","protected":false},"featured_media":1035,"template":"","meta":{"_kad_post_transparent":"default","_kad_post_title":"hide","_kad_post_layout":"fullwidth","_kad_post_sidebar_id":"","_kad_post_content_style":"unboxed","_kad_post_vertical_padding":"hide","_kad_post_feature":"hide","_kad_post_feature_position":"","_kad_post_header":false,"_kad_post_footer":false},"product_cat":[101,102],"product_tag":[299,297,298,300],"class_list":{"0":"post-1034","1":"product","2":"type-product","3":"status-publish","4":"has-post-thumbnail","6":"product_cat-transfer-stickers","7":"product_cat-metal-transfer-stickers","8":"product_tag-3d-metal-transfer-stickers","9":"product_tag-custom-metal-transfer-stickers","10":"product_tag-metal-transfer-stickers","11":"product_tag-wholesale-metal-transfer-stickers","13":"first","14":"instock","15":"shipping-taxable","16":"product-type-simple","17":"entry","18":"content-bg","19":"loop-entry"},"_links":{"self":[{"href":"https:\/\/cmykprinted.com\/sl\/wp-json\/wp\/v2\/product\/1034","targetHints":{"allow":["GET"]}}],"collection":[{"href":"https:\/\/cmykprinted.com\/sl\/wp-json\/wp\/v2\/product"}],"about":[{"href":"https:\/\/cmykprinted.com\/sl\/wp-json\/wp\/v2\/types\/product"}],"version-history":[{"count":2,"href":"https:\/\/cmykprinted.com\/sl\/wp-json\/wp\/v2\/product\/1034\/revisions"}],"predecessor-version":[{"id":1042,"href":"https:\/\/cmykprinted.com\/sl\/wp-json\/wp\/v2\/product\/1034\/revisions\/1042"}],"wp:featuredmedia":[{"embeddable":true,"href":"https:\/\/cmykprinted.com\/sl\/wp-json\/wp\/v2\/media\/1035"}],"wp:attachment":[{"href":"https:\/\/cmykprinted.com\/sl\/wp-json\/wp\/v2\/media?parent=1034"}],"wp:term":[{"taxonomy":"product_cat","embeddable":true,"href":"https:\/\/cmykprinted.com\/sl\/wp-json\/wp\/v2\/product_cat?post=1034"},{"taxonomy":"product_tag","embeddable":true,"href":"https:\/\/cmykprinted.com\/sl\/wp-json\/wp\/v2\/product_tag?post=1034"}],"curies":[{"name":"wp","href":"https:\/\/api.w.org\/{rel}","templated":true}]}}