{"id":1052,"date":"2023-02-13T07:20:10","date_gmt":"2023-02-13T07:20:10","guid":{"rendered":"https:\/\/cmykprinted.com\/?post_type=product&#038;p=1052"},"modified":"2023-02-13T07:26:04","modified_gmt":"2023-02-13T07:26:04","slug":"50mm-hexagonal-aluminum-10x20ft-pop-up-canopies-tents","status":"publish","type":"product","link":"https:\/\/cmykprinted.com\/sl\/izdelek\/50mm-hexagonal-aluminum-10x20ft-pop-up-canopies-tents\/","title":{"rendered":"50 mm heksagonalni \u0161otori iz aluminija 10 x 20 \u010devljev s pop-up nadstre\u0161ki"},"content":{"rendered":"","protected":false},"excerpt":{"rendered":"<p>10x20ft pop-up nadstre\u0161ek z aluminijastim okvirjem je odli\u010dna izbira za izjavo na tr\u017enici ali sejmu. Okvir je zasnovan tako, da navdu\u0161i s \u0161esterokotno aluminijasto zunanjo nogo, ki meri 50 x 50 mm in debelino 1,8 mm. S petimi polo\u017eaji vi\u0161ine v intervalih 7,5 cm nudi stabilnost za dolgotrajno uporabo.<br \/>\nPostavitev in podiranje nadstre\u0161ka je enostavno, zahvaljujo\u010d zlo\u017eljivemu aluminijastemu okvirju in odsotnosti ohlapnih delov. Gumb za nastavitev preklopnih nog in preveliki vle\u010dni zati\u010di na zgornjih vogalih naredijo nastavitev enostavna, brez potrebe po orodjih. Paket vklju\u010duje komercialni aluminijasti okvir za pop-up nadstre\u0161ek, ki ga lahko enostavno sestavi ena ali dve osebi v nekaj minutah, brez orodja.<br \/>\nTa nadstre\u0161ek ima 1-letno garancijo in do\u017eivljenjsko zalogo dodatkov in delov. \u010ce potrebujete delo po meri, smo tukaj, da vam pomagamo. Zagotavljamo zadovoljstvo z 100% in si bomo prizadevali re\u0161iti morebitne te\u017eave.<br \/>\nTa vsestranski nadstre\u0161ek je primeren za \u0161tevilne dogodke na prostem, kot so zabave, sejmi, \u0161port, pikniki, \u017eari in drugo. Uporablja se lahko tudi v komercialnih prostorih, pla\u017eah, igri\u0161\u010dih, dvori\u0161\u010dih, vrtovih, kmetijah in drugih zunanjih okoljih, kot tudi v notranjih okoljih, kot so velike telovadnice. S svojo vrhunsko kakovostjo ste lahko prepri\u010dani v njegovo dolgo \u017eivljenjsko dobo in vzdr\u017eljivost. \u010ce imate v prvem letu pomisleke glede kakovosti, se preprosto obrnite na nas. Na\u0161a garancija zadovoljstva 100% zagotavlja, da si bomo prizadevali re\u0161iti morebitne te\u017eave.<\/p>\n<div style=\"width: 1280px;\" class=\"wp-video\"><!--[if lt IE 9]><script>document.createElement('video');<\/script><![endif]--><br \/>\n<video class=\"wp-video-shortcode\" id=\"video-1052-1\" width=\"1280\" height=\"720\" loop autoplay preload=\"auto\" controls=\"controls\"><source type=\"video\/mp4\" src=\"http:\/\/cmykprinted.com\/wp-content\/uploads\/2022\/12\/10x15ft-Pop-up-Tent.mp4?_=1\" \/><a href=\"http:\/\/cmykprinted.com\/wp-content\/uploads\/2022\/12\/10x15ft-Pop-up-Tent.mp4\">http:\/\/cmykprinted.com\/wp-content\/uploads\/2022\/12\/10x15ft-Pop-up-Tent.mp4<\/a><\/video><\/div>","protected":false},"featured_media":1053,"template":"","meta":{"_kad_post_transparent":"default","_kad_post_title":"hide","_kad_post_layout":"fullwidth","_kad_post_sidebar_id":"","_kad_post_content_style":"unboxed","_kad_post_vertical_padding":"hide","_kad_post_feature":"hide","_kad_post_feature_position":"","_kad_post_header":false,"_kad_post_footer":false},"product_cat":[68,77,74],"product_tag":[279,208,282,306,305,281,304,280],"class_list":{"0":"post-1052","1":"product","2":"type-product","3":"status-publish","4":"has-post-thumbnail","6":"product_cat-custom-canopy-tents","7":"product_cat-10x20ft-pop-up-canopies-50mm-heavy-duty-hexagon-aluminum-tents-custom-canopy-tents","8":"product_cat-50mm-heavy-duty-hexagon-aluminum-tents","9":"product_tag-10x15ft-hexagonal-pop-up-canopy-tent","10":"product_tag-10x20ft-pop-up-canopies","11":"product_tag-50mm-hexagonal-pop-up-canopy","12":"product_tag-50mm-hexagonal-pop-up-canopies","13":"product_tag-aluminum-canopies-pop-up-canopies","14":"product_tag-aluminum-frame-pop-up-canopy-tent","15":"product_tag-hexagonal-aluminum-canopies","16":"product_tag-hexagonal-pop-up-canopy-tent","18":"first","19":"instock","20":"shipping-taxable","21":"product-type-simple","22":"entry","23":"content-bg","24":"loop-entry"},"_links":{"self":[{"href":"https:\/\/cmykprinted.com\/sl\/wp-json\/wp\/v2\/product\/1052","targetHints":{"allow":["GET"]}}],"collection":[{"href":"https:\/\/cmykprinted.com\/sl\/wp-json\/wp\/v2\/product"}],"about":[{"href":"https:\/\/cmykprinted.com\/sl\/wp-json\/wp\/v2\/types\/product"}],"version-history":[{"count":2,"href":"https:\/\/cmykprinted.com\/sl\/wp-json\/wp\/v2\/product\/1052\/revisions"}],"predecessor-version":[{"id":1059,"href":"https:\/\/cmykprinted.com\/sl\/wp-json\/wp\/v2\/product\/1052\/revisions\/1059"}],"wp:featuredmedia":[{"embeddable":true,"href":"https:\/\/cmykprinted.com\/sl\/wp-json\/wp\/v2\/media\/1053"}],"wp:attachment":[{"href":"https:\/\/cmykprinted.com\/sl\/wp-json\/wp\/v2\/media?parent=1052"}],"wp:term":[{"taxonomy":"product_cat","embeddable":true,"href":"https:\/\/cmykprinted.com\/sl\/wp-json\/wp\/v2\/product_cat?post=1052"},{"taxonomy":"product_tag","embeddable":true,"href":"https:\/\/cmykprinted.com\/sl\/wp-json\/wp\/v2\/product_tag?post=1052"}],"curies":[{"name":"wp","href":"https:\/\/api.w.org\/{rel}","templated":true}]}}