{"id":1069,"date":"2023-02-13T13:14:04","date_gmt":"2023-02-13T13:14:04","guid":{"rendered":"https:\/\/cmykprinted.com\/?post_type=product&#038;p=1069"},"modified":"2023-02-13T13:33:15","modified_gmt":"2023-02-13T13:33:15","slug":"heavy-duty-premium-custom-pvc-banner-with-hanging-grommets","status":"publish","type":"product","link":"https:\/\/cmykprinted.com\/sl\/izdelek\/heavy-duty-premium-custom-pvc-banner-with-hanging-grommets\/","title":{"rendered":"Visoko zmogljiv PVC plakat po meri z vise\u010dimi vlo\u017eki"},"content":{"rendered":"","protected":false},"excerpt":{"rendered":"<p>\u010ce i\u0161\u010dete zanesljivo in dolgotrajno ogla\u0161evalsko re\u0161itev za svoje podjetje, razmislite o na\u0161ih PVC pasicah po meri. Ti transparenti so izdelani iz robustnega PVC flex materiala in nudijo odli\u010dno odpornost in vzdr\u017eljivost proti ostrim zunanjim elementom, zaradi \u010desar so idealni za uporabo na prostem.<br \/>\nNe glede na to, ali \u017eelite promovirati dogodek, predstaviti svoje izdelke ali storitve ali preprosto deliti pomembne informacije s svojim ob\u010dinstvom, so na\u0161i PVC transparenti po meri u\u010dinkovita in stro\u0161kovno u\u010dinkovita izbira. Njihova vzdr\u017eljivost jim omogo\u010da, da prenesejo vremenske razmere in zagotavljajo dolgoro\u010dno storitev, tako da jih lahko ponovno uporabite, kadar koli je to potrebno.<br \/>\nEna od prednosti uporabe PVC pasic po meri je, da vam lahko pomagajo zmanj\u0161ati skupne stro\u0161ke ogla\u0161evanja. Njihova trpe\u017ena in dolgotrajna narava pomeni, da vam ne bo treba skrbeti za pogoste nakupe ali zamenjave, kar vam dolgoro\u010dno prihrani \u010das in denar, obenem pa zagotavlja, da va\u0161i transparenti ostanejo v najbolj\u0161em stanju in \u0161e naprej u\u010dinkovito promovirajo va\u0161e podjetje.<br \/>\nSkratka, PVC pasice po meri so zanesljiva in stro\u0161kovno u\u010dinkovita mo\u017enost za ogla\u0161evanje va\u0161ega podjetja na prostem. Zaradi robustnega materiala in trpe\u017ene konstrukcije so primerni za dolgotrajno uporabo, kar vam pomaga dose\u010di va\u0161e ogla\u0161evalske cilje in pri tem prihraniti denar.<\/p>\n<div style=\"width: 1280px;\" class=\"wp-video\"><!--[if lt IE 9]><script>document.createElement('video');<\/script><![endif]--><br \/>\n<video class=\"wp-video-shortcode\" id=\"video-1069-1\" width=\"1280\" height=\"720\" loop autoplay preload=\"metadata\" controls=\"controls\"><source type=\"video\/mp4\" src=\"http:\/\/cmykprinted.com\/wp-content\/uploads\/2022\/12\/PVC-Mesh-Banner.mp4?_=1\" \/><a href=\"http:\/\/cmykprinted.com\/wp-content\/uploads\/2022\/12\/PVC-Mesh-Banner.mp4\">http:\/\/cmykprinted.com\/wp-content\/uploads\/2022\/12\/PVC-Mesh-Banner.mp4<\/a><\/video><\/div>","protected":false},"featured_media":1070,"template":"","meta":{"_kad_post_transparent":"default","_kad_post_title":"hide","_kad_post_layout":"fullwidth","_kad_post_sidebar_id":"","_kad_post_content_style":"unboxed","_kad_post_vertical_padding":"hide","_kad_post_feature":"hide","_kad_post_feature_position":"","_kad_post_header":false,"_kad_post_footer":false},"product_cat":[85,90,91,89,88],"product_tag":[310,309,311,312],"class_list":{"0":"post-1069","1":"product","2":"type-product","3":"status-publish","4":"has-post-thumbnail","6":"product_cat-outdoor-vinyl-banners","7":"product_cat-glossy-pvc-banners","8":"product_cat-matte-vinyl-banners","9":"product_cat-pvc-banners","10":"product_cat-pvc-mesh-banners","11":"product_tag-banner-with-hanging-grommets","12":"product_tag-custom-pvc-banner","13":"product_tag-heavy-duty-pvc-banner","14":"product_tag-premium-pvc-banner","16":"first","17":"instock","18":"shipping-taxable","19":"product-type-simple","20":"entry","21":"content-bg","22":"loop-entry"},"_links":{"self":[{"href":"https:\/\/cmykprinted.com\/sl\/wp-json\/wp\/v2\/product\/1069","targetHints":{"allow":["GET"]}}],"collection":[{"href":"https:\/\/cmykprinted.com\/sl\/wp-json\/wp\/v2\/product"}],"about":[{"href":"https:\/\/cmykprinted.com\/sl\/wp-json\/wp\/v2\/types\/product"}],"version-history":[{"count":2,"href":"https:\/\/cmykprinted.com\/sl\/wp-json\/wp\/v2\/product\/1069\/revisions"}],"predecessor-version":[{"id":1077,"href":"https:\/\/cmykprinted.com\/sl\/wp-json\/wp\/v2\/product\/1069\/revisions\/1077"}],"wp:featuredmedia":[{"embeddable":true,"href":"https:\/\/cmykprinted.com\/sl\/wp-json\/wp\/v2\/media\/1070"}],"wp:attachment":[{"href":"https:\/\/cmykprinted.com\/sl\/wp-json\/wp\/v2\/media?parent=1069"}],"wp:term":[{"taxonomy":"product_cat","embeddable":true,"href":"https:\/\/cmykprinted.com\/sl\/wp-json\/wp\/v2\/product_cat?post=1069"},{"taxonomy":"product_tag","embeddable":true,"href":"https:\/\/cmykprinted.com\/sl\/wp-json\/wp\/v2\/product_tag?post=1069"}],"curies":[{"name":"wp","href":"https:\/\/api.w.org\/{rel}","templated":true}]}}