{"id":1095,"date":"2023-02-13T15:30:16","date_gmt":"2023-02-13T15:30:16","guid":{"rendered":"https:\/\/cmykprinted.com\/?post_type=product&#038;p=1095"},"modified":"2023-02-13T15:34:49","modified_gmt":"2023-02-13T15:34:49","slug":"waterproof-custom-uv-3d-metal-transfer-stickers-labels","status":"publish","type":"product","link":"https:\/\/cmykprinted.com\/sl\/izdelek\/waterproof-custom-uv-3d-metal-transfer-stickers-labels\/","title":{"rendered":"Vodoodporne UV 3D kovinske nalepke za prenos nalepk"},"content":{"rendered":"","protected":false},"excerpt":{"rendered":"<p>3D kovinske nalepke za prenos ponujajo edinstveno in elegantno re\u0161itev za ozna\u010devanje z uporabo mo\u010dne nikljeve folije za ustvarjanje 3D u\u010dinka. Odve\u010dni material je odstranjen iz dizajna, kar ima za posledico eleganten in prefinjen videz z videzom brez etikete. Nalepke, kot nala\u0161\u010d za vrhunske izdelke ali e-trgovino, so izdelane s tiskanjem dizajna na folijo iz niklja s posebnim postopkom tiskanja. Po odstranitvi odve\u010dnega materiala se dvignjeni elementi prekrijejo z lepilno plastjo, zaradi \u010desar so primerni za nana\u0161anje na razli\u010dne povr\u0161ine, kot so plastika, kovina in papir.<br \/>\nEna od klju\u010dnih prednosti teh 3D kovinskih nalepk za prenos je njihova vzdr\u017eljivost. Izdelani iz niklja, odpornega proti koroziji, so odporni proti obrabi, hkrati pa ohranjajo svojo kakovost skozi \u010das. Poleg tega so odporne proti bledenju in razbarvanju, kar zagotavlja dolgotrajno re\u0161itev za ozna\u010devanje. 3D u\u010dinek teh nalepk prav tako doda privla\u010den in zna\u010dilen pridih va\u0161i embala\u017ei ali blagovni znamki izdelka.<\/p>\n<div style=\"width: 1280px;\" class=\"wp-video\"><!--[if lt IE 9]><script>document.createElement('video');<\/script><![endif]--><br \/>\n<video class=\"wp-video-shortcode\" id=\"video-1095-1\" width=\"1280\" height=\"720\" loop autoplay preload=\"metadata\" controls=\"controls\"><source type=\"video\/mp4\" src=\"http:\/\/cmykprinted.com\/wp-content\/uploads\/2022\/12\/Metal-Transfer-Sticker.mp4?_=1\" \/><a href=\"http:\/\/cmykprinted.com\/wp-content\/uploads\/2022\/12\/Metal-Transfer-Sticker.mp4\">http:\/\/cmykprinted.com\/wp-content\/uploads\/2022\/12\/Metal-Transfer-Sticker.mp4<\/a><\/video><\/div>\n<p>&nbsp;<\/p>","protected":false},"featured_media":1096,"template":"","meta":{"_kad_post_transparent":"default","_kad_post_title":"hide","_kad_post_layout":"fullwidth","_kad_post_sidebar_id":"","_kad_post_content_style":"unboxed","_kad_post_vertical_padding":"hide","_kad_post_feature":"hide","_kad_post_feature_position":"","_kad_post_header":false,"_kad_post_footer":false},"product_cat":[101,102],"product_tag":[299],"class_list":{"0":"post-1095","1":"product","2":"type-product","3":"status-publish","4":"has-post-thumbnail","6":"product_cat-transfer-stickers","7":"product_cat-metal-transfer-stickers","8":"product_tag-3d-metal-transfer-stickers","10":"first","11":"instock","12":"shipping-taxable","13":"product-type-simple","14":"entry","15":"content-bg","16":"loop-entry"},"_links":{"self":[{"href":"https:\/\/cmykprinted.com\/sl\/wp-json\/wp\/v2\/product\/1095","targetHints":{"allow":["GET"]}}],"collection":[{"href":"https:\/\/cmykprinted.com\/sl\/wp-json\/wp\/v2\/product"}],"about":[{"href":"https:\/\/cmykprinted.com\/sl\/wp-json\/wp\/v2\/types\/product"}],"version-history":[{"count":2,"href":"https:\/\/cmykprinted.com\/sl\/wp-json\/wp\/v2\/product\/1095\/revisions"}],"predecessor-version":[{"id":1103,"href":"https:\/\/cmykprinted.com\/sl\/wp-json\/wp\/v2\/product\/1095\/revisions\/1103"}],"wp:featuredmedia":[{"embeddable":true,"href":"https:\/\/cmykprinted.com\/sl\/wp-json\/wp\/v2\/media\/1096"}],"wp:attachment":[{"href":"https:\/\/cmykprinted.com\/sl\/wp-json\/wp\/v2\/media?parent=1095"}],"wp:term":[{"taxonomy":"product_cat","embeddable":true,"href":"https:\/\/cmykprinted.com\/sl\/wp-json\/wp\/v2\/product_cat?post=1095"},{"taxonomy":"product_tag","embeddable":true,"href":"https:\/\/cmykprinted.com\/sl\/wp-json\/wp\/v2\/product_tag?post=1095"}],"curies":[{"name":"wp","href":"https:\/\/api.w.org\/{rel}","templated":true}]}}