{"id":1975,"date":"2024-03-28T09:29:25","date_gmt":"2024-03-28T09:29:25","guid":{"rendered":"https:\/\/cmykprinted.com\/?post_type=product&#038;p=1975"},"modified":"2024-03-28T10:00:58","modified_gmt":"2024-03-28T10:00:58","slug":"best-custom-polyester-nylon-flags-for-indoor-and-outdoor","status":"publish","type":"product","link":"https:\/\/cmykprinted.com\/sl\/izdelek\/najboljse-prilagojene-poliesterske-nylon-zastave-za-notranjo-in-zunanjo-uporabo\/","title":{"rendered":"Najbolj\u0161e zastave iz poliestrskega najlona po meri za notranjo in zunanjo uporabo"},"content":{"rendered":"","protected":false},"excerpt":{"rendered":"<p>Prilagojene zastave slu\u017eijo kot mo\u010dno promocijsko sredstvo, saj izkori\u0161\u010dajo \u017eivahne odtenke in dinami\u010dno gibanje, da pritegnejo pozornost in pove\u010dajo prepoznavnost. Za prilagajanje so na voljo razli\u010dne tehnike tiska, kot so digitalni tisk (vodni tisk na najlon), sitotisk in sublimacijski tisk. V Golden Mouth Advertising Factory se odlo\u010dimo za sitotisk ali digitalni tisk na 200\/210D najlon ali pleteni poliester, pri \u010demer izberemo material in metodo tiska glede na prora\u010dun stranke, specifikacije umetni\u0161kega dela in zahteve glede koli\u010dine zastav. \u010ceprav uporabljamo metodo sublimacijskega tiskanja, je zaradi omejene penetracije \u010drnila primernej\u0161a za alternativna tiskanja na tkanine, kot so ozadja po meri in prevleke za mize. Za natisnjeno zastavo po meri obi\u010dajno uporabljamo digitalni tisk, na ta na\u010din je cena najcenej\u0161a.<\/p>\n<p>&nbsp;<\/p>\n<p>&nbsp;<\/p>\n<p>&nbsp;<\/p>\n<p>&nbsp;<\/p>\n<p>&nbsp;<\/p>\n<p>&nbsp;<\/p>","protected":false},"featured_media":1976,"template":"","meta":{"_kad_post_transparent":"default","_kad_post_title":"hide","_kad_post_layout":"fullwidth","_kad_post_sidebar_id":"","_kad_post_content_style":"unboxed","_kad_post_vertical_padding":"hide","_kad_post_feature":"hide","_kad_post_feature_position":"","_kad_post_header":false,"_kad_post_footer":false},"product_cat":[79],"product_tag":[394,389,397,396,399,395,398],"class_list":{"0":"post-1975","1":"product","2":"type-product","3":"status-publish","4":"has-post-thumbnail","6":"product_cat-custom-flags","7":"product_tag-custom-polyester-nylon-flags","8":"product_tag-custom-printed-flags","9":"product_tag-dye-sublimation-printing-flags","10":"product_tag-flags-printing","11":"product_tag-knitted-fabric-flags","12":"product_tag-nylon-flags","13":"product_tag-polyester-flags","15":"first","16":"instock","17":"shipping-taxable","18":"product-type-simple","19":"entry","20":"content-bg","21":"loop-entry"},"_links":{"self":[{"href":"https:\/\/cmykprinted.com\/sl\/wp-json\/wp\/v2\/product\/1975","targetHints":{"allow":["GET"]}}],"collection":[{"href":"https:\/\/cmykprinted.com\/sl\/wp-json\/wp\/v2\/product"}],"about":[{"href":"https:\/\/cmykprinted.com\/sl\/wp-json\/wp\/v2\/types\/product"}],"version-history":[{"count":1,"href":"https:\/\/cmykprinted.com\/sl\/wp-json\/wp\/v2\/product\/1975\/revisions"}],"predecessor-version":[{"id":1983,"href":"https:\/\/cmykprinted.com\/sl\/wp-json\/wp\/v2\/product\/1975\/revisions\/1983"}],"wp:featuredmedia":[{"embeddable":true,"href":"https:\/\/cmykprinted.com\/sl\/wp-json\/wp\/v2\/media\/1976"}],"wp:attachment":[{"href":"https:\/\/cmykprinted.com\/sl\/wp-json\/wp\/v2\/media?parent=1975"}],"wp:term":[{"taxonomy":"product_cat","embeddable":true,"href":"https:\/\/cmykprinted.com\/sl\/wp-json\/wp\/v2\/product_cat?post=1975"},{"taxonomy":"product_tag","embeddable":true,"href":"https:\/\/cmykprinted.com\/sl\/wp-json\/wp\/v2\/product_tag?post=1975"}],"curies":[{"name":"wp","href":"https:\/\/api.w.org\/{rel}","templated":true}]}}