{"id":2098,"date":"2024-05-09T08:52:07","date_gmt":"2024-05-09T08:52:07","guid":{"rendered":"https:\/\/cmykprinted.com\/?post_type=product&#038;p=2098"},"modified":"2024-05-09T09:36:29","modified_gmt":"2024-05-09T09:36:29","slug":"custom-metallic-3d-transfer-label-decal-stickers","status":"publish","type":"product","link":"https:\/\/cmykprinted.com\/sl\/izdelek\/custom-metallic-3d-transfer-label-decal-stickers\/","title":{"rendered":"Prilagojene kovinske 3D nalepke za prenos nalepk"},"content":{"rendered":"","protected":false},"excerpt":{"rendered":"<h1><strong>Prilagojene kovinske 3D nalepke za prenos nalepk <\/strong><\/h1>\n<ul>\n<li>Vzorec naro\u010dila: 1 list (17*30 cm), \u010de je va\u0161 logotip ali grafika majhna, lahko na en list damo ve\u010d kosov<\/li>\n<li>Uporaba: Na\u0161e kovinske nalepke po meri najdejo uporabo v razli\u010dnih sektorjih, vklju\u010dno s parfumerijo, vinarstvom, posodami za sve\u010de, steklenicami in razli\u010dnimi drugimi vrstami steklenic. Uporabljajo se tudi v etuijih za mobilne telefone, gospodinjskih aparatih, elektronskih napravah, embala\u017ei darilnih \u0161katel, avtomobilih, strojih in \u0161tevilnih drugih industrijah.<\/li>\n<li>Hiter preobrat: dobavni rok vzorca: 3-4 dni in en teden po vsem svetu s storitvijo DHL ali Fedex ali UPS od vrat do vrat<\/li>\n<li>Najcenej\u0161a tovarni\u0161ka cena za prilagojeno kovinsko nalepko za prenos<\/li>\n<li>Imamo razli\u010dna lepila za izdelavo prenosne nalepke za lepljenje na povr\u0161ino razli\u010dnih materialov. Zato nam morate povedati ali pokazati svoj izdelek, da bomo lahko vedeli, kak\u0161no lepilo naj uporabimo. Vse povr\u0161ine ne morejo delovati z na\u0161im mo\u010dnim lepilom. Na primer, spodnji test ni uspel z na\u0161im mo\u010dnim 3 M lepilom.<strong> Zato je nujno izbrati dovolj strokovno tovarno za sodelovanje; sicer bi bila izguba va\u0161ega dragocenega \u010dasa in denarja.<\/strong><br \/>\n<figure id=\"attachment_2099\" aria-describedby=\"caption-attachment-2099\" style=\"width: 1280px\" class=\"wp-caption alignnone\"><img fetchpriority=\"high\" decoding=\"async\" class=\"size-full wp-image-2099\" src=\"https:\/\/cmykprinted.com\/wp-content\/uploads\/2024\/05\/custom-metallic-transfer-sticker.jpg\" alt=\"Kovinske nalepke za prenos po meri\" width=\"1280\" height=\"1707\" srcset=\"https:\/\/cmykprinted.com\/wp-content\/uploads\/2024\/05\/custom-metallic-transfer-sticker.jpg 1280w, https:\/\/cmykprinted.com\/wp-content\/uploads\/2024\/05\/custom-metallic-transfer-sticker-225x300.jpg 225w, https:\/\/cmykprinted.com\/wp-content\/uploads\/2024\/05\/custom-metallic-transfer-sticker-768x1024.jpg 768w, https:\/\/cmykprinted.com\/wp-content\/uploads\/2024\/05\/custom-metallic-transfer-sticker-1152x1536.jpg 1152w, https:\/\/cmykprinted.com\/wp-content\/uploads\/2024\/05\/custom-metallic-transfer-sticker-9x12.jpg 9w, https:\/\/cmykprinted.com\/wp-content\/uploads\/2024\/05\/custom-metallic-transfer-sticker-600x800.jpg 600w\" sizes=\"(max-width: 1280px) 100vw, 1280px\" \/><figcaption id=\"caption-attachment-2099\" class=\"wp-caption-text\">Kovinske nalepke za prenos po meri<\/figcaption><\/figure>\n<\/li>\n<\/ul>\n<h2><strong>Da bi vam pokazali, kako prenesti nalepko z logotipom na izdelek, si potrpe\u017eljivo oglejte spodnji video z navodili:<\/strong><\/h2>\n<div style=\"width: 720px;\" class=\"wp-video\"><!--[if lt IE 9]><script>document.createElement('video');<\/script><![endif]--><br \/>\n<video class=\"wp-video-shortcode\" id=\"video-2098-1\" width=\"720\" height=\"720\" preload=\"metadata\" controls=\"controls\"><source type=\"video\/mp4\" src=\"https:\/\/cmykprinted.com\/wp-content\/uploads\/2024\/05\/how-to-peel-of-the-transfer-label.mp4?_=1\" \/><a href=\"https:\/\/cmykprinted.com\/wp-content\/uploads\/2024\/05\/how-to-peel-of-the-transfer-label.mp4\">https:\/\/cmykprinted.com\/wp-content\/uploads\/2024\/05\/how-to-peel-of-the-transfer-label.mp4<\/a><\/video><\/div>\n<p>&nbsp;<\/p>\n<p>&nbsp;<\/p>","protected":false},"featured_media":2101,"template":"","meta":{"_kad_post_transparent":"default","_kad_post_title":"hide","_kad_post_layout":"fullwidth","_kad_post_sidebar_id":"","_kad_post_content_style":"unboxed","_kad_post_vertical_padding":"hide","_kad_post_feature":"hide","_kad_post_feature_position":"","_kad_post_header":false,"_kad_post_footer":false},"product_cat":[101,102],"product_tag":[460,455,457,459,458,456],"class_list":{"0":"post-2098","1":"product","2":"type-product","3":"status-publish","4":"has-post-thumbnail","6":"product_cat-transfer-stickers","7":"product_cat-metal-transfer-stickers","8":"product_tag-custom-gold-transfer-label-for-bottle","9":"product_tag-custom-metallic-3d-transfer-labels","10":"product_tag-custom-metallic-transfer-decal","11":"product_tag-custom-transfer-sticker-for-wine","12":"product_tag-custom-transfer-stickers-for-perfumes","13":"product_tag-metallic-3d-transfer-label","15":"first","16":"instock","17":"shipping-taxable","18":"product-type-simple","19":"entry","20":"content-bg","21":"loop-entry"},"_links":{"self":[{"href":"https:\/\/cmykprinted.com\/sl\/wp-json\/wp\/v2\/product\/2098","targetHints":{"allow":["GET"]}}],"collection":[{"href":"https:\/\/cmykprinted.com\/sl\/wp-json\/wp\/v2\/product"}],"about":[{"href":"https:\/\/cmykprinted.com\/sl\/wp-json\/wp\/v2\/types\/product"}],"version-history":[{"count":1,"href":"https:\/\/cmykprinted.com\/sl\/wp-json\/wp\/v2\/product\/2098\/revisions"}],"predecessor-version":[{"id":2107,"href":"https:\/\/cmykprinted.com\/sl\/wp-json\/wp\/v2\/product\/2098\/revisions\/2107"}],"wp:featuredmedia":[{"embeddable":true,"href":"https:\/\/cmykprinted.com\/sl\/wp-json\/wp\/v2\/media\/2101"}],"wp:attachment":[{"href":"https:\/\/cmykprinted.com\/sl\/wp-json\/wp\/v2\/media?parent=2098"}],"wp:term":[{"taxonomy":"product_cat","embeddable":true,"href":"https:\/\/cmykprinted.com\/sl\/wp-json\/wp\/v2\/product_cat?post=2098"},{"taxonomy":"product_tag","embeddable":true,"href":"https:\/\/cmykprinted.com\/sl\/wp-json\/wp\/v2\/product_tag?post=2098"}],"curies":[{"name":"wp","href":"https:\/\/api.w.org\/{rel}","templated":true}]}}