{"id":2189,"date":"2024-09-18T13:06:31","date_gmt":"2024-09-18T13:06:31","guid":{"rendered":"https:\/\/cmykprinted.com\/?post_type=product&#038;p=2189"},"modified":"2024-09-19T01:45:11","modified_gmt":"2024-09-19T01:45:11","slug":"full-colors-custom-8-feet-printed-spandex-table-covers","status":"publish","type":"product","link":"https:\/\/cmykprinted.com\/sl\/izdelek\/polne-barve-po-meri-8-cevljev-natisnjene-spandex-namizni-pokrivala\/","title":{"rendered":"Polnobarvne prevleke za mize iz elastana, 8 \u010devljev po meri"},"content":{"rendered":"","protected":false},"excerpt":{"rendered":"<p><strong>Po meri natisnjene mizne prevleke iz elastana: popoln zaslon za va\u0161o blagovno znamko<\/strong><\/p>\n<p>Potiskane mizne prevleke iz elastana so postale stalnica v svetu sejmov, promocijskih dogodkov in maloprodajnih razstav. Te elegantne, elegantne prevleke za mizo iz raztegljivega spandexa, ki ponujajo tako obliko kot funkcijo, so oblikovane tako, da zagotavljajo tesno prileganje, \u017eivahno vizualno privla\u010dnost in neprekosljivo vzdr\u017eljivost.<\/p>\n<p><strong>Prilagojeno za va\u0161e potrebe<\/strong><\/p>\n<p>Na\u0161e prevleke za mize iz elastana so na voljo v ve\u010d konfiguracijah, da ustrezajo va\u0161im posebnim zahtevam. Ne glede na to, ali potrebujete 4-stransko prevleko, 4-stransko prevleko z zadrgo za enostaven dostop do shranjevanja pod mizo ali 3-stransko odprto zasnovo, ki omogo\u010da \u010dlanu osebja, da sedi ob zaslonu, imamo te je pokril. Me\u0161anica tkanine iz elastana in poliestra zagotavlja prilegajo\u010do se povr\u0161ino, skoraj brez gub, ki izgleda odli\u010dno v vsakem okolju.<\/p>\n<p>Te prevleke so zasnovane za dogodke v zaprtih prostorih in na prostem, zato so priljubljene na sejmih, v maloprodajnih trgovinah, promocijskih dogodkih in korporativnih lobijih. Oja\u010dani \u017eepi na nogah in mo\u010dne zadrge so dvojno \u0161ivane za dodatno vzdr\u017eljivost, kar zagotavlja, da prevleka ostane varno na mestu tudi v vetrovnih razmerah. Ni\u010d ve\u010d skrbi, da bi pregrinjalo va\u0161e mize na prostem odpihnilo.<\/p>\n<p>Visokokakovostna tkanina in tisk za najve\u010dji u\u010dinek<\/p>\n<p>Kar lo\u010duje na\u0161e pregrinjala, sta kakovost materiala in postopek tiska. Na\u0161e prevleke, izdelane iz tkanine 280 GSM, so debelej\u0161e in bolj vzdr\u017eljive od ve\u010dine konkurentov, kar se pozna tudi pri kon\u010dnem izdelku. Osredoto\u010deni smo na vsako podrobnost, da zagotovimo izdelek, ki presega pri\u010dakovanja.<\/p>\n<p>Oja\u010dani polipropilenski \u017eepi za noge so izjemno \u0161iroki, kar zagotavlja, da se prilegajo vsaki konfiguraciji nog mize. Ta natan\u010dna pozornost do oblikovanja omogo\u010da, da prevleke niso le trpe\u017ene, ampak vsestranske, primerne za vsako prireditev.<\/p>\n<p>Ena od klju\u010dnih zna\u010dilnosti na\u0161ih prevlek za mize iz elastana je \u017eivahen, visokokakovosten tisk logotipa, s katerim bo va\u0161a blagovna znamka izstopala. S tehnologijo sublimacije barvil prenesemo va\u0161 dizajn z mo\u010dno toploto in popolnoma vgradimo barve v tkanino. Ta napredna tehnika tiskanja zagotavlja trajne, briljantne barve, ki ne zbledijo. Ne glede na to, ali \u017eelite natisniti na tiso\u010de barv, visokokakovostne fotografske slike ali barvne elemente, lahko va\u0161o vizijo o\u017eivimo.<\/p>\n<p>Na\u0161 postopek tiskanja zagotavlja, da bodo tudi najbolj zapletene podrobnosti va\u0161ega logotipa ali dizajna &#034;posko\u010dile&#034;, kar daje va\u0161emu zaslonu profesionalen, poliran videz. Po \u017eelji lahko s svojim dizajnom ustvarite celo 3D u\u010dinek.<\/p>\n<p>Mo\u017enosti oblikovanja po meri: va\u0161a blagovna znamka, va\u0161 na\u010din<\/p>\n<p>Nudimo popolne mo\u017enosti prilagajanja, da izpolnimo va\u0161e potrebe po blagovni znamki. Izbirajte med belim ozadjem, eno od na\u0161ih 20 barv na zalogi ali pa nam zagotovite dolo\u010deno barvo ali vzorec Pantone za ozadje. Ne glede na to, ali potrebujete natisnjeno celotno prevleko mize ali samo sprednjo plo\u0161\u010do, nudimo enako ceno za obe mo\u017enosti.<\/p>\n<p>\u010ce nimate umetni\u0161ke datoteke visoke lo\u010dljivosti, vam lahko na\u0161i grafi\u010dni oblikovalci pomagajo pretvoriti va\u0161o obstoje\u010do datoteko ali pomagajo pri ustvarjanju novega tiskarskega dizajna.<\/p>\n<p>Vzdr\u017eljiv in enostaven za vzdr\u017eevanje<\/p>\n<p>Na\u0161e prevleke za mize iz elastana so zasnovane tako, da trajajo. Ne samo, da so odporne na gubanje, ampak jih je mogo\u010de tudi prati v pralnem stroju za enostavno nego. Za pranje preprosto uporabite vodo brez belilnega pra\u0161ka. Te prevleke se bodo takoj raztegnile nazaj v obliko in vam vsaki\u010d dale profesionalen videz.<\/p>\n<p>Hitri in zanesljivi \u010dasi izdelave<\/p>\n<p>Zavedamo se pomena rokov, zato nudimo fleksibilne termine proizvodnje:<\/p>\n<p>4-dnevna var\u010dna proizvodnja<br \/>\n3-dnevna standardna proizvodnja<br \/>\n2-dnevna hitra proizvodnja<br \/>\nEkspresna produkcija naslednji dan<br \/>\nSame Day Rush Critical Production<br \/>\nZagotavljamo tudi na\u0161e proizvodne roke. \u010ce se ne bomo dr\u017eali zajam\u010denega \u010dasovnega okvira, boste prejeli polno povra\u010dilo, pokrov va\u0161e mize pa bo \u0161e vedno natisnjen in odposlan brezpla\u010dno.<\/p>\n<p>Brez skritih stro\u0161kov: Kar vidite, to dobite.<\/p>\n<div style=\"width: 854px;\" class=\"wp-video\"><!--[if lt IE 9]><script>document.createElement('video');<\/script><![endif]--><br \/>\n<video class=\"wp-video-shortcode\" id=\"video-2189-1\" width=\"854\" height=\"480\" preload=\"metadata\" controls=\"controls\"><source type=\"video\/mp4\" src=\"https:\/\/cmykprinted.com\/wp-content\/uploads\/2024\/09\/printed-spandex-table-covers.mp4?_=1\" \/><a href=\"https:\/\/cmykprinted.com\/wp-content\/uploads\/2024\/09\/printed-spandex-table-covers.mp4\">https:\/\/cmykprinted.com\/wp-content\/uploads\/2024\/09\/printed-spandex-table-covers.mp4<\/a><\/video><\/div>","protected":false},"featured_media":2193,"template":"","meta":{"_kad_post_transparent":"default","_kad_post_title":"hide","_kad_post_layout":"fullwidth","_kad_post_sidebar_id":"","_kad_post_content_style":"unboxed","_kad_post_vertical_padding":"hide","_kad_post_feature":"hide","_kad_post_feature_position":"","_kad_post_header":false,"_kad_post_footer":false},"product_cat":[80,81,83],"product_tag":[496,497,498,494,495],"class_list":{"0":"post-2189","1":"product","2":"type-product","3":"status-publish","4":"has-post-thumbnail","6":"product_cat-custom-tablecloth","7":"product_cat-custom-stretch-tablecloth","8":"product_cat-fitted-table-cover","9":"product_tag-8-feet-printed-spandex-table-covers","10":"product_tag-custom-8-feet-table-cover","11":"product_tag-full-colors-printed-table-covers","12":"product_tag-printed-spandex-table-covers","13":"product_tag-spandex-table-covers","15":"first","16":"instock","17":"shipping-taxable","18":"product-type-simple","19":"entry","20":"content-bg","21":"loop-entry"},"_links":{"self":[{"href":"https:\/\/cmykprinted.com\/sl\/wp-json\/wp\/v2\/product\/2189","targetHints":{"allow":["GET"]}}],"collection":[{"href":"https:\/\/cmykprinted.com\/sl\/wp-json\/wp\/v2\/product"}],"about":[{"href":"https:\/\/cmykprinted.com\/sl\/wp-json\/wp\/v2\/types\/product"}],"version-history":[{"count":2,"href":"https:\/\/cmykprinted.com\/sl\/wp-json\/wp\/v2\/product\/2189\/revisions"}],"predecessor-version":[{"id":2200,"href":"https:\/\/cmykprinted.com\/sl\/wp-json\/wp\/v2\/product\/2189\/revisions\/2200"}],"wp:featuredmedia":[{"embeddable":true,"href":"https:\/\/cmykprinted.com\/sl\/wp-json\/wp\/v2\/media\/2193"}],"wp:attachment":[{"href":"https:\/\/cmykprinted.com\/sl\/wp-json\/wp\/v2\/media?parent=2189"}],"wp:term":[{"taxonomy":"product_cat","embeddable":true,"href":"https:\/\/cmykprinted.com\/sl\/wp-json\/wp\/v2\/product_cat?post=2189"},{"taxonomy":"product_tag","embeddable":true,"href":"https:\/\/cmykprinted.com\/sl\/wp-json\/wp\/v2\/product_tag?post=2189"}],"curies":[{"name":"wp","href":"https:\/\/api.w.org\/{rel}","templated":true}]}}