{"id":2204,"date":"2024-09-27T08:24:46","date_gmt":"2024-09-27T08:24:46","guid":{"rendered":"https:\/\/cmykprinted.com\/?post_type=product&#038;p=2204"},"modified":"2024-09-30T01:11:28","modified_gmt":"2024-09-30T01:11:28","slug":"custom-advertising-flags-for-promotional-business-use-at-best-price","status":"publish","type":"product","link":"https:\/\/cmykprinted.com\/sl\/izdelek\/prilagojene-reklamne-zastave-za-promocijsko-poslovno-uporabo-po-najboljsi-ceni\/","title":{"rendered":"Ogla\u0161evalske zastavice po meri za promocijsko in poslovno uporabo po najbolj\u0161i ceni"},"content":{"rendered":"","protected":false},"excerpt":{"rendered":"<p>I\u0161\u010dete u\u010dinkovit, a cenovno dostopen na\u010din za pove\u010danje prepoznavnosti va\u0161e blagovne znamke? Ogla\u0161evalske zastavice po meri so idealna re\u0161itev za podjetja, ki \u017eelijo pritegniti pozornost in pritegniti ve\u010d strank. Te \u017eivahne natisnjene zastavice po meri so mo\u010dno marketin\u0161ko orodje za izbolj\u0161anje prisotnosti v va\u0161i trgovini ali na dogodku. Na\u0161e ogla\u0161evalske zastave po meri se lahko uporabljajo ne le v poslovne namene, ampak tudi za promocijo \u0161portnih dogodkov, prikaz zastav ob dr\u017eavnem dnevu in kot orodje za predsedni\u0161ke kampanje v razli\u010dnih dr\u017eavah. Naj ljudje po vsej ulici dr\u017eijo zastave z va\u0161im imenom ali fotografijo, pa tudi cena je ugodna. To je zelo u\u010dinkovito in ekonomi\u010dno zbiranje volitev.<\/p>\n<p><strong>Dobrodo\u0161li v stiku z na\u0161o prodajno ekipo za najhitrej\u0161o najbolj\u0161o storitev in brezpla\u010dne vzorce za ogled na\u0161e kakovosti.<\/strong><\/p>\n<div style=\"width: 1280px;\" class=\"wp-video\"><!--[if lt IE 9]><script>document.createElement('video');<\/script><![endif]--><br \/>\n<video class=\"wp-video-shortcode\" id=\"video-2204-1\" width=\"1280\" height=\"576\" preload=\"metadata\" controls=\"controls\"><source type=\"video\/mp4\" src=\"https:\/\/cmykprinted.com\/wp-content\/uploads\/2024\/09\/custom-advertising-flags.mp4?_=1\" \/><a href=\"https:\/\/cmykprinted.com\/wp-content\/uploads\/2024\/09\/custom-advertising-flags.mp4\">https:\/\/cmykprinted.com\/wp-content\/uploads\/2024\/09\/custom-advertising-flags.mp4<\/a><\/video><\/div>\n<p>&nbsp;<\/p>","protected":false},"featured_media":2205,"template":"","meta":{"_kad_post_transparent":"default","_kad_post_title":"hide","_kad_post_layout":"fullwidth","_kad_post_sidebar_id":"","_kad_post_content_style":"unboxed","_kad_post_vertical_padding":"hide","_kad_post_feature":"hide","_kad_post_feature_position":"","_kad_post_header":false,"_kad_post_footer":false},"product_cat":[79],"product_tag":[500,499,503,501,502],"class_list":{"0":"post-2204","1":"product","2":"type-product","3":"status-publish","4":"has-post-thumbnail","6":"product_cat-custom-flags","7":"product_tag-advertising-flags","8":"product_tag-custom-advertising-flags","9":"product_tag-custom-advertising-flags-at-best-price","10":"product_tag-custom-flags","11":"product_tag-custom-flags-cheap","13":"first","14":"instock","15":"shipping-taxable","16":"product-type-simple","17":"entry","18":"content-bg","19":"loop-entry"},"_links":{"self":[{"href":"https:\/\/cmykprinted.com\/sl\/wp-json\/wp\/v2\/product\/2204","targetHints":{"allow":["GET"]}}],"collection":[{"href":"https:\/\/cmykprinted.com\/sl\/wp-json\/wp\/v2\/product"}],"about":[{"href":"https:\/\/cmykprinted.com\/sl\/wp-json\/wp\/v2\/types\/product"}],"version-history":[{"count":3,"href":"https:\/\/cmykprinted.com\/sl\/wp-json\/wp\/v2\/product\/2204\/revisions"}],"predecessor-version":[{"id":2212,"href":"https:\/\/cmykprinted.com\/sl\/wp-json\/wp\/v2\/product\/2204\/revisions\/2212"}],"wp:featuredmedia":[{"embeddable":true,"href":"https:\/\/cmykprinted.com\/sl\/wp-json\/wp\/v2\/media\/2205"}],"wp:attachment":[{"href":"https:\/\/cmykprinted.com\/sl\/wp-json\/wp\/v2\/media?parent=2204"}],"wp:term":[{"taxonomy":"product_cat","embeddable":true,"href":"https:\/\/cmykprinted.com\/sl\/wp-json\/wp\/v2\/product_cat?post=2204"},{"taxonomy":"product_tag","embeddable":true,"href":"https:\/\/cmykprinted.com\/sl\/wp-json\/wp\/v2\/product_tag?post=2204"}],"curies":[{"name":"wp","href":"https:\/\/api.w.org\/{rel}","templated":true}]}}