{"id":2213,"date":"2024-09-30T03:03:20","date_gmt":"2024-09-30T03:03:20","guid":{"rendered":"https:\/\/cmykprinted.com\/?post_type=product&#038;p=2213"},"modified":"2024-10-02T12:51:57","modified_gmt":"2024-10-02T12:51:57","slug":"oval-pop-up-a-frame-banner-with-fast-turnaround","status":"publish","type":"product","link":"https:\/\/cmykprinted.com\/sl\/izdelek\/oval-pop-up-okvirni-transparent-z-hitro-odzivnostjo\/","title":{"rendered":"Ovalna pop up okvirna pasica s hitrim obratom"},"content":{"rendered":"","protected":false},"excerpt":{"rendered":"<p>Na dana\u0161njem konkuren\u010dnem trgu je bistveno, da va\u0161a blagovna znamka izstopa. Vnesite pojavno okno A<\/p>\n<p>Frame Banner\u2014lahka, prenosna in zelo u\u010dinkovita re\u0161itev za prikazovanje, popolna za dogodke v zaprtih prostorih in na prostem. Ti vsestranski transparenti so zasnovani za takoj\u0161njo vidnost in so idealni za \u0161portne dogodke, sejme, promocije in usmerjevalne znake.<\/p>\n<p><strong>Klju\u010dne zna\u010dilnosti<\/strong><br \/>\n<strong>Prenosljivost in priro\u010dnost:<\/strong><br \/>\nOvalne izsko\u010dne pasice A-Frame so zasnovane z mislijo na mobilnost. Njihov zlo\u017eljiv kovinski okvir se brez truda zlo\u017ei v kompaktno torbo za shranjevanje, zaradi \u010desar sta transport in namestitev enostavna. Ne glede na to, ali se odpravljate na sejem ali \u0161portni dogodek, lahko te transparente preprosto odnesete kamorkoli, kjer potrebujete najve\u010djo izpostavljenost.<\/p>\n<p><strong>Varnost na prvem mestu:<\/strong><br \/>\nEna izmed izstopajo\u010dih lastnosti A-okvirja je njegova varnost. Za razliko od togih zaslonov ti transparenti ne predstavljajo nevarnosti po\u0161kodb igralcev ali udele\u017eencev na \u0161portnih igri\u0161\u010dih, zaradi \u010desar so prakti\u010dna izbira za dogodke na prostem.<\/p>\n<p><strong>Prilagodljive velikosti in oblike:<\/strong><br \/>\nNa voljo v \u0161tirih velikostih \u2013 majhna (62 x 126 cm), srednja (65 x 160 cm), velika (100 x 200 cm) in zelo velika (110 x 270 cm) \u2013 pop up A-okvir je mogo\u010de prilagoditi. vsako prilo\u017enost. Vsak banner je dvostranski s sublimacijskim tiskom, ki zagotavlja \u017eivahno grafiko, ki pritegne pozornost iz vseh zornih kotov.<\/p>\n<p><strong>Stabilnost v vseh pogojih:<\/strong><br \/>\nZa zagotovitev stabilnosti so vsakemu transparentu prilo\u017eeni talni koli\u010dki za uporabo na mehkih povr\u0161inah, kot so pesek, trava, sneg ali zemlja. Na trdih povr\u0161inah jih preprosto obte\u017eite za dodatno varnost. Ta funkcija zagotavlja, da va\u0161a pasica ostane pokon\u010dna in vidna ne glede na okolje.<\/p>\n<p><strong>Popoln za vsak dogodek<\/strong><br \/>\nPasice Pop Up A-Frame so \u0161e posebej primerne za dogodke na prostem, kot so teka\u0161ka tekmovanja, golf turnirji in festivali. Njihova enostavna nastavitev, razstavljanje in zmogljivosti shranjevanja so prava izbira za organizatorje dogodkov, ki \u017eelijo pove\u010dati prikaz in sodelovanje blagovne znamke.<\/p>\n<div style=\"width: 800px;\" class=\"wp-video\"><!--[if lt IE 9]><script>document.createElement('video');<\/script><![endif]--><br \/>\n<video class=\"wp-video-shortcode\" id=\"video-2213-1\" width=\"800\" height=\"800\" preload=\"metadata\" controls=\"controls\"><source type=\"video\/mp4\" src=\"https:\/\/cmykprinted.com\/wp-content\/uploads\/2024\/09\/pop-up-a-frame-banner-01.mp4?_=1\" \/><a href=\"https:\/\/cmykprinted.com\/wp-content\/uploads\/2024\/09\/pop-up-a-frame-banner-01.mp4\">https:\/\/cmykprinted.com\/wp-content\/uploads\/2024\/09\/pop-up-a-frame-banner-01.mp4<\/a><\/video><\/div>","protected":false},"featured_media":2217,"template":"","meta":{"_kad_post_transparent":"default","_kad_post_title":"hide","_kad_post_layout":"fullwidth","_kad_post_sidebar_id":"","_kad_post_content_style":"unboxed","_kad_post_vertical_padding":"hide","_kad_post_feature":"hide","_kad_post_feature_position":"","_kad_post_header":false,"_kad_post_footer":false},"product_cat":[92,94],"product_tag":[506,505,504,128],"class_list":{"0":"post-2213","1":"product","2":"type-product","3":"status-publish","4":"has-post-thumbnail","6":"product_cat-pop-up-banners","7":"product_cat-horizontal-pop-up-banners","8":"product_tag-a-frame-banner","9":"product_tag-oval-pop-up-a-frame-banner","10":"product_tag-pop-up-a-frame-banner","11":"product_tag-pop-up-banner","13":"first","14":"instock","15":"shipping-taxable","16":"product-type-simple","17":"entry","18":"content-bg","19":"loop-entry"},"_links":{"self":[{"href":"https:\/\/cmykprinted.com\/sl\/wp-json\/wp\/v2\/product\/2213","targetHints":{"allow":["GET"]}}],"collection":[{"href":"https:\/\/cmykprinted.com\/sl\/wp-json\/wp\/v2\/product"}],"about":[{"href":"https:\/\/cmykprinted.com\/sl\/wp-json\/wp\/v2\/types\/product"}],"version-history":[{"count":1,"href":"https:\/\/cmykprinted.com\/sl\/wp-json\/wp\/v2\/product\/2213\/revisions"}],"predecessor-version":[{"id":2222,"href":"https:\/\/cmykprinted.com\/sl\/wp-json\/wp\/v2\/product\/2213\/revisions\/2222"}],"wp:featuredmedia":[{"embeddable":true,"href":"https:\/\/cmykprinted.com\/sl\/wp-json\/wp\/v2\/media\/2217"}],"wp:attachment":[{"href":"https:\/\/cmykprinted.com\/sl\/wp-json\/wp\/v2\/media?parent=2213"}],"wp:term":[{"taxonomy":"product_cat","embeddable":true,"href":"https:\/\/cmykprinted.com\/sl\/wp-json\/wp\/v2\/product_cat?post=2213"},{"taxonomy":"product_tag","embeddable":true,"href":"https:\/\/cmykprinted.com\/sl\/wp-json\/wp\/v2\/product_tag?post=2213"}],"curies":[{"name":"wp","href":"https:\/\/api.w.org\/{rel}","templated":true}]}}