{"id":2380,"date":"2025-02-08T13:54:27","date_gmt":"2025-02-08T13:54:27","guid":{"rendered":"https:\/\/cmykprinted.com\/?post_type=product&#038;p=2380"},"modified":"2025-02-08T13:54:27","modified_gmt":"2025-02-08T13:54:27","slug":"custom-100-9-oz-polyester-fitted-table-cover-cloth-with-logo","status":"publish","type":"product","link":"https:\/\/cmykprinted.com\/sl\/izdelek\/prilagojena-100-9-oz-poliesterska-prilegajoca-se-mizna-prevleka-z-logotipom\/","title":{"rendered":"100 % 9 oz poliestrsko pokrivalo za mizo po meri z logotipom"},"content":{"rendered":"","protected":false},"excerpt":{"rendered":"<p>Na\u0161 namizni prt po meri z logotipom je najbolj\u0161a re\u0161itev za dodajanje pridiha prefinjenosti in prepoznavnosti blagovne znamke vsakemu dogodku. Ne glede na to, ali gre za poslovno sre\u010danje, poroko, sejem ali neformalno ve\u010derjo, so na\u0161i namizni prti zasnovani tako, da se brezhibno prilegajo in zagotavljajo eleganten in profesionalen videz. Z mo\u017enostjo dodajanja va\u0161ega logotipa ali dizajna po meri so ti prti ve\u010d kot le funkcionalni \u2013 so izjava stila in blagovne znamke.<\/p>","protected":false},"featured_media":2381,"template":"","meta":{"_kad_post_transparent":"default","_kad_post_title":"hide","_kad_post_layout":"fullwidth","_kad_post_sidebar_id":"","_kad_post_content_style":"unboxed","_kad_post_vertical_padding":"hide","_kad_post_feature":"hide","_kad_post_feature_position":"","_kad_post_header":false,"_kad_post_footer":false},"product_cat":[80,81,83],"product_tag":[533,535,157,534,531,185,532],"class_list":{"0":"post-2380","1":"product","2":"type-product","3":"status-publish","4":"has-post-thumbnail","6":"product_cat-custom-tablecloth","7":"product_cat-custom-stretch-tablecloth","8":"product_cat-fitted-table-cover","9":"product_tag-100-polyester-table-cloth-with-logo","10":"product_tag-custom-fitted-table-cloth","11":"product_tag-custom-table-cover","12":"product_tag-custom-table-cover-with-logo","13":"product_tag-fitted-table-cloth-with-logo","14":"product_tag-fitted-table-cover","15":"product_tag-polyester-table-cover","17":"first","18":"instock","19":"shipping-taxable","20":"product-type-simple","21":"entry","22":"content-bg","23":"loop-entry"},"_links":{"self":[{"href":"https:\/\/cmykprinted.com\/sl\/wp-json\/wp\/v2\/product\/2380","targetHints":{"allow":["GET"]}}],"collection":[{"href":"https:\/\/cmykprinted.com\/sl\/wp-json\/wp\/v2\/product"}],"about":[{"href":"https:\/\/cmykprinted.com\/sl\/wp-json\/wp\/v2\/types\/product"}],"version-history":[{"count":1,"href":"https:\/\/cmykprinted.com\/sl\/wp-json\/wp\/v2\/product\/2380\/revisions"}],"predecessor-version":[{"id":2385,"href":"https:\/\/cmykprinted.com\/sl\/wp-json\/wp\/v2\/product\/2380\/revisions\/2385"}],"wp:featuredmedia":[{"embeddable":true,"href":"https:\/\/cmykprinted.com\/sl\/wp-json\/wp\/v2\/media\/2381"}],"wp:attachment":[{"href":"https:\/\/cmykprinted.com\/sl\/wp-json\/wp\/v2\/media?parent=2380"}],"wp:term":[{"taxonomy":"product_cat","embeddable":true,"href":"https:\/\/cmykprinted.com\/sl\/wp-json\/wp\/v2\/product_cat?post=2380"},{"taxonomy":"product_tag","embeddable":true,"href":"https:\/\/cmykprinted.com\/sl\/wp-json\/wp\/v2\/product_tag?post=2380"}],"curies":[{"name":"wp","href":"https:\/\/api.w.org\/{rel}","templated":true}]}}