{"id":2452,"date":"2025-04-23T09:23:08","date_gmt":"2025-04-23T09:23:08","guid":{"rendered":"https:\/\/cmykprinted.com\/?post_type=product&#038;p=2452"},"modified":"2025-04-23T09:23:08","modified_gmt":"2025-04-23T09:23:08","slug":"custom-trade-show-table-drapes","status":"publish","type":"product","link":"https:\/\/cmykprinted.com\/sl\/izdelek\/prilagojene-sejemske-namizne-prte\/","title":{"rendered":"Zavese za sejemske mize po meri"},"content":{"rendered":"","protected":false},"excerpt":{"rendered":"<p>Poskrbite, da bodo va\u0161e stranke zablestele na naslednjem sejmu ali predstavitvi z na\u0161imi privla\u010dnimi, visokokakovostnimi, po meri natisnjenimi zavesami za sejemske mize. Te prevleke so na voljo tako v 3-stranskem dizajnu z odprtim hrbtom kot v 4-stranskem slogu z zaprtim hrbtom in so prilagojene tako, da se popolnoma prilegajo kateri koli mizi, na primer 4 \u010devlje, 6 \u010devljev in 8 \u010devljev ali prilagojene. Izdelane iz trpe\u017enega poliestra 8,8 OZ in natisnjene z napredno tehnologijo sublimacije barvila, so te sejemske zavese izdelane tako, da prenesejo \u017eivahno okolje katerega koli dogodka.<\/p>\n<p>Ohranjanje sejemske stojnice \u010diste in urejene je lahko izziv, \u0161e posebej ob ob\u010dasnem razlitju. Na sre\u010do je z na\u0161imi popolnoma pralnimi barvnimi miznimi prevlekami \u010di\u0161\u010denje preprosto. Va\u0161e stranke bodo cenile udobje, da lahko namizni prt ob koncu dneva vr\u017eete v pralni stroj in tako \u010dez no\u010d obnovite njegove drzne, \u017eivahne barve. Z na\u0161imi zavesami za sejemske mize po meri lahko va\u0161e stranke poskrbijo, da bodo njihove kabine dan za dnem videti ostre in profesionalne.<\/p>","protected":false},"featured_media":2457,"template":"","meta":{"_kad_post_transparent":"default","_kad_post_title":"hide","_kad_post_layout":"fullwidth","_kad_post_sidebar_id":"","_kad_post_content_style":"unboxed","_kad_post_vertical_padding":"hide","_kad_post_feature":"hide","_kad_post_feature_position":"","_kad_post_header":false,"_kad_post_footer":false},"product_cat":[80,81],"product_tag":[552,551],"class_list":{"0":"post-2452","1":"product","2":"type-product","3":"status-publish","4":"has-post-thumbnail","6":"product_cat-custom-tablecloth","7":"product_cat-custom-stretch-tablecloth","8":"product_tag-custom-trade-show-table-drapes","9":"product_tag-trade-show-table-drapes","11":"first","12":"instock","13":"shipping-taxable","14":"product-type-simple","15":"entry","16":"content-bg","17":"loop-entry"},"_links":{"self":[{"href":"https:\/\/cmykprinted.com\/sl\/wp-json\/wp\/v2\/product\/2452","targetHints":{"allow":["GET"]}}],"collection":[{"href":"https:\/\/cmykprinted.com\/sl\/wp-json\/wp\/v2\/product"}],"about":[{"href":"https:\/\/cmykprinted.com\/sl\/wp-json\/wp\/v2\/types\/product"}],"version-history":[{"count":1,"href":"https:\/\/cmykprinted.com\/sl\/wp-json\/wp\/v2\/product\/2452\/revisions"}],"predecessor-version":[{"id":2458,"href":"https:\/\/cmykprinted.com\/sl\/wp-json\/wp\/v2\/product\/2452\/revisions\/2458"}],"wp:featuredmedia":[{"embeddable":true,"href":"https:\/\/cmykprinted.com\/sl\/wp-json\/wp\/v2\/media\/2457"}],"wp:attachment":[{"href":"https:\/\/cmykprinted.com\/sl\/wp-json\/wp\/v2\/media?parent=2452"}],"wp:term":[{"taxonomy":"product_cat","embeddable":true,"href":"https:\/\/cmykprinted.com\/sl\/wp-json\/wp\/v2\/product_cat?post=2452"},{"taxonomy":"product_tag","embeddable":true,"href":"https:\/\/cmykprinted.com\/sl\/wp-json\/wp\/v2\/product_tag?post=2452"}],"curies":[{"name":"wp","href":"https:\/\/api.w.org\/{rel}","templated":true}]}}