{"id":2555,"date":"2025-05-20T12:02:02","date_gmt":"2025-05-20T12:02:02","guid":{"rendered":"https:\/\/cmykprinted.com\/?post_type=product&#038;p=2555"},"modified":"2025-05-20T12:02:02","modified_gmt":"2025-05-20T12:02:02","slug":"8-ft-x-8-ft-step-and-repeat-adjustable-banner-stands","status":"publish","type":"product","link":"https:\/\/cmykprinted.com\/sl\/izdelek\/8-ft-x-8-ft-step-and-repeat-nastavljiva-stojala-za-transparent\/","title":{"rendered":"Stojala za transparente z nastavljivimi koraki in ponovitvami 2,4 m x 2,4 m"},"content":{"rendered":"","protected":false},"excerpt":{"rendered":"<p data-start=\"209\" data-end=\"563\">Nastavljiva stojala za transparente s korakom in ponavljanjem so idealna za ustvarjanje privla\u010dnih kulis na dogodkih, sejmih, fotografiranjih, rde\u010dih preprogah in tiskovnih konferencah. Ta stojala so zasnovana za vsestranskost in udobje ter so popolnoma nastavljiva za razli\u010dne velikosti transparentov, obi\u010dajno od 1,5 do 3 metre v \u0161irino in od 1,2 do 2,4 metra v vi\u0161ino.<\/p>\n<p data-start=\"565\" data-end=\"957\">Teleskopski okvir, izdelan iz trpe\u017enega in lahkega aluminija, je enostaven za sestavljanje in zagotavlja stabilno oporo za tkaninske ali vinilne transparente. Stojalo ima nastavljive drogove z varnimi mehanizmi za zaklepanje, kar omogo\u010da hitro postavitev in razstavljanje brez uporabe orodja. Njegov eleganten in profesionalen videz polep\u0161a vsako postavitev, prilo\u017eena torba za prena\u0161anje pa zagotavlja enostaven transport in shranjevanje.<\/p>\n<p data-start=\"959\" data-end=\"1339\">Ne glede na to, ali promovirate blagovno znamko, gostite formalni dogodek ali organizirate medijsko steno, ta stojala ponujajo zanesljivo in ponovno uporabno re\u0161itev. Zdru\u017eite jih s prilagojenim transparentom Step and Repeat, da pove\u010date vidnost in ustvarite nepozabne fotografske prilo\u017enosti. Nastavljivo stojalo za transparente Step and Repeat, ki je idealno za notranjo in zunanjo uporabo, zagotavlja kakovost, prilagodljivost in vizualni u\u010dinek.<\/p>\n<div style=\"width: 720px;\" class=\"wp-video\"><!--[if lt IE 9]><script>document.createElement('video');<\/script><![endif]--><br \/>\n<video class=\"wp-video-shortcode\" id=\"video-2555-1\" width=\"720\" height=\"720\" preload=\"metadata\" controls=\"controls\"><source type=\"video\/mp4\" src=\"https:\/\/cmykprinted.com\/wp-content\/uploads\/2025\/05\/Adjustable-Banner-Stands.mp4?_=1\" \/><a href=\"https:\/\/cmykprinted.com\/wp-content\/uploads\/2025\/05\/Adjustable-Banner-Stands.mp4\">https:\/\/cmykprinted.com\/wp-content\/uploads\/2025\/05\/Adjustable-Banner-Stands.mp4<\/a><\/video><\/div>","protected":false},"featured_media":2570,"template":"","meta":{"_kad_post_transparent":"default","_kad_post_title":"hide","_kad_post_layout":"fullwidth","_kad_post_sidebar_id":"","_kad_post_content_style":"unboxed","_kad_post_vertical_padding":"hide","_kad_post_feature":"hide","_kad_post_feature_position":"","_kad_post_header":false,"_kad_post_footer":false},"product_cat":[97,98],"product_tag":[567,566,568],"class_list":{"0":"post-2555","1":"product","2":"type-product","3":"status-publish","4":"has-post-thumbnail","6":"product_cat-tension-fabric-displays","7":"product_cat-curved-tension-fabric-pop-up-displays","8":"product_tag-custom-step-and-repeat-backdrop","9":"product_tag-logo-wall-backdrop","10":"product_tag-step-and-repeat-logo-backdrop","12":"first","13":"instock","14":"shipping-taxable","15":"product-type-simple","16":"entry","17":"content-bg","18":"loop-entry"},"_links":{"self":[{"href":"https:\/\/cmykprinted.com\/sl\/wp-json\/wp\/v2\/product\/2555","targetHints":{"allow":["GET"]}}],"collection":[{"href":"https:\/\/cmykprinted.com\/sl\/wp-json\/wp\/v2\/product"}],"about":[{"href":"https:\/\/cmykprinted.com\/sl\/wp-json\/wp\/v2\/types\/product"}],"version-history":[{"count":2,"href":"https:\/\/cmykprinted.com\/sl\/wp-json\/wp\/v2\/product\/2555\/revisions"}],"predecessor-version":[{"id":2574,"href":"https:\/\/cmykprinted.com\/sl\/wp-json\/wp\/v2\/product\/2555\/revisions\/2574"}],"wp:featuredmedia":[{"embeddable":true,"href":"https:\/\/cmykprinted.com\/sl\/wp-json\/wp\/v2\/media\/2570"}],"wp:attachment":[{"href":"https:\/\/cmykprinted.com\/sl\/wp-json\/wp\/v2\/media?parent=2555"}],"wp:term":[{"taxonomy":"product_cat","embeddable":true,"href":"https:\/\/cmykprinted.com\/sl\/wp-json\/wp\/v2\/product_cat?post=2555"},{"taxonomy":"product_tag","embeddable":true,"href":"https:\/\/cmykprinted.com\/sl\/wp-json\/wp\/v2\/product_tag?post=2555"}],"curies":[{"name":"wp","href":"https:\/\/api.w.org\/{rel}","templated":true}]}}