{"id":2582,"date":"2025-05-21T06:04:22","date_gmt":"2025-05-21T06:04:22","guid":{"rendered":"https:\/\/cmykprinted.com\/?post_type=product&#038;p=2582"},"modified":"2025-05-21T06:04:22","modified_gmt":"2025-05-21T06:04:22","slug":"custom-feather-flags-australia-queensland-beach-banners","status":"publish","type":"product","link":"https:\/\/cmykprinted.com\/sl\/izdelek\/prilagojene-peresne-zastave-avstralija-queensland-plazni-transparenti\/","title":{"rendered":"Zastave iz perja po meri Avstralija Queensland Beach Transparenti"},"content":{"rendered":"","protected":false},"excerpt":{"rendered":"<p>Zastave iz perja po meri so \u017eivahen in u\u010dinkovit na\u010din za promocijo va\u0161ega podjetja, blagovne znamke ali dogodka po vsej Avstraliji. Ti privla\u010dni transparenti, zasnovani za visoko vidnost, so idealni za zunanje tr\u017enice, izlo\u017ebe, festivale, \u0161portne dogodke in sejme. Ne glede na to, ali ste malo podjetje ali nacionalna blagovna znamka, zastave iz perja ponujajo profesionalno in cenovno ugodno ogla\u0161evalsko re\u0161itev.<\/p>\n<p>V raznolikem avstralskem podnebju so na\u0161e pernate zastave izdelane za dolgo \u017eivljenjsko dobo. Izdelane so iz trpe\u017ene poliestrske tkanine in potiskane z UV-odpornimi \u010drnili, zato so odporne na mo\u010dno sonce, veter in de\u017e. Zaradi lahke zasnove jih je enostavno postaviti, preva\u017eati in premikati, kadar koli je to potrebno.<\/p>\n<p>Izbirate lahko med enostranskim ali dvostranskim tiskom, odvisno od va\u0161ih potreb po vidnosti. Vsako zastavo je mogo\u010de popolnoma prilagoditi z va\u0161im logotipom, barvami in sporo\u010dilom, kar vam pomaga izstopati na kateri koli lokaciji. Na voljo so razli\u010dne velikosti in mo\u017enosti podstavkov, ki ustrezajo razli\u010dnim povr\u0161inam \u2013 ne glede na to, ali potrebujete talne konice za pla\u017ee in polja ali kri\u017ene podstavke z vodnimi vre\u010dkami za beton ali notranje prostore.<\/p>\n<p>Od Melbourna do Brisbana in od Sydneyja do Pertha, podjetjem po vsej dr\u017eavi dobavljamo zastave iz perja po meri, ki jih je mogo\u010de hitro izdelati in enostavno namestiti. Na\u0161a ekipa vam je na voljo za podporo pri oblikovanju, tiskanju in dostavi ter tako vsaki\u010d zagotovi nemoteno in zanesljivo izku\u0161njo.<\/p>\n<p>Izberite zastave iz perja po meri Avstralija, da okrepite prisotnost svoje blagovne znamke in pritegnete pozornost, kamor koli greste.<\/p>","protected":false},"featured_media":2584,"template":"","meta":{"_kad_post_transparent":"default","_kad_post_title":"hide","_kad_post_layout":"fullwidth","_kad_post_sidebar_id":"","_kad_post_content_style":"unboxed","_kad_post_vertical_padding":"hide","_kad_post_feature":"hide","_kad_post_feature_position":"","_kad_post_header":false,"_kad_post_footer":false},"product_cat":[64,65,66,67],"product_tag":[321,573,574,575],"class_list":{"0":"post-2582","1":"product","2":"type-product","3":"status-publish","4":"has-post-thumbnail","6":"product_cat-beach-flags","7":"product_cat-feather-flags-banners","8":"product_cat-rectangular-flags-banners","9":"product_cat-teardrop-flags-banners","10":"product_tag-custom-feather-flags","11":"product_tag-feather-flags-australia","12":"product_tag-feather-flags-queensland","13":"product_tag-queensland-beach-banners","15":"first","16":"instock","17":"shipping-taxable","18":"product-type-simple","19":"entry","20":"content-bg","21":"loop-entry"},"_links":{"self":[{"href":"https:\/\/cmykprinted.com\/sl\/wp-json\/wp\/v2\/product\/2582","targetHints":{"allow":["GET"]}}],"collection":[{"href":"https:\/\/cmykprinted.com\/sl\/wp-json\/wp\/v2\/product"}],"about":[{"href":"https:\/\/cmykprinted.com\/sl\/wp-json\/wp\/v2\/types\/product"}],"version-history":[{"count":1,"href":"https:\/\/cmykprinted.com\/sl\/wp-json\/wp\/v2\/product\/2582\/revisions"}],"predecessor-version":[{"id":2590,"href":"https:\/\/cmykprinted.com\/sl\/wp-json\/wp\/v2\/product\/2582\/revisions\/2590"}],"wp:featuredmedia":[{"embeddable":true,"href":"https:\/\/cmykprinted.com\/sl\/wp-json\/wp\/v2\/media\/2584"}],"wp:attachment":[{"href":"https:\/\/cmykprinted.com\/sl\/wp-json\/wp\/v2\/media?parent=2582"}],"wp:term":[{"taxonomy":"product_cat","embeddable":true,"href":"https:\/\/cmykprinted.com\/sl\/wp-json\/wp\/v2\/product_cat?post=2582"},{"taxonomy":"product_tag","embeddable":true,"href":"https:\/\/cmykprinted.com\/sl\/wp-json\/wp\/v2\/product_tag?post=2582"}],"curies":[{"name":"wp","href":"https:\/\/api.w.org\/{rel}","templated":true}]}}