{"id":2591,"date":"2025-05-21T09:11:06","date_gmt":"2025-05-21T09:11:06","guid":{"rendered":"https:\/\/cmykprinted.com\/?post_type=product&#038;p=2591"},"modified":"2025-05-23T14:07:36","modified_gmt":"2025-05-23T14:07:36","slug":"custom-printed-promotional-tablecloths-australia","status":"publish","type":"product","link":"https:\/\/cmykprinted.com\/sl\/izdelek\/po-meri-tiskani-promocijski-prti-avstralija\/","title":{"rendered":"Promocijski prti s potiskom po meri Avstralija"},"content":{"rendered":"","protected":false},"excerpt":{"rendered":"<p data-start=\"197\" data-end=\"540\">Promocijski prti s potiskom po meri so bistveno orodje za gradnjo blagovne znamke za podjetja in organizacije, ki \u017eelijo ustvariti profesionalno in privla\u010dno predstavitev na sejmih, razstavah, predstavitvah izdelkov in drugih dogodkih po vsej Avstraliji. Ti prti so zasnovani za izbolj\u0161anje prepoznavnosti in prisotnosti blagovne znamke ter ponujajo tako funkcionalnost kot slog.<\/p>\n<p data-start=\"542\" data-end=\"865\">Na\u0161i prti so izdelani iz visokokakovostne poliestrske tkanine, znane po svoji vzdr\u017eljivosti, odpornosti proti gubanju in \u017eivahni reprodukciji barv. Z naprednim sublimacijskim tiskom lahko va\u0161 prt popolnoma prilagodimo z logotipi, slogani, grafiko ali celotnimi dizajni \u2013 s \u010dimer zagotovimo, da bo va\u0161a blagovna znamka opazna z vseh strani.<\/p>\n<p data-start=\"867\" data-end=\"931\">Ponujamo razli\u010dne sloge, ki ustrezajo razli\u010dnim potrebam, vklju\u010dno z:<\/p>\n<ul data-start=\"932\" data-end=\"1201\">\n<li data-start=\"932\" data-end=\"1022\">\n<p data-start=\"934\" data-end=\"1022\"><strong data-start=\"934\" data-end=\"961\">Ohlapni\/drapirani prti<\/strong> \u2013 Vsestranska mo\u017enost, ki ustreza ve\u010dini standardnih miz na nogah.<\/p>\n<\/li>\n<li data-start=\"1023\" data-end=\"1105\">\n<p data-start=\"1025\" data-end=\"1105\"><strong data-start=\"1025\" data-end=\"1048\">Prevleke za mize<\/strong> \u2013 Zagotavlja \u010dist, prilagojen videz z ostrimi linijami.<\/p>\n<\/li>\n<li data-start=\"1106\" data-end=\"1201\">\n<p data-start=\"1108\" data-end=\"1201\"><strong data-start=\"1108\" data-end=\"1132\">Raztegljive prevleke za mize<\/strong> \u2013 Moderne in elegantne, ponujajo tesno prileganje in videz brez gub.<\/p>\n<\/li>\n<\/ul>\n<p data-start=\"1203\" data-end=\"1377\">Na voljo so velikosti za mize dol\u017eine 1,2 m, 1,8 m in 2,4 m, po naro\u010dilu pa so na voljo tudi mize po meri. Mo\u017enosti vklju\u010dujejo mize z odprtim hrbtom (za sede\u010de osebje ali dostop do shrambe) ali zaprtim hrbtom.<\/p>\n<p data-start=\"1379\" data-end=\"1529\">Ti promocijski prti so idealni za notranjo in zunanjo uporabo, saj jih je mogo\u010de prati v pralnem stroju in jih je mogo\u010de ponovno uporabiti, zaradi \u010desar so stro\u0161kovno u\u010dinkovita nalo\u017eba v tr\u017eenje.<\/p>\n<p data-start=\"1531\" data-end=\"1673\">Ne glede na to, ali razstavljate v Sydneyju, Melbournu, Brisbanu ali Perthu, vam na\u0161i prti s potiskom po meri pomagajo narediti mo\u010dan in trajen vtis.<\/p>\n<div style=\"width: 1280px;\" class=\"wp-video\"><!--[if lt IE 9]><script>document.createElement('video');<\/script><![endif]--><br \/>\n<video class=\"wp-video-shortcode\" id=\"video-2591-1\" width=\"1280\" height=\"720\" preload=\"metadata\" controls=\"controls\"><source type=\"video\/mp4\" src=\"https:\/\/cmykprinted.com\/wp-content\/uploads\/2025\/05\/Promotional-Tablecloths-Australia.mp4?_=1\" \/><a href=\"https:\/\/cmykprinted.com\/wp-content\/uploads\/2025\/05\/Promotional-Tablecloths-Australia.mp4\">https:\/\/cmykprinted.com\/wp-content\/uploads\/2025\/05\/Promotional-Tablecloths-Australia.mp4<\/a><\/video><\/div>","protected":false},"featured_media":2610,"template":"","meta":{"_kad_post_transparent":"default","_kad_post_title":"hide","_kad_post_layout":"fullwidth","_kad_post_sidebar_id":"","_kad_post_content_style":"unboxed","_kad_post_vertical_padding":"hide","_kad_post_feature":"hide","_kad_post_feature_position":"","_kad_post_header":false,"_kad_post_footer":false},"product_cat":[80,81],"product_tag":[577,579,578,576],"class_list":{"0":"post-2591","1":"product","2":"type-product","3":"status-publish","4":"has-post-thumbnail","6":"product_cat-custom-tablecloth","7":"product_cat-custom-stretch-tablecloth","8":"product_tag-custom-printed-promotional-tablecloths","9":"product_tag-custom-printed-tablecloths","10":"product_tag-printed-promotional-tablecloths","11":"product_tag-promotional-tablecloths-australia","13":"first","14":"instock","15":"shipping-taxable","16":"product-type-simple","17":"entry","18":"content-bg","19":"loop-entry"},"_links":{"self":[{"href":"https:\/\/cmykprinted.com\/sl\/wp-json\/wp\/v2\/product\/2591","targetHints":{"allow":["GET"]}}],"collection":[{"href":"https:\/\/cmykprinted.com\/sl\/wp-json\/wp\/v2\/product"}],"about":[{"href":"https:\/\/cmykprinted.com\/sl\/wp-json\/wp\/v2\/types\/product"}],"version-history":[{"count":2,"href":"https:\/\/cmykprinted.com\/sl\/wp-json\/wp\/v2\/product\/2591\/revisions"}],"predecessor-version":[{"id":2611,"href":"https:\/\/cmykprinted.com\/sl\/wp-json\/wp\/v2\/product\/2591\/revisions\/2611"}],"wp:featuredmedia":[{"embeddable":true,"href":"https:\/\/cmykprinted.com\/sl\/wp-json\/wp\/v2\/media\/2610"}],"wp:attachment":[{"href":"https:\/\/cmykprinted.com\/sl\/wp-json\/wp\/v2\/media?parent=2591"}],"wp:term":[{"taxonomy":"product_cat","embeddable":true,"href":"https:\/\/cmykprinted.com\/sl\/wp-json\/wp\/v2\/product_cat?post=2591"},{"taxonomy":"product_tag","embeddable":true,"href":"https:\/\/cmykprinted.com\/sl\/wp-json\/wp\/v2\/product_tag?post=2591"}],"curies":[{"name":"wp","href":"https:\/\/api.w.org\/{rel}","templated":true}]}}