{"id":2602,"date":"2025-05-23T13:50:03","date_gmt":"2025-05-23T13:50:03","guid":{"rendered":"https:\/\/cmykprinted.com\/?post_type=product&#038;p=2602"},"modified":"2025-05-23T13:56:32","modified_gmt":"2025-05-23T13:56:32","slug":"custom-fitted-table-cloth-with-zipper-back-australia","status":"publish","type":"product","link":"https:\/\/cmykprinted.com\/sl\/izdelek\/po-meri-narejen-prt-z-zadrgo-na-hrbtu-avstralija\/","title":{"rendered":"Prt po meri z zadrgo na hrbtni strani Avstralija"},"content":{"rendered":"","protected":false},"excerpt":{"rendered":"<p>Izbolj\u0161ajte prisotnost svoje blagovne znamke na dogodkih, sejmih in razstavah z na\u0161im vrhunskim prtom po meri z zadrgo na hrbtni strani \u2013 posebej prilagojenim za avstralska podjetja. Ta prt, izdelan iz visokokakovostne raztegljive poliestrske tkanine, je zasnovan tako, da se brezhibno prilega va\u0161i mizi in ustvari eleganten, profesionalen videz, ki izstopa.<\/p>\n<p>Zadnja zadrga omogo\u010da priro\u010den dostop do shranjevanja pod mizo, s \u010dimer skrije nered, hkrati pa zagotavlja enostaven dostop do marketin\u0161kih materialov, osebnih predmetov ali zalog. Na voljo za standardne mize velikosti 1,2 m, 1,8 m in 2,4 m, vsak prt pa je v celoti prilagojen z va\u0161im logotipom, barvami in grafiko z uporabo \u017eivahnega sublimacijskega tiska v polni barvi.<\/p>\n<p>Ta prt z naramnicami je idealen za konference, razstave, trgovine na drobno in promocijske dogodke, saj je odporen proti gubam, pralni v pralnem stroju in ponovno uporaben \u2013 ponuja dolgoro\u010dno vrednost in prepoznavnost blagovne znamke. Oblikovan in natisnjen v Avstraliji, s hitro izdelavo in dostavo po vsej dr\u017eavi.<\/p>\n<p>Izstopajte iz mno\u017eice in naredite svojo razstavo nepozabno z na\u0161imi profesionalnimi prti za mize z zadrgo.<\/p>\n<div style=\"width: 1280px;\" class=\"wp-video\"><!--[if lt IE 9]><script>document.createElement('video');<\/script><![endif]--><br \/>\n<video class=\"wp-video-shortcode\" id=\"video-2602-1\" width=\"1280\" height=\"720\" preload=\"metadata\" controls=\"controls\"><source type=\"video\/mp4\" src=\"https:\/\/cmykprinted.com\/wp-content\/uploads\/2025\/05\/Promotional-Tablecloths-Australia.mp4?_=1\" \/><a href=\"https:\/\/cmykprinted.com\/wp-content\/uploads\/2025\/05\/Promotional-Tablecloths-Australia.mp4\">https:\/\/cmykprinted.com\/wp-content\/uploads\/2025\/05\/Promotional-Tablecloths-Australia.mp4<\/a><\/video><\/div>","protected":false},"featured_media":2609,"template":"","meta":{"_kad_post_transparent":"default","_kad_post_title":"hide","_kad_post_layout":"fullwidth","_kad_post_sidebar_id":"","_kad_post_content_style":"unboxed","_kad_post_vertical_padding":"hide","_kad_post_feature":"hide","_kad_post_feature_position":"","_kad_post_header":false,"_kad_post_footer":false},"product_cat":[80,81],"product_tag":[535,580,581,582],"class_list":{"0":"post-2602","1":"product","2":"type-product","3":"status-publish","4":"has-post-thumbnail","6":"product_cat-custom-tablecloth","7":"product_cat-custom-stretch-tablecloth","8":"product_tag-custom-fitted-table-cloth","9":"product_tag-fitted-table-cloth","10":"product_tag-fitted-table-cloth-with-zipper-back","11":"product_tag-fitted-table-cloth-with-zipper-back-australia","13":"first","14":"instock","15":"shipping-taxable","16":"product-type-simple","17":"entry","18":"content-bg","19":"loop-entry"},"_links":{"self":[{"href":"https:\/\/cmykprinted.com\/sl\/wp-json\/wp\/v2\/product\/2602","targetHints":{"allow":["GET"]}}],"collection":[{"href":"https:\/\/cmykprinted.com\/sl\/wp-json\/wp\/v2\/product"}],"about":[{"href":"https:\/\/cmykprinted.com\/sl\/wp-json\/wp\/v2\/types\/product"}],"version-history":[{"count":1,"href":"https:\/\/cmykprinted.com\/sl\/wp-json\/wp\/v2\/product\/2602\/revisions"}],"predecessor-version":[{"id":2607,"href":"https:\/\/cmykprinted.com\/sl\/wp-json\/wp\/v2\/product\/2602\/revisions\/2607"}],"wp:featuredmedia":[{"embeddable":true,"href":"https:\/\/cmykprinted.com\/sl\/wp-json\/wp\/v2\/media\/2609"}],"wp:attachment":[{"href":"https:\/\/cmykprinted.com\/sl\/wp-json\/wp\/v2\/media?parent=2602"}],"wp:term":[{"taxonomy":"product_cat","embeddable":true,"href":"https:\/\/cmykprinted.com\/sl\/wp-json\/wp\/v2\/product_cat?post=2602"},{"taxonomy":"product_tag","embeddable":true,"href":"https:\/\/cmykprinted.com\/sl\/wp-json\/wp\/v2\/product_tag?post=2602"}],"curies":[{"name":"wp","href":"https:\/\/api.w.org\/{rel}","templated":true}]}}