{"id":2620,"date":"2025-05-27T07:13:40","date_gmt":"2025-05-27T07:13:40","guid":{"rendered":"https:\/\/cmykprinted.com\/?post_type=product&#038;p=2620"},"modified":"2025-05-27T07:45:05","modified_gmt":"2025-05-27T07:45:05","slug":"custom-printed-branded-tablecloth-for-events","status":"publish","type":"product","link":"https:\/\/cmykprinted.com\/sl\/izdelek\/po-meri-tiskan-znamcen-prt-za-dogodke\/","title":{"rendered":"Prt z blagovno znamko po meri za dogodke"},"content":{"rendered":"","protected":false},"excerpt":{"rendered":"<p>Tiskani prt z blagovno znamko je bistveno promocijsko orodje za vsako podjetje, ki sodeluje na dogodkih, kot so sejmi, razstave, konference, predstavitve izdelkov in tr\u017eenjske aktivacije. Standardno mizo spremeni v profesionalen in vizualno privla\u010den prikaz, ki pomaga va\u0161i blagovni znamki izstopati v \u017eivahnih okoljih dogodkov. Ti prti so izdelani iz visokokakovostnih, trpe\u017enih tkanin, kot sta poliester ali raztegljiv elastan, in so zasnovani tako za notranjo kot zunanjo uporabo.<\/p>\n<p>Oblika obi\u010dajno vklju\u010duje va\u0161 logotip, barve blagovne znamke, slogan in druge ustrezne grafike, natisnjene v polni barvi s tehniko sublimacije barvil ali digitalnega tiska. To zagotavlja \u017eivahne, dolgotrajne vizualne elemente, ki ne bledijo tudi po ve\u010dkratnem pranju. Prti z blagovno znamko, ki so na voljo v razli\u010dnih stilih \u2013 kot so oprijeti, ohlapno drapirani ali raztegljivi \u2013 se lahko prilagodijo standardnim velikostim miz, kot so 1,2 m, 1,8 m ali 2,4 m, ali pa se prilagodijo edinstvenim dimenzijam miz.<\/p>\n<p>Ne glede na to, ali izberete tristransko zasnovo za enostaven dostop do prostora za shranjevanje pod mizo ali celoten \u0161tiristranski prt za eleganten 360\u00b0 videz, vam prt z blagovno znamko doda pridih profesionalnosti in doslednosti blagovne znamke. Enostavno ga je zlo\u017eiti, shraniti in preva\u017eati, zato je idealen za podjetja, ki se redno udele\u017eujejo dogodkov. Cenovno ugodni, ve\u010dkrat uporabni in u\u010dinkoviti prti z blagovno znamko, ki so natisnjeni, so pametna nalo\u017eba v krepitev prisotnosti va\u0161e blagovne znamke na katerem koli dogodku.<\/p>\n<div style=\"width: 1280px;\" class=\"wp-video\"><!--[if lt IE 9]><script>document.createElement('video');<\/script><![endif]--><br \/>\n<video class=\"wp-video-shortcode\" id=\"video-2620-1\" width=\"1280\" height=\"720\" preload=\"metadata\" controls=\"controls\"><source type=\"video\/mp4\" src=\"https:\/\/cmykprinted.com\/wp-content\/uploads\/2025\/05\/Printed-Branded-Tablecloth-for-Events.mp4?_=1\" \/><a href=\"https:\/\/cmykprinted.com\/wp-content\/uploads\/2025\/05\/Printed-Branded-Tablecloth-for-Events.mp4\">https:\/\/cmykprinted.com\/wp-content\/uploads\/2025\/05\/Printed-Branded-Tablecloth-for-Events.mp4<\/a><\/video><\/div>","protected":false},"featured_media":2626,"template":"","meta":{"_kad_post_transparent":"default","_kad_post_title":"hide","_kad_post_layout":"fullwidth","_kad_post_sidebar_id":"","_kad_post_content_style":"unboxed","_kad_post_vertical_padding":"hide","_kad_post_feature":"hide","_kad_post_feature_position":"","_kad_post_header":false,"_kad_post_footer":false},"product_cat":[80,81,83],"product_tag":[587,590,589,588],"class_list":{"0":"post-2620","1":"product","2":"type-product","3":"status-publish","4":"has-post-thumbnail","6":"product_cat-custom-tablecloth","7":"product_cat-custom-stretch-tablecloth","8":"product_cat-fitted-table-cover","9":"product_tag-branded-tablecloth-for-events","10":"product_tag-custom-branded-tablecloth-for-events","11":"product_tag-custom-printed-branded-tablecloth-f","12":"product_tag-printed-branded-tablecloth","14":"first","15":"instock","16":"shipping-taxable","17":"product-type-simple","18":"entry","19":"content-bg","20":"loop-entry"},"_links":{"self":[{"href":"https:\/\/cmykprinted.com\/sl\/wp-json\/wp\/v2\/product\/2620","targetHints":{"allow":["GET"]}}],"collection":[{"href":"https:\/\/cmykprinted.com\/sl\/wp-json\/wp\/v2\/product"}],"about":[{"href":"https:\/\/cmykprinted.com\/sl\/wp-json\/wp\/v2\/types\/product"}],"version-history":[{"count":1,"href":"https:\/\/cmykprinted.com\/sl\/wp-json\/wp\/v2\/product\/2620\/revisions"}],"predecessor-version":[{"id":2622,"href":"https:\/\/cmykprinted.com\/sl\/wp-json\/wp\/v2\/product\/2620\/revisions\/2622"}],"wp:featuredmedia":[{"embeddable":true,"href":"https:\/\/cmykprinted.com\/sl\/wp-json\/wp\/v2\/media\/2626"}],"wp:attachment":[{"href":"https:\/\/cmykprinted.com\/sl\/wp-json\/wp\/v2\/media?parent=2620"}],"wp:term":[{"taxonomy":"product_cat","embeddable":true,"href":"https:\/\/cmykprinted.com\/sl\/wp-json\/wp\/v2\/product_cat?post=2620"},{"taxonomy":"product_tag","embeddable":true,"href":"https:\/\/cmykprinted.com\/sl\/wp-json\/wp\/v2\/product_tag?post=2620"}],"curies":[{"name":"wp","href":"https:\/\/api.w.org\/{rel}","templated":true}]}}