{"id":2627,"date":"2025-05-28T03:20:18","date_gmt":"2025-05-28T03:20:18","guid":{"rendered":"https:\/\/cmykprinted.com\/?post_type=product&#038;p=2627"},"modified":"2025-05-28T03:22:18","modified_gmt":"2025-05-28T03:22:18","slug":"custom-branded-table-cloth-with-bottom-price","status":"publish","type":"product","link":"https:\/\/cmykprinted.com\/sl\/izdelek\/personaliziran-blagovni-prt-po-najnizji-ceni\/","title":{"rendered":"Prt z blagovno znamko po meri z najni\u017ejo ceno"},"content":{"rendered":"","protected":false},"excerpt":{"rendered":"<p data-start=\"235\" data-end=\"483\">I\u0161\u010dete stro\u0161kovno u\u010dinkovit na\u010din za predstavitev svoje blagovne znamke na dogodkih, ne da bi pri tem ogrozili kakovost? <strong data-start=\"335\" data-end=\"376\">Prt z blagovno znamko po najni\u017eji ceni<\/strong> je idealna re\u0161itev za podjetja, ki se zavedajo prora\u010duna in \u017eelijo kljub temu narediti profesionalen vtis.<\/p>\n<p data-start=\"485\" data-end=\"818\">Ne glede na to, ali razstavljate na sejmih, se udele\u017eujete poslovnih razstav ali vodite pop-up trgovino, ta prt va\u0161i postavitvi doda \u010dist, celovit in blagovno znamko zna\u010dilen videz. Izdelan je iz trpe\u017ene poliestrske tkanine, je lahek, odporen proti gubam in enostaven za vzdr\u017eevanje \u2013 idealen za podjetja, ki pogosto potujejo ali se postavljajo na ve\u010d dogodkih.<\/p>\n<p data-start=\"820\" data-end=\"1149\">Z visokokakovostno tehnologijo sublimacije so barve va\u0161ega logotipa in blagovne znamke ostre in \u017eive, kar vam pomaga izstopati iz mno\u017eice. \u010crnilo je vdelano v tkanino, zato se dizajn po pranju ne bo olupil ali zbledel. Za del\u010dek stro\u0161kov drugih materialov za razstavljanje blagovnih znamk dobite dolgo obstojno promocijsko sredstvo.<\/p>\n<p data-start=\"1151\" data-end=\"1429\">Ta prt je na voljo v ve\u010d velikostih (1,2 m, 1,8 m, 2,4 m) in stilih (oprijet, drapiran ali raztegljiv), da ustreza va\u0161im potrebam. Prav tako se kompaktno zlo\u017ei za la\u017eji transport in shranjevanje, zaradi \u010desar je idealen za mala podjetja, zagonska podjetja in marketin\u0161ke ekipe, ki delajo z omejenim prora\u010dunom.<\/p>\n<p data-start=\"1431\" data-end=\"1712\">Skratka, to je nizkocenovna nalo\u017eba, ki zagotavlja visoko u\u010dinkovit blagovni znamki. Pridobite videz vrhunskega zaslona brez premium cene. \u010ce i\u0161\u010dete <strong data-start=\"1588\" data-end=\"1648\">odli\u010dna vrednost, zanesljiva kakovost in mo\u010dna prisotnost blagovne znamke<\/strong>, na\u0161 prt z blagovno znamko po najni\u017eji ceni je pametna izbira.<\/p>\n<div style=\"width: 1280px;\" class=\"wp-video\"><!--[if lt IE 9]><script>document.createElement('video');<\/script><![endif]--><br \/>\n<video class=\"wp-video-shortcode\" id=\"video-2627-1\" width=\"1280\" height=\"720\" preload=\"metadata\" controls=\"controls\"><source type=\"video\/mp4\" src=\"https:\/\/cmykprinted.com\/wp-content\/uploads\/2025\/05\/Printed-Branded-Tablecloth-for-Events.mp4?_=1\" \/><a href=\"https:\/\/cmykprinted.com\/wp-content\/uploads\/2025\/05\/Printed-Branded-Tablecloth-for-Events.mp4\">https:\/\/cmykprinted.com\/wp-content\/uploads\/2025\/05\/Printed-Branded-Tablecloth-for-Events.mp4<\/a><\/video><\/div>","protected":false},"featured_media":2630,"template":"","meta":{"_kad_post_transparent":"default","_kad_post_title":"hide","_kad_post_layout":"fullwidth","_kad_post_sidebar_id":"","_kad_post_content_style":"unboxed","_kad_post_vertical_padding":"hide","_kad_post_feature":"hide","_kad_post_feature_position":"","_kad_post_header":false,"_kad_post_footer":false},"product_cat":[80,81,83],"product_tag":[592,591,593],"class_list":{"0":"post-2627","1":"product","2":"type-product","3":"status-publish","4":"has-post-thumbnail","6":"product_cat-custom-tablecloth","7":"product_cat-custom-stretch-tablecloth","8":"product_cat-fitted-table-cover","9":"product_tag-branded-table-cloth","10":"product_tag-branded-table-cloth-price","11":"product_tag-custom-branded-table-cloth","13":"first","14":"instock","15":"shipping-taxable","16":"product-type-simple","17":"entry","18":"content-bg","19":"loop-entry"},"_links":{"self":[{"href":"https:\/\/cmykprinted.com\/sl\/wp-json\/wp\/v2\/product\/2627","targetHints":{"allow":["GET"]}}],"collection":[{"href":"https:\/\/cmykprinted.com\/sl\/wp-json\/wp\/v2\/product"}],"about":[{"href":"https:\/\/cmykprinted.com\/sl\/wp-json\/wp\/v2\/types\/product"}],"version-history":[{"count":2,"href":"https:\/\/cmykprinted.com\/sl\/wp-json\/wp\/v2\/product\/2627\/revisions"}],"predecessor-version":[{"id":2633,"href":"https:\/\/cmykprinted.com\/sl\/wp-json\/wp\/v2\/product\/2627\/revisions\/2633"}],"wp:featuredmedia":[{"embeddable":true,"href":"https:\/\/cmykprinted.com\/sl\/wp-json\/wp\/v2\/media\/2630"}],"wp:attachment":[{"href":"https:\/\/cmykprinted.com\/sl\/wp-json\/wp\/v2\/media?parent=2627"}],"wp:term":[{"taxonomy":"product_cat","embeddable":true,"href":"https:\/\/cmykprinted.com\/sl\/wp-json\/wp\/v2\/product_cat?post=2627"},{"taxonomy":"product_tag","embeddable":true,"href":"https:\/\/cmykprinted.com\/sl\/wp-json\/wp\/v2\/product_tag?post=2627"}],"curies":[{"name":"wp","href":"https:\/\/api.w.org\/{rel}","templated":true}]}}