{"id":2634,"date":"2025-05-28T05:01:54","date_gmt":"2025-05-28T05:01:54","guid":{"rendered":"https:\/\/cmykprinted.com\/?post_type=product&#038;p=2634"},"modified":"2025-05-28T05:01:54","modified_gmt":"2025-05-28T05:01:54","slug":"custom-metal-transfer-logo-stickers-for-perfume-bottle","status":"publish","type":"product","link":"https:\/\/cmykprinted.com\/sl\/izdelek\/personalizirane-kovinske-transferne-nalepke-z-logotipom-za-steklenicko-parfuma\/","title":{"rendered":"Nalepke z logotipom po meri za prenos kovin za stekleni\u010dko parfumov"},"content":{"rendered":"","protected":false},"excerpt":{"rendered":"<p>Izbolj\u0161ajte eleganco in identiteto svojega izdelka z na\u0161imi vrhunskimi kovinskimi nalepkami za prenos logotipa po meri, posebej zasnovanimi za stekleni\u010dke parfumov. Te vrhunske kovinske nalepke ponujajo razko\u0161en in profesionalen videz, ki takoj dvigne va\u0161o embala\u017eo na vi\u0161jo raven in odra\u017ea kakovost va\u0161e blagovne znamke.<\/p>\n<p>Te nalepke, izdelane z napredno tehnologijo transferja, imajo elegantno kovinsko povr\u0161ino z natan\u010dnimi detajli, zaradi \u010desar so idealne za logotipe, imena blagovnih znamk ali dekorativne elemente. Transferna aplikacija zagotavlja, da se na povr\u0161ino oprime le kovinski del, brez ozadja ali lepilnih robov \u2013 kar ustvarja brezhiben, graviran videz neposredno na stekleni ali plasti\u010dni steklenici.<\/p>\n<p>Na\u0161e kovinske nalepke z logotipi, ki so na voljo v razli\u010dnih izvedbah, kot so zlata, srebrna, ro\u017enato zlata, mat \u010drna in krom, lahko prilagodimo estetiki va\u0161e blagovne znamke. Ne glede na to, ali imate raje minimalisti\u010den monogram ali zapleten dizajn logotipa, ponujamo re\u0161itve po meri, ki ustrezajo va\u0161im specifi\u010dnim potrebam.<\/p>\n<p>Te nalepke niso le vizualno privla\u010dne, ampak tudi trpe\u017ene \u2013 odporne na vodo, olje in parfume, kar zagotavlja, da va\u0161a blagovna znamka ostane nedotaknjena skozi \u010das. Popolne so za luksuzne parfumske linije, kozmeti\u010dne izdelke ali vrhunske promocijske izdelke.<\/p>\n<p>Na\u0161a oblikovalska ekipa bo tesno sodelovala z vami, da bi ustvarila popolno nalepko z logotipom, ki bo odra\u017eala identiteto va\u0161e blagovne znamke. Za veleprodajna naro\u010dila so na voljo MOQ in veleprodajne cene.<\/p>\n<p>Nadgradite svojo embala\u017eo z eleganco in prefinjenostjo \u2013 izberite na\u0161e nalepke z logotipom po meri za prefinjen zaklju\u010dek.<\/p>\n<div style=\"width: 480px;\" class=\"wp-video\"><!--[if lt IE 9]><script>document.createElement('video');<\/script><![endif]--><br \/>\n<video class=\"wp-video-shortcode\" id=\"video-2634-1\" width=\"480\" height=\"480\" preload=\"metadata\" controls=\"controls\"><source type=\"video\/mp4\" src=\"https:\/\/cmykprinted.com\/wp-content\/uploads\/2025\/05\/Metal-Transfer-Logo-Stickers-For-Perfume-Bottle.mp4?_=1\" \/><a href=\"https:\/\/cmykprinted.com\/wp-content\/uploads\/2025\/05\/Metal-Transfer-Logo-Stickers-For-Perfume-Bottle.mp4\">https:\/\/cmykprinted.com\/wp-content\/uploads\/2025\/05\/Metal-Transfer-Logo-Stickers-For-Perfume-Bottle.mp4<\/a><\/video><\/div>","protected":false},"featured_media":2635,"template":"","meta":{"_kad_post_transparent":"default","_kad_post_title":"hide","_kad_post_layout":"fullwidth","_kad_post_sidebar_id":"","_kad_post_content_style":"unboxed","_kad_post_vertical_padding":"hide","_kad_post_feature":"hide","_kad_post_feature_position":"","_kad_post_header":false,"_kad_post_footer":false},"product_cat":[101,102],"product_tag":[596,594,595,597],"class_list":{"0":"post-2634","1":"product","2":"type-product","3":"status-publish","4":"has-post-thumbnail","6":"product_cat-transfer-stickers","7":"product_cat-metal-transfer-stickers","8":"product_tag-custom-metal-transfer-logo-stickers","9":"product_tag-logo-stickers-for-perfume-bottle","10":"product_tag-metal-transfer-logo-stickers","11":"product_tag-transfer-logo-stickers-for-perfume-bottle","13":"first","14":"instock","15":"shipping-taxable","16":"product-type-simple","17":"entry","18":"content-bg","19":"loop-entry"},"_links":{"self":[{"href":"https:\/\/cmykprinted.com\/sl\/wp-json\/wp\/v2\/product\/2634","targetHints":{"allow":["GET"]}}],"collection":[{"href":"https:\/\/cmykprinted.com\/sl\/wp-json\/wp\/v2\/product"}],"about":[{"href":"https:\/\/cmykprinted.com\/sl\/wp-json\/wp\/v2\/types\/product"}],"version-history":[{"count":1,"href":"https:\/\/cmykprinted.com\/sl\/wp-json\/wp\/v2\/product\/2634\/revisions"}],"predecessor-version":[{"id":2640,"href":"https:\/\/cmykprinted.com\/sl\/wp-json\/wp\/v2\/product\/2634\/revisions\/2640"}],"wp:featuredmedia":[{"embeddable":true,"href":"https:\/\/cmykprinted.com\/sl\/wp-json\/wp\/v2\/media\/2635"}],"wp:attachment":[{"href":"https:\/\/cmykprinted.com\/sl\/wp-json\/wp\/v2\/media?parent=2634"}],"wp:term":[{"taxonomy":"product_cat","embeddable":true,"href":"https:\/\/cmykprinted.com\/sl\/wp-json\/wp\/v2\/product_cat?post=2634"},{"taxonomy":"product_tag","embeddable":true,"href":"https:\/\/cmykprinted.com\/sl\/wp-json\/wp\/v2\/product_tag?post=2634"}],"curies":[{"name":"wp","href":"https:\/\/api.w.org\/{rel}","templated":true}]}}