{"id":2668,"date":"2025-06-06T04:34:33","date_gmt":"2025-06-06T04:34:33","guid":{"rendered":"https:\/\/cmykprinted.com\/?post_type=product&#038;p=2668"},"modified":"2025-06-06T05:55:38","modified_gmt":"2025-06-06T05:55:38","slug":"custom-made-canopy-tents-with-your-logo-printed","status":"publish","type":"product","link":"https:\/\/cmykprinted.com\/sl\/izdelek\/sotori-po-meri-z-natisnjenim-logotipom\/","title":{"rendered":"\u0160otori z baldahinom po meri z natisnjenim va\u0161im logotipom"},"content":{"rendered":"","protected":false},"excerpt":{"rendered":"<p>Izstopajte na vsakem dogodku z na\u0161imi visokokakovostnimi \u0161otori s kro\u0161njami po meri. Na\u0161i \u0161otori so zasnovani za predstavitev va\u0161e blagovne znamke in imajo na vseh straneh barvni tisk va\u0161ega logotipa, slogana ali umetni\u0161kega dela. Ne glede na to, ali se udele\u017eujete sejma, festivala, tr\u017enice ali \u0161portnega dogodka, na\u0161i personalizirani \u0161otori zagotavljajo maksimalno vidnost in profesionalno prisotnost.<\/p>\n<p>Vsak \u0161otor je izdelan iz trpe\u017enih, vremensko odpornih materialov, zasnovanih tako, da prenesejo avstralsko podnebje. Izbirate lahko med razli\u010dnimi velikostmi, trdnostjo okvirja in mo\u017enostmi tiskanja, ki ustrezajo va\u0161im potrebam. Dvigljiva zasnova omogo\u010da hitro in enostavno postavitev, zaradi \u010desar je idealen tako za notranjo kot zunanjo uporabo.<\/p>\n<p>Uporabljamo najsodobnej\u0161o tehnologijo tiskanja, ki zagotavlja \u017eivahne in dolgotrajne barve, ki ne bodo zbledele. Med mo\u017enostmi so stene, transparenti, zastave in torbe za no\u0161enje \u2013 vse po meri.<\/p>\n<p>Na\u0161i \u0161otori z nadstre\u0161ki z blagovno znamko so idealni za podjetja, \u0161ole, neprofitne organizacije in organizatorje dogodkov, saj vam pomagajo ustvariti nepozaben prvi vtis.<\/p>\n<p>Naj va\u0161a blagovna znamka zasije \u2013 kontaktirajte nas \u0161e danes za ponudbo ali brezpla\u010den maketo.<\/p>\n<div style=\"width: 960px;\" class=\"wp-video\"><!--[if lt IE 9]><script>document.createElement('video');<\/script><![endif]--><br \/>\n<video class=\"wp-video-shortcode\" id=\"video-2668-1\" width=\"960\" height=\"544\" preload=\"metadata\" controls=\"controls\"><source type=\"video\/mp4\" src=\"https:\/\/cmykprinted.com\/wp-content\/uploads\/2024\/04\/digicel-tents.mp4?_=1\" \/><a href=\"https:\/\/cmykprinted.com\/wp-content\/uploads\/2024\/04\/digicel-tents.mp4\">https:\/\/cmykprinted.com\/wp-content\/uploads\/2024\/04\/digicel-tents.mp4<\/a><\/video><\/div>","protected":false},"featured_media":2677,"template":"","meta":{"_kad_post_transparent":"default","_kad_post_title":"hide","_kad_post_layout":"normal","_kad_post_sidebar_id":"","_kad_post_content_style":"unboxed","_kad_post_vertical_padding":"hide","_kad_post_feature":"hide","_kad_post_feature_position":"","_kad_post_header":false,"_kad_post_footer":false},"product_cat":[68,76,74],"product_tag":[605,604,606],"class_list":{"0":"post-2668","1":"product","2":"type-product","3":"status-publish","4":"has-post-thumbnail","6":"product_cat-custom-canopy-tents","7":"product_cat-10x15ft-pop-up-tents-50mm-heavy-duty-hexagon-aluminum-tents-custom-canopy-tents","8":"product_cat-50mm-heavy-duty-hexagon-aluminum-tents","9":"product_tag-custom-canopy-tents-with-logo","10":"product_tag-custom-made-canopy-tents","11":"product_tag-custom-printed-canopy-tents","13":"first","14":"instock","15":"shipping-taxable","16":"product-type-simple","17":"entry","18":"content-bg","19":"loop-entry"},"_links":{"self":[{"href":"https:\/\/cmykprinted.com\/sl\/wp-json\/wp\/v2\/product\/2668","targetHints":{"allow":["GET"]}}],"collection":[{"href":"https:\/\/cmykprinted.com\/sl\/wp-json\/wp\/v2\/product"}],"about":[{"href":"https:\/\/cmykprinted.com\/sl\/wp-json\/wp\/v2\/types\/product"}],"version-history":[{"count":1,"href":"https:\/\/cmykprinted.com\/sl\/wp-json\/wp\/v2\/product\/2668\/revisions"}],"predecessor-version":[{"id":2671,"href":"https:\/\/cmykprinted.com\/sl\/wp-json\/wp\/v2\/product\/2668\/revisions\/2671"}],"wp:featuredmedia":[{"embeddable":true,"href":"https:\/\/cmykprinted.com\/sl\/wp-json\/wp\/v2\/media\/2677"}],"wp:attachment":[{"href":"https:\/\/cmykprinted.com\/sl\/wp-json\/wp\/v2\/media?parent=2668"}],"wp:term":[{"taxonomy":"product_cat","embeddable":true,"href":"https:\/\/cmykprinted.com\/sl\/wp-json\/wp\/v2\/product_cat?post=2668"},{"taxonomy":"product_tag","embeddable":true,"href":"https:\/\/cmykprinted.com\/sl\/wp-json\/wp\/v2\/product_tag?post=2668"}],"curies":[{"name":"wp","href":"https:\/\/api.w.org\/{rel}","templated":true}]}}