{"id":2678,"date":"2025-06-09T08:44:00","date_gmt":"2025-06-09T08:44:00","guid":{"rendered":"https:\/\/cmykprinted.com\/?post_type=product&#038;p=2678"},"modified":"2025-06-09T08:44:00","modified_gmt":"2025-06-09T08:44:00","slug":"outdoor-marketing-flags-supplier-best-price-with-48-hours-turnaround","status":"publish","type":"product","link":"https:\/\/cmykprinted.com\/sl\/izdelek\/dobavitelj-zunanjih-reklamnih-zastav-najboljsa-cena-z-48-urnim-casom-obdelave\/","title":{"rendered":"Dobavitelj zunanjih marketin\u0161kih zastav po najbolj\u0161i ceni z dobavo v 48 urah"},"content":{"rendered":"","protected":false},"excerpt":{"rendered":"<p>V hitrem svetu ogla\u0161evanja je pritegniti pozornost vse. Ne glede na to, ali promovirate veliko otvoritev, napovedujete razprodajo, sodelujete na sejmu ali preprosto \u017eelite izstopati na prometni ulici, so zastave iz perja po meri za zunanje ogla\u0161evanje postale bistveno in u\u010dinkovito promocijsko orodje za podjetja vseh velikosti. Ti privla\u010dni transparenti plapolajo v vetru, ustvarjajo dinami\u010dno gibanje in vidnost ter zagotavljajo, da je va\u0161e sporo\u010dilo vidno \u2013 glasno in jasno.<\/p>\n<p>V tem priro\u010dniku bomo raziskali vse, kar morate vedeti o pernatih zastavah za zunanje tr\u017eenje: kaj so, zakaj delujejo, kako jih u\u010dinkovito oblikovati ter kje in kdaj jih uporabiti.<\/p>\n<p>Pernate zastave po meri za uporabo na prostem so pametna, elegantna in prilagodljiva re\u0161itev za sodobne tr\u017enike. Zaradi kombinacije gibanja, vi\u0161ine, barv in cenovne dostopnosti so eno naju\u010dinkovitej\u0161ih ogla\u0161evalskih orodij, ki so danes na voljo. Ne glede na to, ali potrebujete eno samo zastavo za vikend razprodajo ali floto zastav za obse\u017eno kampanjo, je vlaganje v pernate zastave po meri preizku\u0161ena strategija za pritegnitev pozornosti \u2013 in pretvorbo prometa v stranke.<\/p>\n<p>S pravo zasnovo, kakovostnimi materiali in strate\u0161ko postavitvijo bo va\u0161a pernata zastava trdo slu\u017eila va\u0161emu podjetju \u2013 v de\u017eju ali soncu, dan za dnem.<\/p>\n<p>&nbsp;<\/p>","protected":false},"featured_media":2679,"template":"","meta":{"_kad_post_transparent":"default","_kad_post_title":"hide","_kad_post_layout":"fullwidth","_kad_post_sidebar_id":"","_kad_post_content_style":"unboxed","_kad_post_vertical_padding":"hide","_kad_post_feature":"hide","_kad_post_feature_position":"","_kad_post_header":false,"_kad_post_footer":false},"product_cat":[64,65],"product_tag":[609,610,607,608],"class_list":{"0":"post-2678","1":"product","2":"type-product","3":"status-publish","4":"has-post-thumbnail","6":"product_cat-beach-flags","7":"product_cat-feather-flags-banners","8":"product_tag-outdoor-flags","9":"product_tag-outdoor-flags-with-best-price","10":"product_tag-outdoor-marketing-flags","11":"product_tag-outdoor-marketing-flags-supplier","13":"first","14":"instock","15":"shipping-taxable","16":"product-type-simple","17":"entry","18":"content-bg","19":"loop-entry"},"_links":{"self":[{"href":"https:\/\/cmykprinted.com\/sl\/wp-json\/wp\/v2\/product\/2678","targetHints":{"allow":["GET"]}}],"collection":[{"href":"https:\/\/cmykprinted.com\/sl\/wp-json\/wp\/v2\/product"}],"about":[{"href":"https:\/\/cmykprinted.com\/sl\/wp-json\/wp\/v2\/types\/product"}],"version-history":[{"count":1,"href":"https:\/\/cmykprinted.com\/sl\/wp-json\/wp\/v2\/product\/2678\/revisions"}],"predecessor-version":[{"id":2684,"href":"https:\/\/cmykprinted.com\/sl\/wp-json\/wp\/v2\/product\/2678\/revisions\/2684"}],"wp:featuredmedia":[{"embeddable":true,"href":"https:\/\/cmykprinted.com\/sl\/wp-json\/wp\/v2\/media\/2679"}],"wp:attachment":[{"href":"https:\/\/cmykprinted.com\/sl\/wp-json\/wp\/v2\/media?parent=2678"}],"wp:term":[{"taxonomy":"product_cat","embeddable":true,"href":"https:\/\/cmykprinted.com\/sl\/wp-json\/wp\/v2\/product_cat?post=2678"},{"taxonomy":"product_tag","embeddable":true,"href":"https:\/\/cmykprinted.com\/sl\/wp-json\/wp\/v2\/product_tag?post=2678"}],"curies":[{"name":"wp","href":"https:\/\/api.w.org\/{rel}","templated":true}]}}