{"id":2705,"date":"2025-06-18T08:15:16","date_gmt":"2025-06-18T08:15:16","guid":{"rendered":"https:\/\/cmykprinted.com\/?post_type=product&#038;p=2705"},"modified":"2025-06-23T02:43:20","modified_gmt":"2025-06-23T02:43:20","slug":"3d-metal-transfer-stickers","status":"publish","type":"product","link":"https:\/\/cmykprinted.com\/sl\/izdelek\/prilagojene-3d-kovinske-prenosne-nalepke-z-vasim-lastnim-umetniskim-delom\/","title":{"rendered":"Prilagojene-3D-kovinske-prenosne-nalepke-z-va\u0161im-lastnim-umetni\u0161kim-delom"},"content":{"rendered":"","protected":false},"excerpt":{"rendered":"<p>Naj va\u0161a blagovna znamka izstopa s 3D kovinskimi nalepkami po meri \u2013 oblikovane po va\u0161i meri, izdelane za vtis<\/p>\n<p>Dodajte svojim izdelkom, embala\u017ei ali promocijskim artiklom vrhunski in privla\u010den videz s 3D kovinskimi nalepkami po meri z va\u0161im lastnim umetni\u0161kim delom. Ti elegantni kovinski emblemi ponujajo vrhunski, profesionalen videz, ki takoj dvigne va\u0161o blagovno znamko na vidno mesto. Ne glede na to, ali jih nana\u0161ate na prenosnike, elektroniko, avtomobilske dele ali maloprodajno blago, te kovinske nalepke ustvarjajo drzno izjavo o kakovosti in dizajnu.<\/p>\n<p>Na\u0161e 3D nalepke, izdelane iz trpe\u017enih, vremensko odpornih materialov, kot so krom, bru\u0161en aluminij ali nerjave\u010de jeklo, niso le za videz \u2013 so narejene za dolgo \u017eivljenjsko dobo. Vsak kos je natan\u010dno izrezan in ima mo\u010dno lepilo ter enostavno odlepljivo folijo za prenos, kar zagotavlja, da se vsaki\u010d znova nanesejo mehur\u010dki in nered.<\/p>\n<p>Brez minimalnega naro\u010dila. Hitra izdelava. Brezpla\u010dni digitalni maketi. Po\u0161ljite svoj logotip ali dizajn po meri \u0161e danes in svojo ustvarjalno vizijo spremenite v izjemno kovinsko resni\u010dnost.<\/p>\n<div style=\"width: 726px;\" class=\"wp-video\"><!--[if lt IE 9]><script>document.createElement('video');<\/script><![endif]--><br \/>\n<video class=\"wp-video-shortcode\" id=\"video-2705-1\" width=\"726\" height=\"720\" preload=\"metadata\" controls=\"controls\"><source type=\"video\/mp4\" src=\"https:\/\/cmykprinted.com\/wp-content\/uploads\/2025\/06\/3d-Metal-Transfer-Stickers.mp4?_=1\" \/><a href=\"https:\/\/cmykprinted.com\/wp-content\/uploads\/2025\/06\/3d-Metal-Transfer-Stickers.mp4\">https:\/\/cmykprinted.com\/wp-content\/uploads\/2025\/06\/3d-Metal-Transfer-Stickers.mp4<\/a><\/video><\/div>","protected":false},"featured_media":2711,"template":"","meta":{"_kad_post_transparent":"default","_kad_post_title":"hide","_kad_post_layout":"fullwidth","_kad_post_sidebar_id":"","_kad_post_content_style":"unboxed","_kad_post_vertical_padding":"hide","_kad_post_feature":"hide","_kad_post_feature_position":"","_kad_post_header":false,"_kad_post_footer":false},"product_cat":[101,102],"product_tag":[299,618,617,616],"class_list":{"0":"post-2705","1":"product","2":"type-product","3":"status-publish","4":"has-post-thumbnail","6":"product_cat-transfer-stickers","7":"product_cat-metal-transfer-stickers","8":"product_tag-3d-metal-transfer-stickers","9":"product_tag-custom-3d-metal-transfer-stickers","10":"product_tag-metallic-transfer-sticker","11":"product_tag-transfer-sticker","13":"first","14":"instock","15":"shipping-taxable","16":"product-type-simple","17":"entry","18":"content-bg","19":"loop-entry"},"_links":{"self":[{"href":"https:\/\/cmykprinted.com\/sl\/wp-json\/wp\/v2\/product\/2705","targetHints":{"allow":["GET"]}}],"collection":[{"href":"https:\/\/cmykprinted.com\/sl\/wp-json\/wp\/v2\/product"}],"about":[{"href":"https:\/\/cmykprinted.com\/sl\/wp-json\/wp\/v2\/types\/product"}],"version-history":[{"count":1,"href":"https:\/\/cmykprinted.com\/sl\/wp-json\/wp\/v2\/product\/2705\/revisions"}],"predecessor-version":[{"id":2714,"href":"https:\/\/cmykprinted.com\/sl\/wp-json\/wp\/v2\/product\/2705\/revisions\/2714"}],"wp:featuredmedia":[{"embeddable":true,"href":"https:\/\/cmykprinted.com\/sl\/wp-json\/wp\/v2\/media\/2711"}],"wp:attachment":[{"href":"https:\/\/cmykprinted.com\/sl\/wp-json\/wp\/v2\/media?parent=2705"}],"wp:term":[{"taxonomy":"product_cat","embeddable":true,"href":"https:\/\/cmykprinted.com\/sl\/wp-json\/wp\/v2\/product_cat?post=2705"},{"taxonomy":"product_tag","embeddable":true,"href":"https:\/\/cmykprinted.com\/sl\/wp-json\/wp\/v2\/product_tag?post=2705"}],"curies":[{"name":"wp","href":"https:\/\/api.w.org\/{rel}","templated":true}]}}