{"id":2716,"date":"2025-06-23T02:33:41","date_gmt":"2025-06-23T02:33:41","guid":{"rendered":"https:\/\/cmykprinted.com\/?post_type=product&#038;p=2716"},"modified":"2025-06-23T02:33:41","modified_gmt":"2025-06-23T02:33:41","slug":"logo-transfer-stickers","status":"publish","type":"product","link":"https:\/\/cmykprinted.com\/sl\/izdelek\/nalepke-za-prenos-logotipa\/","title":{"rendered":"Nalepke za prenos logotipa iz kovinskega niklja po meri, izdelane na Kitajskem"},"content":{"rendered":"","protected":false},"excerpt":{"rendered":"<p>\u017delite, da bi va\u0161a blagovna znamka izstopala z elegantnim in vrhunskim zaklju\u010dkom? Na\u0161e nalepke za prenos logotipa iz kovinskega niklja po meri so odli\u010dna re\u0161itev za podjetja, ki zahtevajo kakovost, vzdr\u017eljivost in vizualni u\u010dinek. Te nalepke, izdelane na Kitajskem z uporabo napredne tehnologije elektroformiranja, so iz ultra tankega in lahkega nikljevega materiala z osupljivim kovinskim zaklju\u010dkom \u2013 na voljo so v srebrni, zlati, mat, sijajni ali bru\u0161eni teksturi.<\/p>\n<p>Te nalepke za prenosnike, elektroniko, embala\u017eo, gospodinjske aparate, promocijske izdelke, stekleni\u010dke za kozmeti\u010dno embala\u017eo, stekleni\u010dke za parfume, \u0161katle za embala\u017eo sve\u010d in drugo, so enostavne za namestitev zaradi mo\u010dne lepilne podlage in ne pu\u0161\u010dajo umazanih ostankov. Vsak logotip je izrezan po meri z ostrimi detajli, kar zagotavlja \u010dist in profesionalen videz na kateri koli gladki povr\u0161ini.<\/p>\n<p>Minimalne koli\u010dine naro\u010dila so nizke, na voljo so koli\u010dinski popusti, hitra dostava po vsem svetu pa zagotavlja pravo\u010dasno dostavo. Ne glede na to, ali ste zagonsko podjetje ali uveljavljena blagovna znamka, izberite kakovost kitajske izdelave, ki ji lahko zaupate \u2013 prefinjeno, cenovno ugodno in izdelano, da naredi vtis.<\/p>\n<div style=\"width: 726px;\" class=\"wp-video\"><!--[if lt IE 9]><script>document.createElement('video');<\/script><![endif]--><br \/>\n<video class=\"wp-video-shortcode\" id=\"video-2716-1\" width=\"726\" height=\"720\" preload=\"metadata\" controls=\"controls\"><source type=\"video\/mp4\" src=\"https:\/\/cmykprinted.com\/wp-content\/uploads\/2025\/06\/3d-Metal-Transfer-Stickers.mp4?_=1\" \/><a href=\"https:\/\/cmykprinted.com\/wp-content\/uploads\/2025\/06\/3d-Metal-Transfer-Stickers.mp4\">https:\/\/cmykprinted.com\/wp-content\/uploads\/2025\/06\/3d-Metal-Transfer-Stickers.mp4<\/a><\/video><\/div>","protected":false},"featured_media":2717,"template":"","meta":{"_kad_post_transparent":"default","_kad_post_title":"hide","_kad_post_layout":"fullwidth","_kad_post_sidebar_id":"","_kad_post_content_style":"unboxed","_kad_post_vertical_padding":"hide","_kad_post_feature":"hide","_kad_post_feature_position":"","_kad_post_header":false,"_kad_post_footer":false},"product_cat":[101,102],"product_tag":[620,619,621],"class_list":{"0":"post-2716","1":"product","2":"type-product","3":"status-publish","4":"has-post-thumbnail","6":"product_cat-transfer-stickers","7":"product_cat-metal-transfer-stickers","8":"product_tag-custom-logo-transfer-stickers","9":"product_tag-logo-transfer-stickers","10":"product_tag-metal-nickle-logo-transfer-stickers","12":"first","13":"instock","14":"shipping-taxable","15":"product-type-simple","16":"entry","17":"content-bg","18":"loop-entry"},"_links":{"self":[{"href":"https:\/\/cmykprinted.com\/sl\/wp-json\/wp\/v2\/product\/2716","targetHints":{"allow":["GET"]}}],"collection":[{"href":"https:\/\/cmykprinted.com\/sl\/wp-json\/wp\/v2\/product"}],"about":[{"href":"https:\/\/cmykprinted.com\/sl\/wp-json\/wp\/v2\/types\/product"}],"version-history":[{"count":1,"href":"https:\/\/cmykprinted.com\/sl\/wp-json\/wp\/v2\/product\/2716\/revisions"}],"predecessor-version":[{"id":2722,"href":"https:\/\/cmykprinted.com\/sl\/wp-json\/wp\/v2\/product\/2716\/revisions\/2722"}],"wp:featuredmedia":[{"embeddable":true,"href":"https:\/\/cmykprinted.com\/sl\/wp-json\/wp\/v2\/media\/2717"}],"wp:attachment":[{"href":"https:\/\/cmykprinted.com\/sl\/wp-json\/wp\/v2\/media?parent=2716"}],"wp:term":[{"taxonomy":"product_cat","embeddable":true,"href":"https:\/\/cmykprinted.com\/sl\/wp-json\/wp\/v2\/product_cat?post=2716"},{"taxonomy":"product_tag","embeddable":true,"href":"https:\/\/cmykprinted.com\/sl\/wp-json\/wp\/v2\/product_tag?post=2716"}],"curies":[{"name":"wp","href":"https:\/\/api.w.org\/{rel}","templated":true}]}}