{"id":2723,"date":"2025-06-27T03:53:26","date_gmt":"2025-06-27T03:53:26","guid":{"rendered":"https:\/\/cmykprinted.com\/?post_type=product&#038;p=2723"},"modified":"2025-06-27T06:33:48","modified_gmt":"2025-06-27T06:33:48","slug":"custom-made-football-flags","status":"publish","type":"product","link":"https:\/\/cmykprinted.com\/sl\/izdelek\/po-meri-izdelane-nogometne-zastave\/","title":{"rendered":"Velike po meri izdelane nogometne zastave po ugodni ceni"},"content":{"rendered":"","protected":false},"excerpt":{"rendered":"<p>\u017delite na velik na\u010din pokazati svoj nogometni ponos? Na\u0161i veliki transparenti z nogometnimi zastavami po meri so odli\u010dna re\u0161itev za strastne navija\u010de, klube ali organizatorje dogodkov, ki \u017eelijo narediti mo\u010dno izjavo. Izdelani iz vrhunske, trpe\u017ene poliestrske tkanine, so ti transparenti odporni na zunanje vplive in ostanejo \u017eivahni sezono za sezono.<\/p>\n<p>Ponujamo popolno prilagoditev \u2013 izberite barve svoje ekipe, logotipe, slogane in kateri koli edinstven dizajn, da ustvarite zastave, ki resni\u010dno odra\u017eajo va\u0161 nogometni duh. Ne glede na to, ali okrasite stadione, cone za navija\u010de, \u0161portne bare ali dogodke na prostem, na\u0161 visokolo\u010dljivostni tisk zagotavlja ostro grafiko in privla\u010dne barve, ki izstopajo iz mno\u017eice.<\/p>\n<p>Kljub impresivni velikosti in kakovosti zagotavljamo zelo konkuren\u010dne cene, ki ustrezajo vsem prora\u010dunom, zaradi \u010desar je naro\u010danje v ve\u010djih koli\u010dinah za turnirje, lige ali promocijske kampanje la\u017eje kot kdaj koli prej. Hitra dostava in po\u0161iljanje po vsem svetu pomenita, da boste svoje transparente prejeli pravo\u010dasno, kjer koli \u017ee ste.<\/p>\n<p>Ne zadovoljite se z obi\u010dajnim. Poka\u017eite strast svoje ekipe glasno in ponosno z na\u0161imi velikimi nogometnimi \u0161portnimi zastavami po meri \u2013 vrhunska kakovost po ugodni ceni!<\/p>\n<div style=\"width: 854px;\" class=\"wp-video\"><!--[if lt IE 9]><script>document.createElement('video');<\/script><![endif]--><br \/>\n<video class=\"wp-video-shortcode\" id=\"video-2723-1\" width=\"854\" height=\"480\" preload=\"metadata\" controls=\"controls\"><source type=\"video\/mp4\" src=\"https:\/\/cmykprinted.com\/wp-content\/uploads\/2025\/06\/Large-Flag-Banner-for-Football-Events.mp4?_=1\" \/><a href=\"https:\/\/cmykprinted.com\/wp-content\/uploads\/2025\/06\/Large-Flag-Banner-for-Football-Events.mp4\">https:\/\/cmykprinted.com\/wp-content\/uploads\/2025\/06\/Large-Flag-Banner-for-Football-Events.mp4<\/a><\/video><\/div>","protected":false},"featured_media":2724,"template":"","meta":{"_kad_post_transparent":"default","_kad_post_title":"hide","_kad_post_layout":"fullwidth","_kad_post_sidebar_id":"","_kad_post_content_style":"unboxed","_kad_post_vertical_padding":"hide","_kad_post_feature":"hide","_kad_post_feature_position":"","_kad_post_header":false,"_kad_post_footer":false},"product_cat":[79],"product_tag":[625,622,626,624,623],"class_list":{"0":"post-2723","1":"product","2":"type-product","3":"status-publish","4":"has-post-thumbnail","6":"product_cat-custom-flags","7":"product_tag-custom-football-flags","8":"product_tag-custom-made-football-flags","9":"product_tag-custom-made-sports-flags","10":"product_tag-large-size-flags","11":"product_tag-sports-flags-banners","13":"first","14":"instock","15":"shipping-taxable","16":"product-type-simple","17":"entry","18":"content-bg","19":"loop-entry"},"_links":{"self":[{"href":"https:\/\/cmykprinted.com\/sl\/wp-json\/wp\/v2\/product\/2723","targetHints":{"allow":["GET"]}}],"collection":[{"href":"https:\/\/cmykprinted.com\/sl\/wp-json\/wp\/v2\/product"}],"about":[{"href":"https:\/\/cmykprinted.com\/sl\/wp-json\/wp\/v2\/types\/product"}],"version-history":[{"count":5,"href":"https:\/\/cmykprinted.com\/sl\/wp-json\/wp\/v2\/product\/2723\/revisions"}],"predecessor-version":[{"id":2743,"href":"https:\/\/cmykprinted.com\/sl\/wp-json\/wp\/v2\/product\/2723\/revisions\/2743"}],"wp:featuredmedia":[{"embeddable":true,"href":"https:\/\/cmykprinted.com\/sl\/wp-json\/wp\/v2\/media\/2724"}],"wp:attachment":[{"href":"https:\/\/cmykprinted.com\/sl\/wp-json\/wp\/v2\/media?parent=2723"}],"wp:term":[{"taxonomy":"product_cat","embeddable":true,"href":"https:\/\/cmykprinted.com\/sl\/wp-json\/wp\/v2\/product_cat?post=2723"},{"taxonomy":"product_tag","embeddable":true,"href":"https:\/\/cmykprinted.com\/sl\/wp-json\/wp\/v2\/product_tag?post=2723"}],"curies":[{"name":"wp","href":"https:\/\/api.w.org\/{rel}","templated":true}]}}