{"id":2738,"date":"2025-06-27T06:28:32","date_gmt":"2025-06-27T06:28:32","guid":{"rendered":"https:\/\/cmykprinted.com\/?post_type=product&#038;p=2738"},"modified":"2025-06-27T06:28:33","modified_gmt":"2025-06-27T06:28:33","slug":"business-flags","status":"publish","type":"product","link":"https:\/\/cmykprinted.com\/sl\/izdelek\/poslovne-zastave\/","title":{"rendered":"Poslovne zastave v obliki solze po meri z 24-urno dobavo"},"content":{"rendered":"","protected":false},"excerpt":{"rendered":"<p><strong>Izstopajte takoj s poslovnimi zastavami v obliki solze po meri \u2013 dostavljeno v samo 24 urah!<\/strong><\/p>\n<p>\u017delite, da va\u0161e podjetje hitro pritegne pozornost? Na\u0161e poslovne zastave v obliki solze po meri so odli\u010dna re\u0161itev za predstavitev va\u0161e blagovne znamke, promocij ali dogodkov. Te zastave so zasnovane za maksimalno vidljivost in imajo elegantno, moderno obliko, ki lepo plapola in privablja poglede z vseh strani.<\/p>\n<p>Ponujamo barvni tisk visoke lo\u010dljivosti na vrhunsko poliestrsko tkanino, kar zagotavlja, da bodo va\u0161i logotipi, slogani in grafike videti \u017eivahni in profesionalni. Z ve\u010d razpolo\u017eljivimi velikostmi lahko izberete popolno vi\u0161ino in \u0161irino, ki ustreza va\u0161i trgovini, sejemskemu razstavnemu prostoru, dogodku na prostem ali obcestnemu prikazu.<\/p>\n<p>Najbolj\u0161e od vsega pa je, da nudimo neprekosljivo 24-urno storitev obdelave, tako da lahko izpolnite kratke roke, ne da bi pri tem \u017ertvovali kakovost. Od odobritve zasnove do proizvodnje na\u0161 poenostavljen postopek zagotavlja hitro odpremo va\u0161ih zastav in vam pomaga, da izkoristite prilo\u017enosti brez odla\u0161anja.<\/p>\n<p>Zaradi ugodnih cen, trpe\u017enih materialov in enostavne monta\u017ee so na\u0161e poslovne zastave v obliki solze po meri vrhunsko marketin\u0161ko orodje za vsako podjetje, ki je pripravljeno narediti drzen vtis \u2013 hitro!<\/p>\n<div style=\"width: 1290px;\" class=\"wp-video\"><!--[if lt IE 9]><script>document.createElement('video');<\/script><![endif]--><br \/>\n<video class=\"wp-video-shortcode\" id=\"video-2738-1\" width=\"1290\" height=\"726\" poster=\"https:\/\/cmykprinted.com\/wp-content\/uploads\/2023\/10\/Wholesale-Teardrop-Flags-1026002.jpg\" preload=\"metadata\" controls=\"controls\"><source type=\"video\/mp4\" src=\"https:\/\/cmykprinted.com\/wp-content\/uploads\/2023\/10\/Wholesale-Teardrop-Flags.mp4?_=1\" \/><a href=\"https:\/\/cmykprinted.com\/wp-content\/uploads\/2023\/10\/Wholesale-Teardrop-Flags.mp4\">https:\/\/cmykprinted.com\/wp-content\/uploads\/2023\/10\/Wholesale-Teardrop-Flags.mp4<\/a><\/video><\/div>","protected":false},"featured_media":2741,"template":"","meta":{"_kad_post_transparent":"default","_kad_post_title":"hide","_kad_post_layout":"fullwidth","_kad_post_sidebar_id":"","_kad_post_content_style":"unboxed","_kad_post_vertical_padding":"hide","_kad_post_feature":"hide","_kad_post_feature_position":"","_kad_post_header":false,"_kad_post_footer":false},"product_cat":[64,67],"product_tag":[627,629,628],"class_list":{"0":"post-2738","1":"product","2":"type-product","3":"status-publish","4":"has-post-thumbnail","6":"product_cat-beach-flags","7":"product_cat-teardrop-flags-banners","8":"product_tag-business-flags","9":"product_tag-custom-business-flags","10":"product_tag-teardrop-business-flags","12":"first","13":"instock","14":"shipping-taxable","15":"product-type-simple","16":"entry","17":"content-bg","18":"loop-entry"},"_links":{"self":[{"href":"https:\/\/cmykprinted.com\/sl\/wp-json\/wp\/v2\/product\/2738","targetHints":{"allow":["GET"]}}],"collection":[{"href":"https:\/\/cmykprinted.com\/sl\/wp-json\/wp\/v2\/product"}],"about":[{"href":"https:\/\/cmykprinted.com\/sl\/wp-json\/wp\/v2\/types\/product"}],"version-history":[{"count":1,"href":"https:\/\/cmykprinted.com\/sl\/wp-json\/wp\/v2\/product\/2738\/revisions"}],"predecessor-version":[{"id":2742,"href":"https:\/\/cmykprinted.com\/sl\/wp-json\/wp\/v2\/product\/2738\/revisions\/2742"}],"wp:featuredmedia":[{"embeddable":true,"href":"https:\/\/cmykprinted.com\/sl\/wp-json\/wp\/v2\/media\/2741"}],"wp:attachment":[{"href":"https:\/\/cmykprinted.com\/sl\/wp-json\/wp\/v2\/media?parent=2738"}],"wp:term":[{"taxonomy":"product_cat","embeddable":true,"href":"https:\/\/cmykprinted.com\/sl\/wp-json\/wp\/v2\/product_cat?post=2738"},{"taxonomy":"product_tag","embeddable":true,"href":"https:\/\/cmykprinted.com\/sl\/wp-json\/wp\/v2\/product_tag?post=2738"}],"curies":[{"name":"wp","href":"https:\/\/api.w.org\/{rel}","templated":true}]}}