{"id":2745,"date":"2025-07-01T12:15:17","date_gmt":"2025-07-01T12:15:17","guid":{"rendered":"https:\/\/cmykprinted.com\/?post_type=product&#038;p=2745"},"modified":"2025-07-01T12:35:43","modified_gmt":"2025-07-01T12:35:43","slug":"display-signs-for-trade-shows","status":"publish","type":"product","link":"https:\/\/cmykprinted.com\/sl\/izdelek\/razstavni-napisi-za-sejme\/","title":{"rendered":"Izdelava blagovnih napisov po meri za sejme z 48-urnim rokom izdelave"},"content":{"rendered":"","protected":false},"excerpt":{"rendered":"<p>Naj va\u0161a blagovna znamka izstopa na sejmih z na\u0161imi blagajni\u0161kimi napisi po meri, izdelanimi za \u017eivahne vizualne podobe in profesionalen u\u010dinek. Ti napisi, izdelani v na\u0161em naprednem proizvodnem obratu, imajo visokolo\u010dljivostni sublimacijski tisk na vrhunske tkanine, kot je 250 g\/m\u00b2 poliester, kar zagotavlja briljantne barve in odpornost proti gubam.<\/p>\n<p>Od blagajni\u0161kih napisov po meri za sejme do vise\u010dih transparentov in namiznih panojev ponujamo \u0161iroko paleto prilagodljivih velikosti in oblik, ki se prilegajo zasnovi va\u0161ega razstavnega prostora. Na\u0161i blagajni\u0161ki napisi so lahki in enostavni za monta\u017eo, zato so idealni za hitro postavitev in transport, kar vam prihrani \u010das in trud med gne\u010do pri dogodkih.<\/p>\n<p>U\u017eivajte v pravih cenah neposredno iz tovarne, ne da bi pri tem \u017ertvovali kakovost. Ne glede na to, ali potrebujete posamezen zaslon ali serijsko proizvodnjo, vam zagotavljamo konkuren\u010dne cene, hitre roke izdelave in po\u0161iljanje po vsem svetu. Promovirajte svojo blagovno znamko s tkaninskimi zasloni po meri, ki pritegnejo pozornost in naredijo trajen vtis na vsakem sejmu!<\/p>\n<div style=\"width: 720px;\" class=\"wp-video\"><!--[if lt IE 9]><script>document.createElement('video');<\/script><![endif]--><br \/>\n<video class=\"wp-video-shortcode\" id=\"video-2745-1\" width=\"720\" height=\"1280\" preload=\"metadata\" controls=\"controls\"><source type=\"video\/mp4\" src=\"https:\/\/cmykprinted.com\/wp-content\/uploads\/2025\/07\/Instruction-Installation-Custom-Pillowcase-Backdrop.mp4?_=1\" \/><a href=\"https:\/\/cmykprinted.com\/wp-content\/uploads\/2025\/07\/Instruction-Installation-Custom-Pillowcase-Backdrop.mp4\">https:\/\/cmykprinted.com\/wp-content\/uploads\/2025\/07\/Instruction-Installation-Custom-Pillowcase-Backdrop.mp4<\/a><\/video><\/div>\n<p>&nbsp;<\/p>","protected":false},"featured_media":2751,"template":"","meta":{"_kad_post_transparent":"default","_kad_post_title":"hide","_kad_post_layout":"fullwidth","_kad_post_sidebar_id":"","_kad_post_content_style":"unboxed","_kad_post_vertical_padding":"hide","_kad_post_feature":"hide","_kad_post_feature_position":"","_kad_post_header":false,"_kad_post_footer":false},"product_cat":[97,99],"product_tag":[632,630,631],"class_list":{"0":"post-2745","1":"product","2":"type-product","3":"status-publish","4":"has-post-thumbnail","6":"product_cat-tension-fabric-displays","7":"product_cat-custom-fabric-displays","8":"product_tag-custom-fabric-display-signs","9":"product_tag-display-signs-for-trade-shows","10":"product_tag-fabric-display-signs","12":"first","13":"instock","14":"shipping-taxable","15":"product-type-simple","16":"entry","17":"content-bg","18":"loop-entry"},"_links":{"self":[{"href":"https:\/\/cmykprinted.com\/sl\/wp-json\/wp\/v2\/product\/2745","targetHints":{"allow":["GET"]}}],"collection":[{"href":"https:\/\/cmykprinted.com\/sl\/wp-json\/wp\/v2\/product"}],"about":[{"href":"https:\/\/cmykprinted.com\/sl\/wp-json\/wp\/v2\/types\/product"}],"version-history":[{"count":1,"href":"https:\/\/cmykprinted.com\/sl\/wp-json\/wp\/v2\/product\/2745\/revisions"}],"predecessor-version":[{"id":2756,"href":"https:\/\/cmykprinted.com\/sl\/wp-json\/wp\/v2\/product\/2745\/revisions\/2756"}],"wp:featuredmedia":[{"embeddable":true,"href":"https:\/\/cmykprinted.com\/sl\/wp-json\/wp\/v2\/media\/2751"}],"wp:attachment":[{"href":"https:\/\/cmykprinted.com\/sl\/wp-json\/wp\/v2\/media?parent=2745"}],"wp:term":[{"taxonomy":"product_cat","embeddable":true,"href":"https:\/\/cmykprinted.com\/sl\/wp-json\/wp\/v2\/product_cat?post=2745"},{"taxonomy":"product_tag","embeddable":true,"href":"https:\/\/cmykprinted.com\/sl\/wp-json\/wp\/v2\/product_tag?post=2745"}],"curies":[{"name":"wp","href":"https:\/\/api.w.org\/{rel}","templated":true}]}}