{"id":2758,"date":"2025-07-02T03:30:52","date_gmt":"2025-07-02T03:30:52","guid":{"rendered":"https:\/\/cmykprinted.com\/?post_type=product&#038;p=2758"},"modified":"2025-07-02T03:30:52","modified_gmt":"2025-07-02T03:30:52","slug":"waterproof-transfer-stickers","status":"publish","type":"product","link":"https:\/\/cmykprinted.com\/sl\/izdelek\/vodoodporne-prenosne-nalepke\/","title":{"rendered":"Logotipne lepilne vodoodporne nalepke za prenos za kozmeti\u010dne stekleni\u010dke parfumov"},"content":{"rendered":"","protected":false},"excerpt":{"rendered":"<p>Izbolj\u0161ajte svojo kozmeti\u010dno in parfumsko embala\u017eo s prilagojenimi samolepilnimi vodoodpornimi nalepkami za prenos logotipa, ki so zasnovane tako, da se brezhibno prilepijo na stekleni\u010dke in gladke povr\u0161ine. Te nalepke, izdelane iz visokokakovostnih materialov, imajo mo\u010dno lepilno podlago, ki zagotavlja varen oprijem tudi v vla\u017enem ali mokrem okolju. Vodoodporne in oljeodporne lastnosti ohranjajo sijaj va\u0161ega logotipa, ne da bi se s\u010dasoma lu\u0161\u010dil ali bledel. So odli\u010dne za ozna\u010devanje kozmetike, parfumov, eteri\u010dnih olj ali luksuznih steklenih posod ter zagotavljajo profesionalen in eleganten videz. Na\u0161a napredna tehnologija tiskanja zagotavlja \u017eivahne barve, ostre podrobnosti in gladek zaklju\u010dek, ki se brezhibno zlije s povr\u0161ino steklenice, kar daje videz vrhunskega razreda brez etiket. Te nalepke za prenos so enostavne za namestitev in zelo trpe\u017ene ter zagotavljajo trajen vtis blagovne znamke, kar izbolj\u0161a vizualno privla\u010dnost va\u0161ih izdelkov in jih naredi izstopajo\u010de na policah. Prilagodite oblike, velikosti in zaklju\u010dke, da odra\u017eajo edinstveno identiteto va\u0161e blagovne znamke.<\/p>\n<div style=\"width: 1280px;\" class=\"wp-video\"><!--[if lt IE 9]><script>document.createElement('video');<\/script><![endif]--><br \/>\n<video class=\"wp-video-shortcode\" id=\"video-2758-1\" width=\"1280\" height=\"720\" preload=\"metadata\" controls=\"controls\"><source type=\"video\/mp4\" src=\"https:\/\/cmykprinted.com\/wp-content\/uploads\/2025\/07\/Waterproof-Transfer-Stickers.mp4?_=1\" \/><a href=\"https:\/\/cmykprinted.com\/wp-content\/uploads\/2025\/07\/Waterproof-Transfer-Stickers.mp4\">https:\/\/cmykprinted.com\/wp-content\/uploads\/2025\/07\/Waterproof-Transfer-Stickers.mp4<\/a><\/video><\/div>","protected":false},"featured_media":2762,"template":"","meta":{"_kad_post_transparent":"default","_kad_post_title":"hide","_kad_post_layout":"fullwidth","_kad_post_sidebar_id":"","_kad_post_content_style":"unboxed","_kad_post_vertical_padding":"hide","_kad_post_feature":"hide","_kad_post_feature_position":"","_kad_post_header":false,"_kad_post_footer":false},"product_cat":[101,102],"product_tag":[636,635,634,633],"class_list":{"0":"post-2758","1":"product","2":"type-product","3":"status-publish","4":"has-post-thumbnail","6":"product_cat-transfer-stickers","7":"product_cat-metal-transfer-stickers","8":"product_tag-transfer-stickers-for-cosmetics-bottle","9":"product_tag-transfer-stickers-for-glass-bottle","10":"product_tag-transfer-stickers-for-perfume-bottle","11":"product_tag-waterproof-transfer-stickers","13":"first","14":"instock","15":"shipping-taxable","16":"product-type-simple","17":"entry","18":"content-bg","19":"loop-entry"},"_links":{"self":[{"href":"https:\/\/cmykprinted.com\/sl\/wp-json\/wp\/v2\/product\/2758","targetHints":{"allow":["GET"]}}],"collection":[{"href":"https:\/\/cmykprinted.com\/sl\/wp-json\/wp\/v2\/product"}],"about":[{"href":"https:\/\/cmykprinted.com\/sl\/wp-json\/wp\/v2\/types\/product"}],"version-history":[{"count":1,"href":"https:\/\/cmykprinted.com\/sl\/wp-json\/wp\/v2\/product\/2758\/revisions"}],"predecessor-version":[{"id":2766,"href":"https:\/\/cmykprinted.com\/sl\/wp-json\/wp\/v2\/product\/2758\/revisions\/2766"}],"wp:featuredmedia":[{"embeddable":true,"href":"https:\/\/cmykprinted.com\/sl\/wp-json\/wp\/v2\/media\/2762"}],"wp:attachment":[{"href":"https:\/\/cmykprinted.com\/sl\/wp-json\/wp\/v2\/media?parent=2758"}],"wp:term":[{"taxonomy":"product_cat","embeddable":true,"href":"https:\/\/cmykprinted.com\/sl\/wp-json\/wp\/v2\/product_cat?post=2758"},{"taxonomy":"product_tag","embeddable":true,"href":"https:\/\/cmykprinted.com\/sl\/wp-json\/wp\/v2\/product_tag?post=2758"}],"curies":[{"name":"wp","href":"https:\/\/api.w.org\/{rel}","templated":true}]}}