{"id":2784,"date":"2025-07-07T02:32:54","date_gmt":"2025-07-07T02:32:54","guid":{"rendered":"https:\/\/cmykprinted.com\/?post_type=product&#038;p=2784"},"modified":"2025-07-07T02:35:29","modified_gmt":"2025-07-07T02:35:29","slug":"street-light-pole-banner","status":"publish","type":"product","link":"https:\/\/cmykprinted.com\/sl\/izdelek\/ulicni-svetilni-stebricek-prapor\/","title":{"rendered":"Poceni cena uli\u010dne svetilke s palico za ulico z nosilci"},"content":{"rendered":"","protected":false},"excerpt":{"rendered":"<p>I\u0161\u010dete cenovno ugoden, a u\u010dinkovit na\u010din za predstavitev svoje blagovne znamke, promocijo dogodkov ali okrasitev mestnih ulic? Na\u0161i poceni transparenti za uli\u010dne svetilke z nosilci so odli\u010dna re\u0161itev.<\/p>\n<p>Izdelani iz trpe\u017enih, vremensko odpornih materialov, kot sta trpe\u017een vinil ali poliestrska tkanina, ti transparenti zagotavljajo \u017eivahne in dolgotrajne potiske, ki so odporni na sonce, de\u017e in veter. Vsak komplet je opremljen z robustnimi nosilci za varno in enostavno namestitev na drogove razli\u010dnih velikosti, zaradi \u010desar so idealni za ulice, parkiri\u0161\u010da, kampuse, nakupovalna sredi\u0161\u010da in drugo.<\/p>\n<p>Klju\u010dne lastnosti:<br \/>\n1. Stro\u0161kovno u\u010dinkovito tr\u017eenje \u2013 visoka prepoznavnost po dostopni ceni.<\/p>\n<p>2. Tiskanje po meri \u2013 barvna grafika za poudarjanje va\u0161ega edinstvenega sporo\u010dila ali blagovne znamke.<\/p>\n<p>3. Trpe\u017eni materiali \u2013 Zasnovano za dolgotrajno uporabo v zunanjih pogojih.<\/p>\n<p>4. Enostavna namestitev \u2013 Vklju\u010duje zanesljive nosilce za hitro monta\u017eo.<\/p>\n<p>5. Vsestranska uporaba \u2013 idealno za sezonske promocije, festivale, dr\u017eavljanski ponos in poslovno ogla\u0161evanje.<\/p>\n<p>Ne dovolite, da bi vas omejile prora\u010dunske omejitve. Z na\u0161imi poceni transparenti za uli\u010dne svetilke z nosilci lahko pritegnete pozornost in poudarite svoje sporo\u010dilo, ne da bi pri tem preve\u010d zapravili. Za velikosti po meri, dizajne in brezpla\u010dno ponudbo nas kontaktirajte \u0161e danes!<\/p>\n<figure id=\"attachment_2785\" aria-describedby=\"caption-attachment-2785\" style=\"width: 1000px\" class=\"wp-caption alignnone\"><img fetchpriority=\"high\" decoding=\"async\" class=\"size-full wp-image-2785\" src=\"https:\/\/cmykprinted.com\/wp-content\/uploads\/2025\/07\/Street-Light-Pole-Banner.jpg\" alt=\"Trak za uli\u010dno svetilko\" width=\"1000\" height=\"560\" srcset=\"https:\/\/cmykprinted.com\/wp-content\/uploads\/2025\/07\/Street-Light-Pole-Banner.jpg 1000w, https:\/\/cmykprinted.com\/wp-content\/uploads\/2025\/07\/Street-Light-Pole-Banner-300x168.jpg 300w, https:\/\/cmykprinted.com\/wp-content\/uploads\/2025\/07\/Street-Light-Pole-Banner-768x430.jpg 768w, https:\/\/cmykprinted.com\/wp-content\/uploads\/2025\/07\/Street-Light-Pole-Banner-18x10.jpg 18w, https:\/\/cmykprinted.com\/wp-content\/uploads\/2025\/07\/Street-Light-Pole-Banner-600x336.jpg 600w\" sizes=\"(max-width: 1000px) 100vw, 1000px\" \/><figcaption id=\"caption-attachment-2785\" class=\"wp-caption-text\">Trak za uli\u010dno svetilko<\/figcaption><\/figure>\n<p>&nbsp;<\/p>","protected":false},"featured_media":2786,"template":"","meta":{"_kad_post_transparent":"default","_kad_post_title":"hide","_kad_post_layout":"fullwidth","_kad_post_sidebar_id":"","_kad_post_content_style":"unboxed","_kad_post_vertical_padding":"hide","_kad_post_feature":"hide","_kad_post_feature_position":"","_kad_post_header":false,"_kad_post_footer":false},"product_cat":[85,90,91,89],"product_tag":[642,641],"class_list":{"0":"post-2784","1":"product","2":"type-product","3":"status-publish","4":"has-post-thumbnail","6":"product_cat-outdoor-vinyl-banners","7":"product_cat-glossy-pvc-banners","8":"product_cat-matte-vinyl-banners","9":"product_cat-pvc-banners","10":"product_tag-light-pole-banner-with-brackets","11":"product_tag-street-light-pole-banner","13":"first","14":"instock","15":"shipping-taxable","16":"product-type-simple","17":"entry","18":"content-bg","19":"loop-entry"},"_links":{"self":[{"href":"https:\/\/cmykprinted.com\/sl\/wp-json\/wp\/v2\/product\/2784","targetHints":{"allow":["GET"]}}],"collection":[{"href":"https:\/\/cmykprinted.com\/sl\/wp-json\/wp\/v2\/product"}],"about":[{"href":"https:\/\/cmykprinted.com\/sl\/wp-json\/wp\/v2\/types\/product"}],"version-history":[{"count":1,"href":"https:\/\/cmykprinted.com\/sl\/wp-json\/wp\/v2\/product\/2784\/revisions"}],"predecessor-version":[{"id":2789,"href":"https:\/\/cmykprinted.com\/sl\/wp-json\/wp\/v2\/product\/2784\/revisions\/2789"}],"wp:featuredmedia":[{"embeddable":true,"href":"https:\/\/cmykprinted.com\/sl\/wp-json\/wp\/v2\/media\/2786"}],"wp:attachment":[{"href":"https:\/\/cmykprinted.com\/sl\/wp-json\/wp\/v2\/media?parent=2784"}],"wp:term":[{"taxonomy":"product_cat","embeddable":true,"href":"https:\/\/cmykprinted.com\/sl\/wp-json\/wp\/v2\/product_cat?post=2784"},{"taxonomy":"product_tag","embeddable":true,"href":"https:\/\/cmykprinted.com\/sl\/wp-json\/wp\/v2\/product_tag?post=2784"}],"curies":[{"name":"wp","href":"https:\/\/api.w.org\/{rel}","templated":true}]}}