{"id":2790,"date":"2025-07-07T09:16:58","date_gmt":"2025-07-07T09:16:58","guid":{"rendered":"https:\/\/cmykprinted.com\/?post_type=product&#038;p=2790"},"modified":"2025-07-08T00:21:16","modified_gmt":"2025-07-08T00:21:16","slug":"double-sided-vinyl-banners","status":"publish","type":"product","link":"https:\/\/cmykprinted.com\/sl\/izdelek\/dvostranski-vinilni-transparenti\/","title":{"rendered":"18 oz dvostranski vinilne transparente z 11 $"},"content":{"rendered":"","protected":false},"excerpt":{"rendered":"<p>V dinami\u010dnem svetu tr\u017eenja in promocije sta drzna izjava in pritegnitev pozornosti najpomembnej\u0161a. Predstavljamo vam na\u0161e dvostranske vinilne transparente s te\u017eo 453 g \u2013 najbolj\u0161o re\u0161itev za podjetja, dogodke in posameznike, ki \u017eelijo pustiti neizbrisen pe\u010dat.<\/p>\n<p>Izdelani natan\u010dno in zasnovani za odli\u010dnost, ti transparenti niso le kosi vinila; so mo\u010dna orodja, zasnovana tako, da va\u0161e sporo\u010dilo dvignejo na nove vi\u0161ine.<\/p>\n<p>V sredi\u0161\u010du na\u0161ih dvostranskih vinilnih transparentov s te\u017eo 453 g je izjemna raven vzdr\u017eljivosti. Izdelani so iz visokokakovostnega, trpe\u017enega vinilnega materiala in so zasnovani tako, da prenesejo najzahtevnej\u0161e vremenske vplive. Ne glede na to, ali gre za \u017ego\u010de sonce, naliv, mo\u010dan veter ali ledene temperature, na\u0161i transparenti ostanejo nedotaknjeni in \u017eivahni. Te\u017ea 453 g zagotavlja trdno in robustno strukturo, ki zagotavlja, da se va\u0161 transparent ne bo zlahka strgal, obrabil ali zbledel.<\/p>\n<p>Zaradi te vzdr\u017eljivosti so idealni tako za kratkotrajno kot dolgoro\u010dno uporabo na prostem. \u010ce na primer promovirate sezonsko razprodajo pred svojo trgovino, bo transparent ohranil svojo integriteto skozi celotno kampanjo. \u010ce pa ga uporabljate za ozna\u010devanje lokacije ve\u010djega dogodka, ki traja ve\u010d dni, ste lahko prepri\u010dani, da bo \u0161e naprej izgledal odli\u010dno in jasno prena\u0161al va\u0161e sporo\u010dilo.<\/p>\n<p>Dvostranska narava teh transparentov podvoji u\u010dinek. Ne glede na to, iz katere smeri se pribli\u017euje va\u0161e ob\u010dinstvo, ga bo pri\u010dakalo jasno in prepri\u010dljivo sporo\u010dilo. To je \u0161e posebej koristno za obmo\u010dja z veliko prometa, kot so prometne ulice, kri\u017ei\u0161\u010da ali veliki odprti prostori na festivalih in sejmih.<\/p>\n<p>Pove\u010da prepoznavnost va\u0161e blagovne znamke, izdelka ali dogodka in zagotavlja, da se va\u0161a tr\u017eenjska nalo\u017eba izpla\u010da dlje.<\/p>\n<figure id=\"attachment_2785\" aria-describedby=\"caption-attachment-2785\" style=\"width: 1000px\" class=\"wp-caption alignnone\"><img fetchpriority=\"high\" decoding=\"async\" class=\"size-full wp-image-2785\" src=\"https:\/\/cmykprinted.com\/wp-content\/uploads\/2025\/07\/Street-Light-Pole-Banner.jpg\" alt=\" Dvostranski vinilne transparente\" width=\"1000\" height=\"560\" srcset=\"https:\/\/cmykprinted.com\/wp-content\/uploads\/2025\/07\/Street-Light-Pole-Banner.jpg 1000w, https:\/\/cmykprinted.com\/wp-content\/uploads\/2025\/07\/Street-Light-Pole-Banner-300x168.jpg 300w, https:\/\/cmykprinted.com\/wp-content\/uploads\/2025\/07\/Street-Light-Pole-Banner-768x430.jpg 768w, https:\/\/cmykprinted.com\/wp-content\/uploads\/2025\/07\/Street-Light-Pole-Banner-18x10.jpg 18w, https:\/\/cmykprinted.com\/wp-content\/uploads\/2025\/07\/Street-Light-Pole-Banner-600x336.jpg 600w\" sizes=\"(max-width: 1000px) 100vw, 1000px\" \/><figcaption id=\"caption-attachment-2785\" class=\"wp-caption-text\">Dvostranski vinilne transparente<\/figcaption><\/figure>","protected":false},"featured_media":2792,"template":"","meta":{"_kad_post_transparent":"default","_kad_post_title":"hide","_kad_post_layout":"fullwidth","_kad_post_sidebar_id":"","_kad_post_content_style":"unboxed","_kad_post_vertical_padding":"hide","_kad_post_feature":"hide","_kad_post_feature_position":"","_kad_post_header":false,"_kad_post_footer":false},"product_cat":[85,90,91,89],"product_tag":[644,645,643],"class_list":{"0":"post-2790","1":"product","2":"type-product","3":"status-publish","4":"has-post-thumbnail","6":"product_cat-outdoor-vinyl-banners","7":"product_cat-glossy-pvc-banners","8":"product_cat-matte-vinyl-banners","9":"product_cat-pvc-banners","10":"product_tag-18-oz-vinyl-banners","11":"product_tag-double-sided-banners","12":"product_tag-double-sided-vinyl-banners","14":"first","15":"instock","16":"shipping-taxable","17":"product-type-simple","18":"entry","19":"content-bg","20":"loop-entry"},"_links":{"self":[{"href":"https:\/\/cmykprinted.com\/sl\/wp-json\/wp\/v2\/product\/2790","targetHints":{"allow":["GET"]}}],"collection":[{"href":"https:\/\/cmykprinted.com\/sl\/wp-json\/wp\/v2\/product"}],"about":[{"href":"https:\/\/cmykprinted.com\/sl\/wp-json\/wp\/v2\/types\/product"}],"version-history":[{"count":1,"href":"https:\/\/cmykprinted.com\/sl\/wp-json\/wp\/v2\/product\/2790\/revisions"}],"predecessor-version":[{"id":2796,"href":"https:\/\/cmykprinted.com\/sl\/wp-json\/wp\/v2\/product\/2790\/revisions\/2796"}],"wp:featuredmedia":[{"embeddable":true,"href":"https:\/\/cmykprinted.com\/sl\/wp-json\/wp\/v2\/media\/2792"}],"wp:attachment":[{"href":"https:\/\/cmykprinted.com\/sl\/wp-json\/wp\/v2\/media?parent=2790"}],"wp:term":[{"taxonomy":"product_cat","embeddable":true,"href":"https:\/\/cmykprinted.com\/sl\/wp-json\/wp\/v2\/product_cat?post=2790"},{"taxonomy":"product_tag","embeddable":true,"href":"https:\/\/cmykprinted.com\/sl\/wp-json\/wp\/v2\/product_tag?post=2790"}],"curies":[{"name":"wp","href":"https:\/\/api.w.org\/{rel}","templated":true}]}}