{"id":2799,"date":"2025-07-08T08:16:30","date_gmt":"2025-07-08T08:16:30","guid":{"rendered":"https:\/\/cmykprinted.com\/?post_type=product&#038;p=2799"},"modified":"2025-07-08T08:16:30","modified_gmt":"2025-07-08T08:16:30","slug":"custom-fabric-banners","status":"publish","type":"product","link":"https:\/\/cmykprinted.com\/sl\/izdelek\/prilagojene-tkaninske-transparenti\/","title":{"rendered":"Transparenti iz blaga po meri za sejme\/\u0161port\/dogodke z 20 % popustom"},"content":{"rendered":"","protected":false},"excerpt":{"rendered":"<p>Z na\u0161imi vrhunskimi transparenti iz blaga po meri naredite mo\u010dan vtis na sejmih, \u0161portnih dogodkih ali kateri koli posebni prilo\u017enosti. Izdelani iz visokokakovostnih in trpe\u017enih materialov, ti transparenti zagotavljajo \u017eivahno in ostro grafiko, ki pritegne vsako pozornost in dvigne prepoznavnost va\u0161e blagovne znamke. So lahki, a hkrati robustni, zato jih je enostavno preva\u017eati, name\u0161\u010dati in ponovno uporabljati, kar vam prihrani \u010das in denar.<\/p>\n<p>Ne glede na to, ali predstavljate svoje podjetje na razstavi, navijate za svojo ekipo ali ustvarjate osupljivo kuliso za dogodek, na\u0161i tekstilni transparenti ponujajo vsestranske re\u0161itve, prilagojene va\u0161im edinstvenim potrebam. U\u017eivajte v \u017eivahnih barvah zahvaljujo\u010d naprednemu sublimacijskemu tisku, ki zagotavlja, da bo va\u0161e sporo\u010dilo drzno in profesionalno.<\/p>\n<p>Ne zamudite na\u0161e \u010dasovno omejene ponudbe: Izkoristite 20 % popusta na svoje tkaninske transparente po meri \u0161e danes in poskrbite, da bo va\u0161a blagovna znamka zasijala bolj kot kdaj koli prej. Kontaktirajte nas zdaj, da izbolj\u0161ate svojo ponudbo in izstopate iz konkurence!<\/p>\n<div style=\"width: 854px;\" class=\"wp-video\"><!--[if lt IE 9]><script>document.createElement('video');<\/script><![endif]--><br \/>\n<video class=\"wp-video-shortcode\" id=\"video-2799-1\" width=\"854\" height=\"480\" preload=\"metadata\" controls=\"controls\"><source type=\"video\/mp4\" src=\"https:\/\/cmykprinted.com\/wp-content\/uploads\/2025\/06\/Large-Flag-Banner-for-Football-Events.mp4?_=1\" \/><a href=\"https:\/\/cmykprinted.com\/wp-content\/uploads\/2025\/06\/Large-Flag-Banner-for-Football-Events.mp4\">https:\/\/cmykprinted.com\/wp-content\/uploads\/2025\/06\/Large-Flag-Banner-for-Football-Events.mp4<\/a><\/video><\/div>","protected":false},"featured_media":2807,"template":"","meta":{"_kad_post_transparent":"default","_kad_post_title":"hide","_kad_post_layout":"fullwidth","_kad_post_sidebar_id":"","_kad_post_content_style":"unboxed","_kad_post_vertical_padding":"hide","_kad_post_feature":"hide","_kad_post_feature_position":"","_kad_post_header":false,"_kad_post_footer":false},"product_cat":[79],"product_tag":[646,408,648,647],"class_list":{"0":"post-2799","1":"product","2":"type-product","3":"status-publish","4":"has-post-thumbnail","6":"product_cat-custom-flags","7":"product_tag-custom-fabric-banners","8":"product_tag-fabric-banners","9":"product_tag-fabric-banners-for-events","10":"product_tag-fabric-banners-for-trade-show","12":"first","13":"instock","14":"shipping-taxable","15":"product-type-simple","16":"entry","17":"content-bg","18":"loop-entry"},"_links":{"self":[{"href":"https:\/\/cmykprinted.com\/sl\/wp-json\/wp\/v2\/product\/2799","targetHints":{"allow":["GET"]}}],"collection":[{"href":"https:\/\/cmykprinted.com\/sl\/wp-json\/wp\/v2\/product"}],"about":[{"href":"https:\/\/cmykprinted.com\/sl\/wp-json\/wp\/v2\/types\/product"}],"version-history":[{"count":1,"href":"https:\/\/cmykprinted.com\/sl\/wp-json\/wp\/v2\/product\/2799\/revisions"}],"predecessor-version":[{"id":2808,"href":"https:\/\/cmykprinted.com\/sl\/wp-json\/wp\/v2\/product\/2799\/revisions\/2808"}],"wp:featuredmedia":[{"embeddable":true,"href":"https:\/\/cmykprinted.com\/sl\/wp-json\/wp\/v2\/media\/2807"}],"wp:attachment":[{"href":"https:\/\/cmykprinted.com\/sl\/wp-json\/wp\/v2\/media?parent=2799"}],"wp:term":[{"taxonomy":"product_cat","embeddable":true,"href":"https:\/\/cmykprinted.com\/sl\/wp-json\/wp\/v2\/product_cat?post=2799"},{"taxonomy":"product_tag","embeddable":true,"href":"https:\/\/cmykprinted.com\/sl\/wp-json\/wp\/v2\/product_tag?post=2799"}],"curies":[{"name":"wp","href":"https:\/\/api.w.org\/{rel}","templated":true}]}}