{"id":2810,"date":"2025-07-10T09:30:52","date_gmt":"2025-07-10T09:30:52","guid":{"rendered":"https:\/\/cmykprinted.com\/?post_type=product&#038;p=2810"},"modified":"2025-07-10T09:30:52","modified_gmt":"2025-07-10T09:30:52","slug":"breakaway-banner-for-football","status":"publish","type":"product","link":"https:\/\/cmykprinted.com\/sl\/izdelek\/prebojni-transparent-za-nogomet\/","title":{"rendered":"Odcepni transparent za nogomet s konkuren\u010dno ceno"},"content":{"rendered":"","protected":false},"excerpt":{"rendered":"<p>Ali \u017eelite na svoje nogometne tekme vnesti neprimerljivo navdu\u0161enje in ekipni duh, ne da bi pri tem obremenili svoj prora\u010dun? Na\u0161 odbojni transparent za nogomet ponuja popolno re\u0161itev po konkuren\u010dni ceni. Zasnovani za dramati\u010dne vstope igralcev, ti transparenti ustvarjajo vznemirljiv spektakel, ki napolni tako \u0161portnike kot navija\u010de.<\/p>\n<p>Ustvarite osupljive trenutke na dan tekme<\/p>\n<p>Na\u0161i nogometni transparenti za obrambo so izdelani iz visokokakovostne, trpe\u017ene tkanine, ki prenese ve\u010dkratno uporabo, tekmo za tekmo. Transparent je sestavljen iz dveh delov, ki se pritrdita z je\u017eki, kar igralcem omogo\u010da, da se prebijejo skozi sredino igri\u0161\u010da in eksplozivno vstopijo na igri\u0161\u010de. To je nepozaben na\u010din, da poka\u017eete ekipni ponos in navdu\u0161ite mno\u017eico.<\/p>\n<p>Enostavna postavitev in ponovna uporaba<\/p>\n<p>Vsak odklopni transparent za nogomet ima na obeh straneh \u017eepe za podporne palice. Palice je mogo\u010de za stabilnost pritrditi v tla, vrvi, ki jih dr\u017eijo navija\u010dice ali osebje, pa ohranjajo zgornji del varno pritrjen. Postavitev je hitra in enostavna, kar zagotavlja, da ste pripravljeni na za\u010detek tekme v nekaj minutah. Po tekmi preprosto ponovno pritrdite plo\u0161\u010de in zvijte transparent za kompaktno shranjevanje.<\/p>\n<p>\u017divahno tiskanje po meri<\/p>\n<p>Ponujamo barvni tisk visoke lo\u010dljivosti, tako da lahko svoj transparent personalizirate z logotipi ekip, imeni \u0161ol, maskotami, slogani ali grafiko sponzorjev. \u017divahni odtisi ostanejo svetli in privla\u010dni tudi po ve\u010dkratni uporabi, kar va\u0161i ekipi pomaga izstopati na igri\u0161\u010du.<\/p>\n<div style=\"width: 960px;\" class=\"wp-video\"><!--[if lt IE 9]><script>document.createElement('video');<\/script><![endif]--><br \/>\n<video class=\"wp-video-shortcode\" id=\"video-2810-1\" width=\"960\" height=\"540\" preload=\"metadata\" controls=\"controls\"><source type=\"video\/mp4\" src=\"https:\/\/cmykprinted.com\/wp-content\/uploads\/2025\/07\/Breakaway-Banners.mp4?_=1\" \/><a href=\"https:\/\/cmykprinted.com\/wp-content\/uploads\/2025\/07\/Breakaway-Banners.mp4\">https:\/\/cmykprinted.com\/wp-content\/uploads\/2025\/07\/Breakaway-Banners.mp4<\/a><\/video><\/div>","protected":false},"featured_media":2816,"template":"","meta":{"_kad_post_transparent":"default","_kad_post_title":"hide","_kad_post_layout":"fullwidth","_kad_post_sidebar_id":"","_kad_post_content_style":"unboxed","_kad_post_vertical_padding":"hide","_kad_post_feature":"hide","_kad_post_feature_position":"","_kad_post_header":false,"_kad_post_footer":false},"product_cat":[79],"product_tag":[650,649],"class_list":{"0":"post-2810","1":"product","2":"type-product","3":"status-publish","4":"has-post-thumbnail","6":"product_cat-custom-flags","7":"product_tag-breakaway-banner","8":"product_tag-breakaway-banner-for-football","10":"first","11":"instock","12":"shipping-taxable","13":"product-type-simple","14":"entry","15":"content-bg","16":"loop-entry"},"_links":{"self":[{"href":"https:\/\/cmykprinted.com\/sl\/wp-json\/wp\/v2\/product\/2810","targetHints":{"allow":["GET"]}}],"collection":[{"href":"https:\/\/cmykprinted.com\/sl\/wp-json\/wp\/v2\/product"}],"about":[{"href":"https:\/\/cmykprinted.com\/sl\/wp-json\/wp\/v2\/types\/product"}],"version-history":[{"count":1,"href":"https:\/\/cmykprinted.com\/sl\/wp-json\/wp\/v2\/product\/2810\/revisions"}],"predecessor-version":[{"id":2820,"href":"https:\/\/cmykprinted.com\/sl\/wp-json\/wp\/v2\/product\/2810\/revisions\/2820"}],"wp:featuredmedia":[{"embeddable":true,"href":"https:\/\/cmykprinted.com\/sl\/wp-json\/wp\/v2\/media\/2816"}],"wp:attachment":[{"href":"https:\/\/cmykprinted.com\/sl\/wp-json\/wp\/v2\/media?parent=2810"}],"wp:term":[{"taxonomy":"product_cat","embeddable":true,"href":"https:\/\/cmykprinted.com\/sl\/wp-json\/wp\/v2\/product_cat?post=2810"},{"taxonomy":"product_tag","embeddable":true,"href":"https:\/\/cmykprinted.com\/sl\/wp-json\/wp\/v2\/product_tag?post=2810"}],"curies":[{"name":"wp","href":"https:\/\/api.w.org\/{rel}","templated":true}]}}