{"id":2821,"date":"2025-07-16T07:13:11","date_gmt":"2025-07-16T07:13:11","guid":{"rendered":"https:\/\/cmykprinted.com\/?post_type=product&#038;p=2821"},"modified":"2025-07-16T07:13:11","modified_gmt":"2025-07-16T07:13:11","slug":"branded-backdrops","status":"publish","type":"product","link":"https:\/\/cmykprinted.com\/sl\/izdelek\/blagovne-znamke-ozadja\/","title":{"rendered":"Poceni kulise po meri za \u0161portne dogodke"},"content":{"rendered":"","protected":false},"excerpt":{"rendered":"<p>Ozadja z blagovno znamko po meri za \u0161portne dogodke so odli\u010dna re\u0161itev za pove\u010danje prepoznavnosti va\u0161e blagovne znamke in ustvarjanje profesionalnega vzdu\u0161ja na katerem koli \u0161portnem prizori\u0161\u010du. Ta ozadja, izdelana iz visokokakovostne tkanine in s sublimacijskim tiskom v polni barvi, \u017eivo in jasno prikazujejo logotipe, sponzorje, imena ekip in promocijska sporo\u010dila.<\/p>\n<p>Ne glede na to, ali se uporabljajo za govorni\u0161kimi odri, prostori za tiskovne konference, foto conami ali vhodi, pomagajo pritegniti pozornost in zagotavljajo idealno okolje, prijazno medijem.<\/p>\n<p>Na\u0161a ozadja so na voljo v razli\u010dnih velikostih in jih je mogo\u010de prilagoditi specifi\u010dnim potrebam va\u0161ega dogodka. So lahka, prenosna in enostavna za postavitev, opremljena pa so z aluminijastimi okvirji ali sistemi za napenjanje tkanin za hitro namestitev in gladko povr\u0161ino. Ta ozadja po meri so idealna tako za \u0161portne dogodke v zaprtih prostorih kot na prostem, saj so trpe\u017ena in jih je mogo\u010de ponovno uporabiti.<\/p>\n<p>Okrepite vpliv svoje blagovne znamke in ustvarite celovito vizualno identiteto z na\u0161imi kulisami za \u0161portne dogodke po meri.<\/p>\n<div style=\"width: 720px;\" class=\"wp-video\"><!--[if lt IE 9]><script>document.createElement('video');<\/script><![endif]--><br \/>\n<video class=\"wp-video-shortcode\" id=\"video-2821-1\" width=\"720\" height=\"1280\" preload=\"metadata\" controls=\"controls\"><source type=\"video\/mp4\" src=\"https:\/\/cmykprinted.com\/wp-content\/uploads\/2025\/07\/Branded-Backdrops.mp4?_=1\" \/><a href=\"https:\/\/cmykprinted.com\/wp-content\/uploads\/2025\/07\/Branded-Backdrops.mp4\">https:\/\/cmykprinted.com\/wp-content\/uploads\/2025\/07\/Branded-Backdrops.mp4<\/a><\/video><\/div>","protected":false},"featured_media":2825,"template":"","meta":{"_kad_post_transparent":"default","_kad_post_title":"hide","_kad_post_layout":"fullwidth","_kad_post_sidebar_id":"","_kad_post_content_style":"unboxed","_kad_post_vertical_padding":"hide","_kad_post_feature":"hide","_kad_post_feature_position":"","_kad_post_header":false,"_kad_post_footer":false},"product_cat":[97,100],"product_tag":[651,653,654,652],"class_list":{"0":"post-2821","1":"product","2":"type-product","3":"status-publish","4":"has-post-thumbnail","6":"product_cat-tension-fabric-displays","7":"product_cat-straight-tension-fabric-backdrop","8":"product_tag-branded-backdrops","9":"product_tag-branded-backdrops-for-sports-event","10":"product_tag-cheap-custom-branded-backdrops","11":"product_tag-custom-branded-backdrops","13":"first","14":"instock","15":"shipping-taxable","16":"product-type-simple","17":"entry","18":"content-bg","19":"loop-entry"},"_links":{"self":[{"href":"https:\/\/cmykprinted.com\/sl\/wp-json\/wp\/v2\/product\/2821","targetHints":{"allow":["GET"]}}],"collection":[{"href":"https:\/\/cmykprinted.com\/sl\/wp-json\/wp\/v2\/product"}],"about":[{"href":"https:\/\/cmykprinted.com\/sl\/wp-json\/wp\/v2\/types\/product"}],"version-history":[{"count":2,"href":"https:\/\/cmykprinted.com\/sl\/wp-json\/wp\/v2\/product\/2821\/revisions"}],"predecessor-version":[{"id":2829,"href":"https:\/\/cmykprinted.com\/sl\/wp-json\/wp\/v2\/product\/2821\/revisions\/2829"}],"wp:featuredmedia":[{"embeddable":true,"href":"https:\/\/cmykprinted.com\/sl\/wp-json\/wp\/v2\/media\/2825"}],"wp:attachment":[{"href":"https:\/\/cmykprinted.com\/sl\/wp-json\/wp\/v2\/media?parent=2821"}],"wp:term":[{"taxonomy":"product_cat","embeddable":true,"href":"https:\/\/cmykprinted.com\/sl\/wp-json\/wp\/v2\/product_cat?post=2821"},{"taxonomy":"product_tag","embeddable":true,"href":"https:\/\/cmykprinted.com\/sl\/wp-json\/wp\/v2\/product_tag?post=2821"}],"curies":[{"name":"wp","href":"https:\/\/api.w.org\/{rel}","templated":true}]}}