{"id":2831,"date":"2025-07-19T07:54:12","date_gmt":"2025-07-19T07:54:12","guid":{"rendered":"https:\/\/cmykprinted.com\/?post_type=product&#038;p=2831"},"modified":"2025-07-19T07:54:12","modified_gmt":"2025-07-19T07:54:12","slug":"champagne-metallic-transfer-stickers","status":"publish","type":"product","link":"https:\/\/cmykprinted.com\/sl\/izdelek\/sampanjec-kovinski-prenosni-nalepke\/","title":{"rendered":"Poceni nalepke za prenos \u0161ampanjskih kovinskih steklenic"},"content":{"rendered":"","protected":false},"excerpt":{"rendered":"<p>Izbolj\u0161ajte embala\u017eo svojih steklenic z na\u0161imi cenovno ugodnimi kovinskimi nalepkami za prenos \u0161ampanjca. Te privla\u010dne nalepke so zasnovane tako, da vinu, \u0161ampanjcu ali drugim izdelkom v steklenicah dodajo vrhunski in eleganten videz.<\/p>\n<p>Izdelane so iz visokokakovostnega kovinskega niklja in imajo sijo\u010d \u0161ampanjski odtenek, ki lepo odbija svetlobo in poudari predstavitev blagovne znamke. Te nalepke za prenos so idealne za etikete izdelkov, darila za dogodke ali promocijsko embala\u017eo, saj se gladko oprimejo steklenih, plasti\u010dnih ali kovinskih povr\u0161in. Enostavne za namestitev in dolgotrajno obstojnost ponujajo stro\u0161kovno u\u010dinkovito re\u0161itev za doseganje razko\u0161nega videza z blagovno znamko po meri, ne da bi pri tem iz\u010drpali prora\u010dun. Popolne so za vinarne, zabave ali mala podjetja.<\/p>\n<div style=\"width: 1280px;\" class=\"wp-video\"><!--[if lt IE 9]><script>document.createElement('video');<\/script><![endif]--><br \/>\n<video class=\"wp-video-shortcode\" id=\"video-2831-1\" width=\"1280\" height=\"720\" preload=\"metadata\" controls=\"controls\"><source type=\"video\/mp4\" src=\"https:\/\/cmykprinted.com\/wp-content\/uploads\/2024\/05\/champagne-metal-transfer-label-1.mp4?_=1\" \/><a href=\"https:\/\/cmykprinted.com\/wp-content\/uploads\/2024\/05\/champagne-metal-transfer-label-1.mp4\">https:\/\/cmykprinted.com\/wp-content\/uploads\/2024\/05\/champagne-metal-transfer-label-1.mp4<\/a><\/video><\/div>","protected":false},"featured_media":2832,"template":"","meta":{"_kad_post_transparent":"default","_kad_post_title":"hide","_kad_post_layout":"fullwidth","_kad_post_sidebar_id":"","_kad_post_content_style":"unboxed","_kad_post_vertical_padding":"hide","_kad_post_feature":"hide","_kad_post_feature_position":"","_kad_post_header":false,"_kad_post_footer":false},"product_cat":[101,102],"product_tag":[655,447,656],"class_list":{"0":"post-2831","1":"product","2":"type-product","3":"status-publish","4":"has-post-thumbnail","6":"product_cat-transfer-stickers","7":"product_cat-metal-transfer-stickers","8":"product_tag-champagne-metallic-transfer-stickers","9":"product_tag-metallic-transfer-stickers","10":"product_tag-transfer-stickers-for-bottles","12":"first","13":"instock","14":"shipping-taxable","15":"product-type-simple","16":"entry","17":"content-bg","18":"loop-entry"},"_links":{"self":[{"href":"https:\/\/cmykprinted.com\/sl\/wp-json\/wp\/v2\/product\/2831","targetHints":{"allow":["GET"]}}],"collection":[{"href":"https:\/\/cmykprinted.com\/sl\/wp-json\/wp\/v2\/product"}],"about":[{"href":"https:\/\/cmykprinted.com\/sl\/wp-json\/wp\/v2\/types\/product"}],"version-history":[{"count":1,"href":"https:\/\/cmykprinted.com\/sl\/wp-json\/wp\/v2\/product\/2831\/revisions"}],"predecessor-version":[{"id":2836,"href":"https:\/\/cmykprinted.com\/sl\/wp-json\/wp\/v2\/product\/2831\/revisions\/2836"}],"wp:featuredmedia":[{"embeddable":true,"href":"https:\/\/cmykprinted.com\/sl\/wp-json\/wp\/v2\/media\/2832"}],"wp:attachment":[{"href":"https:\/\/cmykprinted.com\/sl\/wp-json\/wp\/v2\/media?parent=2831"}],"wp:term":[{"taxonomy":"product_cat","embeddable":true,"href":"https:\/\/cmykprinted.com\/sl\/wp-json\/wp\/v2\/product_cat?post=2831"},{"taxonomy":"product_tag","embeddable":true,"href":"https:\/\/cmykprinted.com\/sl\/wp-json\/wp\/v2\/product_tag?post=2831"}],"curies":[{"name":"wp","href":"https:\/\/api.w.org\/{rel}","templated":true}]}}