{"id":2837,"date":"2025-07-19T09:37:38","date_gmt":"2025-07-19T09:37:38","guid":{"rendered":"https:\/\/cmykprinted.com\/?post_type=product&#038;p=2837"},"modified":"2025-07-19T09:37:39","modified_gmt":"2025-07-19T09:37:39","slug":"transfer-stickers-for-metal","status":"publish","type":"product","link":"https:\/\/cmykprinted.com\/sl\/izdelek\/prenosne-nalepke-za-kovino\/","title":{"rendered":"Nalepke za prenos po meri za kovino kitajskega proizvajalca"},"content":{"rendered":"","protected":false},"excerpt":{"rendered":"<p>Odkrijte visokokakovostne nalepke za kovino zaupanja vrednega kitajskega proizvajalca, zasnovane za \u010dist in profesionalen videz za va\u0161e potrebe po brandingu in dekoraciji. Te nalepke so posebej zasnovane za varno pritrditev na kovinske povr\u0161ine, kot so nerjave\u010de jeklo, aluminij in prevle\u010dene kovine, zaradi \u010desar so idealne za uporabo na aparatih, strojih, orodjih, imenskih tablicah, elektroniki in \u0161e ve\u010d.<\/p>\n<p>Na\u0161e nalepke za prenos so izdelane natan\u010dno in nimajo ozadja, saj na povr\u0161ini ostanejo le logotip, dizajn ali besedilo. To zagotavlja eleganten in brezhiben videz, ki posnema videz tiska ali gravure po meri po precej ni\u017eji ceni. Izdelane so iz trpe\u017enih materialov, ki so odporni na bledenje, praske in vremenske vplive, kar zagotavlja dolgotrajne rezultate tako v zaprtih prostorih kot na prostem.<\/p>\n<p>Kot vodilni dobavitelj na Kitajskem ponujamo konkuren\u010dne cene, hitro proizvodnjo in prilagodljive mo\u017enosti prilagajanja, vklju\u010dno z kovinskimi, mat, sijajnimi in prozornimi zaklju\u010dki. Ne glede na to, ali potrebujete majhne serije za buti\u010dno blagovno znamko ali naro\u010dila v razsutem stanju za industrijsko uporabo, lahko na\u0161a tovarna izpolni va\u0161e natan\u010dne specifikacije z zanesljivimi mo\u017enostmi dostave DDP po vsem svetu.<\/p>\n<p>Idealne za ozna\u010devanje izdelkov, poslovna darila, promocijsko blagovno znamko in \u0161e ve\u010d \u2013 na\u0161e nalepke za prenos na kovino ponujajo pametno in elegantno re\u0161itev po dostopni ceni.<\/p>\n<figure id=\"attachment_2838\" aria-describedby=\"caption-attachment-2838\" style=\"width: 500px\" class=\"wp-caption alignnone\"><img fetchpriority=\"high\" decoding=\"async\" class=\"size-full wp-image-2838\" src=\"https:\/\/cmykprinted.com\/wp-content\/uploads\/2025\/07\/Transfer-Stickers-for-Metal.jpg\" alt=\"Nalepke za prenos na kovino\" width=\"500\" height=\"500\" srcset=\"https:\/\/cmykprinted.com\/wp-content\/uploads\/2025\/07\/Transfer-Stickers-for-Metal.jpg 500w, https:\/\/cmykprinted.com\/wp-content\/uploads\/2025\/07\/Transfer-Stickers-for-Metal-300x300.jpg 300w, https:\/\/cmykprinted.com\/wp-content\/uploads\/2025\/07\/Transfer-Stickers-for-Metal-150x150.jpg 150w, https:\/\/cmykprinted.com\/wp-content\/uploads\/2025\/07\/Transfer-Stickers-for-Metal-12x12.jpg 12w, https:\/\/cmykprinted.com\/wp-content\/uploads\/2025\/07\/Transfer-Stickers-for-Metal-100x100.jpg 100w\" sizes=\"(max-width: 500px) 100vw, 500px\" \/><figcaption id=\"caption-attachment-2838\" class=\"wp-caption-text\">Nalepke za prenos na kovino<\/figcaption><\/figure>","protected":false},"featured_media":2839,"template":"","meta":{"_kad_post_transparent":"default","_kad_post_title":"hide","_kad_post_layout":"fullwidth","_kad_post_sidebar_id":"","_kad_post_content_style":"unboxed","_kad_post_vertical_padding":"hide","_kad_post_feature":"hide","_kad_post_feature_position":"","_kad_post_header":false,"_kad_post_footer":false},"product_cat":[101,102],"product_tag":[454,657,658],"class_list":{"0":"post-2837","1":"product","2":"type-product","3":"status-publish","4":"has-post-thumbnail","6":"product_cat-transfer-stickers","7":"product_cat-metal-transfer-stickers","8":"product_tag-custom-transfer-stickers","9":"product_tag-transfer-stickers","10":"product_tag-transfer-stickers-for-metal","12":"first","13":"instock","14":"shipping-taxable","15":"product-type-simple","16":"entry","17":"content-bg","18":"loop-entry"},"_links":{"self":[{"href":"https:\/\/cmykprinted.com\/sl\/wp-json\/wp\/v2\/product\/2837","targetHints":{"allow":["GET"]}}],"collection":[{"href":"https:\/\/cmykprinted.com\/sl\/wp-json\/wp\/v2\/product"}],"about":[{"href":"https:\/\/cmykprinted.com\/sl\/wp-json\/wp\/v2\/types\/product"}],"version-history":[{"count":1,"href":"https:\/\/cmykprinted.com\/sl\/wp-json\/wp\/v2\/product\/2837\/revisions"}],"predecessor-version":[{"id":2844,"href":"https:\/\/cmykprinted.com\/sl\/wp-json\/wp\/v2\/product\/2837\/revisions\/2844"}],"wp:featuredmedia":[{"embeddable":true,"href":"https:\/\/cmykprinted.com\/sl\/wp-json\/wp\/v2\/media\/2839"}],"wp:attachment":[{"href":"https:\/\/cmykprinted.com\/sl\/wp-json\/wp\/v2\/media?parent=2837"}],"wp:term":[{"taxonomy":"product_cat","embeddable":true,"href":"https:\/\/cmykprinted.com\/sl\/wp-json\/wp\/v2\/product_cat?post=2837"},{"taxonomy":"product_tag","embeddable":true,"href":"https:\/\/cmykprinted.com\/sl\/wp-json\/wp\/v2\/product_tag?post=2837"}],"curies":[{"name":"wp","href":"https:\/\/api.w.org\/{rel}","templated":true}]}}