{"id":2856,"date":"2025-10-17T08:07:33","date_gmt":"2025-10-17T08:07:33","guid":{"rendered":"https:\/\/cmykprinted.com\/?post_type=product&#038;p=2856"},"modified":"2025-10-17T08:07:33","modified_gmt":"2025-10-17T08:07:33","slug":"ez-tube-display","status":"publish","type":"product","link":"https:\/\/cmykprinted.com\/sl\/izdelek\/ez-cev-prikaz\/","title":{"rendered":"Poceni ozadje iz tkanine z ravno napetostjo po meri EZ cevnega prikazovalnika"},"content":{"rendered":"","protected":false},"excerpt":{"rendered":"<p>Ko gre za profesionalno, privla\u010dno in u\u010dinkovito predstavitev va\u0161e blagovne znamke, se ni\u010d ne more primerjati z EZ Tube Display. Ta prenosni sistem prikazovalnikov, zasnovan z mislijo na eleganten slog in enostavno monta\u017eo, je priljubljen med razstavljavci, organizatorji dogodkov in strokovnjaki za tr\u017eenje, ki cenijo tako udobje kot u\u010dinek. Ne glede na to, ali gre za sejme, predstavitve izdelkov, razstave ali poslovne dogodke, EZ Tube Display va\u0161i blagovni znamki daje eleganten, vrhunski videz, ki takoj pritegne pozornost.<\/p>\n<p>V dana\u0161njem konkuren\u010dnem tr\u017eenjskem okolju izstopa EZ Tube Display kot vsestranska, trpe\u017ena in vizualno osupljiva re\u0161itev za podjetja, ki \u017eelijo pustiti trajen vtis. Z nastavitvijo brez orodja, \u017eivahno kakovostjo tiska in strukturo za ve\u010dkratno uporabo ponuja neprekosljivo vrednost in udobje za profesionalno tr\u017eenje dogodkov. Dvignite svoj naslednji sejem ali promocijski dogodek na vi\u0161jo raven z EZ Tube Display \u2013 kjer se preprostost sre\u010da s prefinjenostjo, va\u0161a blagovna znamka pa je v sredi\u0161\u010du pozornosti.<\/p>\n<div style=\"width: 720px;\" class=\"wp-video\"><!--[if lt IE 9]><script>document.createElement('video');<\/script><![endif]--><br \/>\n<video class=\"wp-video-shortcode\" id=\"video-2856-1\" width=\"720\" height=\"1280\" preload=\"metadata\" controls=\"controls\"><source type=\"video\/mp4\" src=\"https:\/\/cmykprinted.com\/wp-content\/uploads\/2025\/07\/Branded-Backdrops.mp4?_=1\" \/><a href=\"https:\/\/cmykprinted.com\/wp-content\/uploads\/2025\/07\/Branded-Backdrops.mp4\">https:\/\/cmykprinted.com\/wp-content\/uploads\/2025\/07\/Branded-Backdrops.mp4<\/a><\/video><\/div>","protected":false},"featured_media":2857,"template":"","meta":{"_kad_post_transparent":"default","_kad_post_title":"hide","_kad_post_layout":"fullwidth","_kad_post_sidebar_id":"","_kad_post_content_style":"unboxed","_kad_post_vertical_padding":"hide","_kad_post_feature":"hide","_kad_post_feature_position":"","_kad_post_header":false,"_kad_post_footer":false},"product_cat":[97,100],"product_tag":[664,662,663,197],"class_list":{"0":"post-2856","1":"product","2":"type-product","3":"status-publish","4":"has-post-thumbnail","6":"product_cat-tension-fabric-displays","7":"product_cat-straight-tension-fabric-backdrop","8":"product_tag-custom-straight-tension-fabric-backdrop","9":"product_tag-ez-tube-display","10":"product_tag-ez-tube-display-banner","11":"product_tag-tension-fabric-backdrop","13":"first","14":"instock","15":"shipping-taxable","16":"product-type-simple","17":"entry","18":"content-bg","19":"loop-entry"},"_links":{"self":[{"href":"https:\/\/cmykprinted.com\/sl\/wp-json\/wp\/v2\/product\/2856","targetHints":{"allow":["GET"]}}],"collection":[{"href":"https:\/\/cmykprinted.com\/sl\/wp-json\/wp\/v2\/product"}],"about":[{"href":"https:\/\/cmykprinted.com\/sl\/wp-json\/wp\/v2\/types\/product"}],"version-history":[{"count":1,"href":"https:\/\/cmykprinted.com\/sl\/wp-json\/wp\/v2\/product\/2856\/revisions"}],"predecessor-version":[{"id":2863,"href":"https:\/\/cmykprinted.com\/sl\/wp-json\/wp\/v2\/product\/2856\/revisions\/2863"}],"wp:featuredmedia":[{"embeddable":true,"href":"https:\/\/cmykprinted.com\/sl\/wp-json\/wp\/v2\/media\/2857"}],"wp:attachment":[{"href":"https:\/\/cmykprinted.com\/sl\/wp-json\/wp\/v2\/media?parent=2856"}],"wp:term":[{"taxonomy":"product_cat","embeddable":true,"href":"https:\/\/cmykprinted.com\/sl\/wp-json\/wp\/v2\/product_cat?post=2856"},{"taxonomy":"product_tag","embeddable":true,"href":"https:\/\/cmykprinted.com\/sl\/wp-json\/wp\/v2\/product_tag?post=2856"}],"curies":[{"name":"wp","href":"https:\/\/api.w.org\/{rel}","templated":true}]}}