{"id":2866,"date":"2025-10-30T09:12:11","date_gmt":"2025-10-30T09:12:11","guid":{"rendered":"https:\/\/cmykprinted.com\/?post_type=product&#038;p=2866"},"modified":"2025-10-30T09:12:11","modified_gmt":"2025-10-30T09:12:11","slug":"collapsible-trade-show-displays","status":"publish","type":"product","link":"https:\/\/cmykprinted.com\/sl\/izdelek\/zlozljivi-razstavni-zasloni\/","title":{"rendered":"Vrhunski zlo\u017eljivi sejemski zasloni z LED lu\u010djo"},"content":{"rendered":"","protected":false},"excerpt":{"rendered":"<p>Naj va\u0161a blagovna znamka zasije na vsaki razstavi z na\u0161imi visokokakovostnimi zlo\u017eljivimi sejemskimi stojali z LED osvetlitvijo \u2013 popolno kombinacijo prenosljivosti, profesionalnosti in vizualnega u\u010dinka. Ti stojali, zasnovani za sodobne tr\u017enike, ki morajo hitro postaviti in takoj izstopati, imajo lahke aluminijaste okvirje in vrhunsko grafiko iz napete tkanine, ki zagotavlja osupljivo vizualno podobo brez gub.<\/p>\n<p>Z inovativno zlo\u017eljivo strukturo traja postavitev in razstavljanje le nekaj minut \u2013 orodje ni potrebno. Ko je sestavljen, trpe\u017een okvir zagotavlja trdno podlago, integriran sistem LED osvetlitve pa zagotavlja, da so grafike va\u0161e blagovne znamke odli\u010dno osvetljene in pritegnejo pozornost tudi v najbolj gne\u010dih sejemskih okoljih.<\/p>\n<p>Ti zasloni so idealni za sejme, razstave, konvencije in promocije v trgovini na drobno, saj jih je enostavno pakirati, preva\u017eati in ponovno uporabiti, zaradi \u010desar so stro\u0161kovno u\u010dinkovita dolgoro\u010dna nalo\u017eba. Mo\u017enosti tiskanja po meri vam omogo\u010dajo, da barve, logotipe in tr\u017eenjska sporo\u010dila va\u0161ega podjetja predstavite v \u017eivahni, visokolo\u010dljivostni kakovosti.<\/p>\n<p>Ne glede na to, ali lansirate nov izdelek, gradite prepoznavnost blagovne znamke ali se s strankami sre\u010dujete iz o\u010di v o\u010di, na\u0161i zlo\u017eljivi LED sejemski zasloni zagotavljajo maksimalen u\u010dinek z minimalnim naporom. Navdu\u0161ite svoje ob\u010dinstvo, pove\u010dajte prepoznavnost svoje blagovne znamke in ustvarite profesionalno predstavitev, ki resni\u010dno izstopa \u2013 kadar koli in kjer koli.<\/p>\n<div style=\"width: 720px;\" class=\"wp-video\"><!--[if lt IE 9]><script>document.createElement('video');<\/script><![endif]--><br \/>\n<video class=\"wp-video-shortcode\" id=\"video-2866-1\" width=\"720\" height=\"1280\" preload=\"metadata\" controls=\"controls\"><source type=\"video\/mp4\" src=\"https:\/\/cmykprinted.com\/wp-content\/uploads\/2025\/10\/Collapsible-Trade-Show-Displays.mp4?_=1\" \/><a href=\"https:\/\/cmykprinted.com\/wp-content\/uploads\/2025\/10\/Collapsible-Trade-Show-Displays.mp4\">https:\/\/cmykprinted.com\/wp-content\/uploads\/2025\/10\/Collapsible-Trade-Show-Displays.mp4<\/a><\/video><\/div>","protected":false},"featured_media":2868,"template":"","meta":{"_kad_post_transparent":"default","_kad_post_title":"hide","_kad_post_layout":"fullwidth","_kad_post_sidebar_id":"","_kad_post_content_style":"unboxed","_kad_post_vertical_padding":"hide","_kad_post_feature":"hide","_kad_post_feature_position":"","_kad_post_header":false,"_kad_post_footer":false},"product_cat":[97,99],"product_tag":[665,667,668,666],"class_list":{"0":"post-2866","1":"product","2":"type-product","3":"status-publish","4":"has-post-thumbnail","6":"product_cat-tension-fabric-displays","7":"product_cat-custom-fabric-displays","8":"product_tag-collapsible-trade-show-displays","9":"product_tag-top-quality-collapsible-trade-show-displays","10":"product_tag-trade-show-displays","11":"product_tag-trade-show-displays-with-led-light","13":"first","14":"instock","15":"shipping-taxable","16":"product-type-simple","17":"entry","18":"content-bg","19":"loop-entry"},"_links":{"self":[{"href":"https:\/\/cmykprinted.com\/sl\/wp-json\/wp\/v2\/product\/2866","targetHints":{"allow":["GET"]}}],"collection":[{"href":"https:\/\/cmykprinted.com\/sl\/wp-json\/wp\/v2\/product"}],"about":[{"href":"https:\/\/cmykprinted.com\/sl\/wp-json\/wp\/v2\/types\/product"}],"version-history":[{"count":1,"href":"https:\/\/cmykprinted.com\/sl\/wp-json\/wp\/v2\/product\/2866\/revisions"}],"predecessor-version":[{"id":2875,"href":"https:\/\/cmykprinted.com\/sl\/wp-json\/wp\/v2\/product\/2866\/revisions\/2875"}],"wp:featuredmedia":[{"embeddable":true,"href":"https:\/\/cmykprinted.com\/sl\/wp-json\/wp\/v2\/media\/2868"}],"wp:attachment":[{"href":"https:\/\/cmykprinted.com\/sl\/wp-json\/wp\/v2\/media?parent=2866"}],"wp:term":[{"taxonomy":"product_cat","embeddable":true,"href":"https:\/\/cmykprinted.com\/sl\/wp-json\/wp\/v2\/product_cat?post=2866"},{"taxonomy":"product_tag","embeddable":true,"href":"https:\/\/cmykprinted.com\/sl\/wp-json\/wp\/v2\/product_tag?post=2866"}],"curies":[{"name":"wp","href":"https:\/\/api.w.org\/{rel}","templated":true}]}}