{"id":2891,"date":"2025-11-03T07:59:54","date_gmt":"2025-11-03T07:59:54","guid":{"rendered":"https:\/\/cmykprinted.com\/?post_type=product&#038;p=2891"},"modified":"2025-11-03T07:59:54","modified_gmt":"2025-11-03T07:59:54","slug":"printed-table-runners-trade-show","status":"publish","type":"product","link":"https:\/\/cmykprinted.com\/sl\/izdelek\/natisnjeni-namizni-tekalci-sejem\/","title":{"rendered":"Sejem teka\u010dev za mize z nizko MOQ v polni barvi z grafi\u010dnim tiskom in najbolj\u0161o ceno"},"content":{"rendered":"<p>Naj bo va\u0161a stojnica nepozabna z na\u0161o kolekcijo grafi\u010dno natisnjenih miznih prtov v polni barvi po nizki ceni in najbolj\u0161i ceni. Na\u0161i tiskani mizni prti za sejme, zasnovani za podjetja, ki si \u017eelijo kakovosti in vrednosti, zagotavljajo \u017eivahno, visokolo\u010dljivostno grafiko, ki va\u0161i blagovni znamki o\u017eivi. Ne glede na to, ali se udele\u017eujete razstav, konferenc ali poslovnih dogodkov, na\u0161i tiskani mizni prti za sejme zagotavljajo, da bo va\u0161a miza videti profesionalno in privla\u010dna z vseh zornih kotov.<\/p>\n<p>Za ustvarjanje potiskanih namiznih prtov za sejme uporabljamo vrhunski poliester, odporen proti gubam, in napreden sublimacijski tisk, ki prikazuje va\u0161 logotip, slogan in umetni\u0161ko delo v osupljivi barvi. Z nizkimi minimalnimi koli\u010dinami naro\u010dila (MOQ) in nepremagljivimi cenami neposredno iz tovarne lahko tudi mala podjetja u\u017eivajo v izdelavi blagovne znamke po meri, ne da bi pri tem porabila preve\u010d denarja. Izbirate lahko med razli\u010dnimi velikostmi in slogi, ki se popolnoma prilegajo kateri koli razstavni mizi.<\/p>\n<p>Hitra izdelava, zanesljiva kakovost in konkuren\u010dne cene naredijo na\u0161 sejem tiskanih tekalnih stebrov za mize najbolj\u0161o izbiro za promocijo va\u0161e blagovne znamke z u\u010dinkom in stilom.<\/p>\n<div style=\"width: 1280px;\" class=\"wp-video\"><!--[if lt IE 9]><script>document.createElement('video');<\/script><![endif]-->\n<video class=\"wp-video-shortcode\" id=\"video-2891-1\" width=\"1280\" height=\"720\" preload=\"metadata\" controls=\"controls\"><source type=\"video\/mp4\" src=\"https:\/\/cmykprinted.com\/wp-content\/uploads\/2025\/11\/Printed-Table-Runners-Trade-Show.mp4?_=1\" \/><a href=\"https:\/\/cmykprinted.com\/wp-content\/uploads\/2025\/11\/Printed-Table-Runners-Trade-Show.mp4\">https:\/\/cmykprinted.com\/wp-content\/uploads\/2025\/11\/Printed-Table-Runners-Trade-Show.mp4<\/a><\/video><\/div>","protected":false},"excerpt":{"rendered":"<p>Make your booth unforgettable with our Low MOQ Best Price Full Color Graphic Printed Table Runners Trade Show collection. Designed for businesses that want quality and value, our printed table covers trade show products deliver vibrant, high-definition graphics that bring your brand to life. Whether you\u2019re attending exhibitions, conferences, or corporate events, our printed table&#8230;<\/p>","protected":false},"featured_media":2895,"template":"","meta":{"_kad_post_transparent":"default","_kad_post_title":"hide","_kad_post_layout":"fullwidth","_kad_post_sidebar_id":"","_kad_post_content_style":"unboxed","_kad_post_vertical_padding":"hide","_kad_post_feature":"hide","_kad_post_feature_position":"","_kad_post_header":false,"_kad_post_footer":false},"product_cat":[80,81],"product_tag":[674,673],"class_list":{"0":"post-2891","1":"product","2":"type-product","3":"status-publish","4":"has-post-thumbnail","6":"product_cat-custom-tablecloth","7":"product_cat-custom-stretch-tablecloth","8":"product_tag-full-color-graphic-printed-table-runners","9":"product_tag-printed-table-runners-trade-show","11":"first","12":"instock","13":"shipping-taxable","14":"product-type-simple","15":"entry","16":"content-bg","17":"loop-entry"},"_links":{"self":[{"href":"https:\/\/cmykprinted.com\/sl\/wp-json\/wp\/v2\/product\/2891","targetHints":{"allow":["GET"]}}],"collection":[{"href":"https:\/\/cmykprinted.com\/sl\/wp-json\/wp\/v2\/product"}],"about":[{"href":"https:\/\/cmykprinted.com\/sl\/wp-json\/wp\/v2\/types\/product"}],"version-history":[{"count":1,"href":"https:\/\/cmykprinted.com\/sl\/wp-json\/wp\/v2\/product\/2891\/revisions"}],"predecessor-version":[{"id":2900,"href":"https:\/\/cmykprinted.com\/sl\/wp-json\/wp\/v2\/product\/2891\/revisions\/2900"}],"wp:featuredmedia":[{"embeddable":true,"href":"https:\/\/cmykprinted.com\/sl\/wp-json\/wp\/v2\/media\/2895"}],"wp:attachment":[{"href":"https:\/\/cmykprinted.com\/sl\/wp-json\/wp\/v2\/media?parent=2891"}],"wp:term":[{"taxonomy":"product_cat","embeddable":true,"href":"https:\/\/cmykprinted.com\/sl\/wp-json\/wp\/v2\/product_cat?post=2891"},{"taxonomy":"product_tag","embeddable":true,"href":"https:\/\/cmykprinted.com\/sl\/wp-json\/wp\/v2\/product_tag?post=2891"}],"curies":[{"name":"wp","href":"https:\/\/api.w.org\/{rel}","templated":true}]}}