{"id":488,"date":"2022-12-17T05:59:50","date_gmt":"2022-12-17T05:59:50","guid":{"rendered":"https:\/\/cmykprinted.com\/?post_type=product&#038;p=488"},"modified":"2023-03-31T01:41:05","modified_gmt":"2023-03-31T01:41:05","slug":"wholesale-custom-printed-outdoor-polyester-stretch-tablecloth","status":"publish","type":"product","link":"https:\/\/cmykprinted.com\/sl\/izdelek\/wholesale-custom-printed-outdoor-polyester-stretch-tablecloth\/","title":{"rendered":"Veleprodajni prt iz poliestra s potiskom po meri"},"content":{"rendered":"","protected":false},"excerpt":{"rendered":"<p>Ta visokokakovosten zunanji trgovski \u0161otor z nadstre\u0161kom je primeren za razli\u010dne namene. Zaradi vodoodpornega okvirja v obliki \u0161esterokotnika in nastavljive vi\u0161ine je vsestranski, medtem ko vam mo\u017enosti barvnega tiskanja po vsej povr\u0161ini omogo\u010dajo prilagajanje videza \u0161otora. Vklju\u010ditev kov\u010dka na kolesih, talnih koli\u010dkov in vrvi olaj\u0161a postavitev in pritrditev \u0161otora na razli\u010dnih lokacijah. Ta \u0161otor bi bil primeren za uporabo na sejmih, dogodkih na prostem in kot za\u010dasno zato\u010di\u0161\u010de za aktivnosti na prostem, kot so kampiranje ali pikniki.<\/p>\n<div style=\"width: 1290px;\" class=\"wp-video\"><!--[if lt IE 9]><script>document.createElement('video');<\/script><![endif]--><br \/>\n<video class=\"wp-video-shortcode\" id=\"video-488-1\" width=\"1290\" height=\"726\" loop autoplay preload=\"auto\" controls=\"controls\"><source type=\"video\/mp4\" src=\"http:\/\/cmykprinted.com\/wp-content\/uploads\/2022\/12\/Custom-Stretch-Tablecloth.mp4?_=1\" \/><a href=\"http:\/\/cmykprinted.com\/wp-content\/uploads\/2022\/12\/Custom-Stretch-Tablecloth.mp4\">http:\/\/cmykprinted.com\/wp-content\/uploads\/2022\/12\/Custom-Stretch-Tablecloth.mp4<\/a><\/video><\/div>","protected":false},"featured_media":489,"template":"","meta":{"_kad_post_transparent":"default","_kad_post_title":"hide","_kad_post_layout":"fullwidth","_kad_post_sidebar_id":"","_kad_post_content_style":"unboxed","_kad_post_vertical_padding":"hide","_kad_post_feature":"hide","_kad_post_feature_position":"","_kad_post_header":false,"_kad_post_footer":false},"product_cat":[80,81],"product_tag":[116,117,119,118,120],"class_list":{"0":"post-488","1":"product","2":"type-product","3":"status-publish","4":"has-post-thumbnail","6":"product_cat-custom-tablecloth","7":"product_cat-custom-stretch-tablecloth","8":"product_tag-custom-printed-tablecloth","9":"product_tag-custom-stretch-tablecloth","10":"product_tag-outdoor-stretch-tablecloth","11":"product_tag-polyester-stretch-tablecloth","12":"product_tag-wholesale-stretch-tablecloth","14":"first","15":"instock","16":"shipping-taxable","17":"product-type-simple","18":"entry","19":"content-bg","20":"loop-entry"},"_links":{"self":[{"href":"https:\/\/cmykprinted.com\/sl\/wp-json\/wp\/v2\/product\/488","targetHints":{"allow":["GET"]}}],"collection":[{"href":"https:\/\/cmykprinted.com\/sl\/wp-json\/wp\/v2\/product"}],"about":[{"href":"https:\/\/cmykprinted.com\/sl\/wp-json\/wp\/v2\/types\/product"}],"version-history":[{"count":3,"href":"https:\/\/cmykprinted.com\/sl\/wp-json\/wp\/v2\/product\/488\/revisions"}],"predecessor-version":[{"id":1800,"href":"https:\/\/cmykprinted.com\/sl\/wp-json\/wp\/v2\/product\/488\/revisions\/1800"}],"wp:featuredmedia":[{"embeddable":true,"href":"https:\/\/cmykprinted.com\/sl\/wp-json\/wp\/v2\/media\/489"}],"wp:attachment":[{"href":"https:\/\/cmykprinted.com\/sl\/wp-json\/wp\/v2\/media?parent=488"}],"wp:term":[{"taxonomy":"product_cat","embeddable":true,"href":"https:\/\/cmykprinted.com\/sl\/wp-json\/wp\/v2\/product_cat?post=488"},{"taxonomy":"product_tag","embeddable":true,"href":"https:\/\/cmykprinted.com\/sl\/wp-json\/wp\/v2\/product_tag?post=488"}],"curies":[{"name":"wp","href":"https:\/\/api.w.org\/{rel}","templated":true}]}}