{"id":510,"date":"2022-12-17T13:15:19","date_gmt":"2022-12-17T13:15:19","guid":{"rendered":"https:\/\/cmykprinted.com\/?post_type=product&#038;p=510"},"modified":"2022-12-17T14:48:04","modified_gmt":"2022-12-17T14:48:04","slug":"outdoor-flexible-custom-printed-fence-mesh-banners-signs","status":"publish","type":"product","link":"https:\/\/cmykprinted.com\/sl\/izdelek\/outdoor-flexible-custom-printed-fence-mesh-banners-signs\/","title":{"rendered":"Zunanji prilagodljivi napisi na transparentih za ograjo po meri"},"content":{"rendered":"","protected":false},"excerpt":{"rendered":"<p>Ograjni mre\u017eni transparenti so vrsta zunanjega reklamnega materiala, ki je zasnovan tako, da je odporen na veter in druge neugodne vremenske razmere. Narejeni so iz mre\u017eastega materiala, ki prepu\u0161\u010da veter, zaradi \u010desar je manj verjetno, da bodo plapolali ali valovili v vetru. Zaradi tega so \u0161e posebej primerni za uporabo v zaslonih med stebri, oblogah zgradb in oznakah na odrih. Mre\u017easti transparenti so obi\u010dajno natisnjeni na vrhunskem mre\u017eastem vinilu 440 GSM in so dobavljeni obrobljeni in z o\u010desci, ki omogo\u010dajo enostavno obe\u0161anje ali pritrditev na strukturo. Lahko so stro\u0161kovno u\u010dinkovit na\u010din za ogla\u0161evanje in promocijo va\u0161ega podjetja ali dogodka, na\u0161a tovarna pa lahko ponudi velike popuste na velika naro\u010dila.<\/p>\n<div style=\"width: 1290px;\" class=\"wp-video\"><!--[if lt IE 9]><script>document.createElement('video');<\/script><![endif]--><br \/>\n<video class=\"wp-video-shortcode\" id=\"video-510-1\" width=\"1290\" height=\"726\" loop autoplay preload=\"auto\" controls=\"controls\"><source type=\"video\/mp4\" src=\"http:\/\/cmykprinted.com\/wp-content\/uploads\/2022\/12\/Fence-Mesh-Banners.mp4?_=1\" \/><a href=\"http:\/\/cmykprinted.com\/wp-content\/uploads\/2022\/12\/Fence-Mesh-Banners.mp4\">http:\/\/cmykprinted.com\/wp-content\/uploads\/2022\/12\/Fence-Mesh-Banners.mp4<\/a><\/video><\/div>\n<p>&nbsp;<\/p>","protected":false},"featured_media":512,"template":"","meta":{"_kad_post_transparent":"default","_kad_post_title":"hide","_kad_post_layout":"fullwidth","_kad_post_sidebar_id":"","_kad_post_content_style":"unboxed","_kad_post_vertical_padding":"hide","_kad_post_feature":"hide","_kad_post_feature_position":"","_kad_post_header":false,"_kad_post_footer":false},"product_cat":[85,87,86],"product_tag":[123,121,124,122],"class_list":{"0":"post-510","1":"product","2":"type-product","3":"status-publish","4":"has-post-thumbnail","6":"product_cat-outdoor-vinyl-banners","7":"product_cat-fabric-mesh-banners","8":"product_cat-fence-mesh-banners","9":"product_tag-custom-mesh-banners","10":"product_tag-fence-mesh-banners","11":"product_tag-flexible-mesh-banners","12":"product_tag-outdoor-mesh-banners","14":"first","15":"instock","16":"shipping-taxable","17":"product-type-simple","18":"entry","19":"content-bg","20":"loop-entry"},"_links":{"self":[{"href":"https:\/\/cmykprinted.com\/sl\/wp-json\/wp\/v2\/product\/510","targetHints":{"allow":["GET"]}}],"collection":[{"href":"https:\/\/cmykprinted.com\/sl\/wp-json\/wp\/v2\/product"}],"about":[{"href":"https:\/\/cmykprinted.com\/sl\/wp-json\/wp\/v2\/types\/product"}],"version-history":[{"count":4,"href":"https:\/\/cmykprinted.com\/sl\/wp-json\/wp\/v2\/product\/510\/revisions"}],"predecessor-version":[{"id":522,"href":"https:\/\/cmykprinted.com\/sl\/wp-json\/wp\/v2\/product\/510\/revisions\/522"}],"wp:featuredmedia":[{"embeddable":true,"href":"https:\/\/cmykprinted.com\/sl\/wp-json\/wp\/v2\/media\/512"}],"wp:attachment":[{"href":"https:\/\/cmykprinted.com\/sl\/wp-json\/wp\/v2\/media?parent=510"}],"wp:term":[{"taxonomy":"product_cat","embeddable":true,"href":"https:\/\/cmykprinted.com\/sl\/wp-json\/wp\/v2\/product_cat?post=510"},{"taxonomy":"product_tag","embeddable":true,"href":"https:\/\/cmykprinted.com\/sl\/wp-json\/wp\/v2\/product_tag?post=510"}],"curies":[{"name":"wp","href":"https:\/\/api.w.org\/{rel}","templated":true}]}}