{"id":549,"date":"2022-12-18T09:53:56","date_gmt":"2022-12-18T09:53:56","guid":{"rendered":"https:\/\/cmykprinted.com\/?post_type=product&#038;p=549"},"modified":"2022-12-18T10:09:57","modified_gmt":"2022-12-18T10:09:57","slug":"custom-shop-front-flag-double-sided-wall-flag-banner-sign","status":"publish","type":"product","link":"https:\/\/cmykprinted.com\/sl\/izdelek\/custom-shop-front-flag-double-sided-wall-flag-banner-sign\/","title":{"rendered":"Dvostranski napis s stensko zastavo na sprednji strani zastave po meri"},"content":{"rendered":"","protected":false},"excerpt":{"rendered":"<p>Zastavice na sprednji strani trgovine so priljubljen na\u010din za podjetja, da mimoido\u010dim ogla\u0161ujejo svoje izdelke ali storitve. Obi\u010dajno so name\u0161\u010deni na zunanjost trgovine ali trgovine in so oblikovani tako, da pritegnejo o\u010di in pritegnejo pozornost. Dve glavni vrsti sprednjih zastav trgovin sta koni\u010dasti in ravni robovi. Zastave s koni\u010dastim robom so trikotne oblike in se obi\u010dajno namestijo na drog, medtem ko so zastave z ravnim robom pravokotne in jih je mogo\u010de namestiti na steno ali obesiti na strop. Obe vrsti zastav je mogo\u010de natisniti z eno ali dvostransko sliko, odvisno od potreb podjetja.<br \/>\nZastave na sprednji strani trgovine so obi\u010dajno izdelane iz aluminija ali tkanine in jih je mogo\u010de natisniti z razli\u010dnimi metodami, vklju\u010dno z UV digitalnim tiskom ali sublimacijo barvila. Digitalni UV tisk je postopek, ki uporablja UV svetlobo za strjevanje \u010drnila, kar ima za posledico dolgotrajnej\u0161o barvo in izbolj\u0161ano odpornost proti bledenju in po\u0161kodbam zaradi vode. Sublimacija barvila je postopek, ki uporablja toploto za prenos \u010drnila s posebnega papirja na tkanino, kar ima za posledico \u017eivahen in oster zaklju\u010dek.<\/p>\n<p>&nbsp;<\/p>","protected":false},"featured_media":550,"template":"","meta":{"_kad_post_transparent":"default","_kad_post_title":"hide","_kad_post_layout":"fullwidth","_kad_post_sidebar_id":"","_kad_post_content_style":"unboxed","_kad_post_vertical_padding":"hide","_kad_post_feature":"hide","_kad_post_feature_position":"","_kad_post_header":false,"_kad_post_footer":false},"product_cat":[79],"product_tag":[131,133,132,129,130],"class_list":{"0":"post-549","1":"product","2":"type-product","3":"status-publish","4":"has-post-thumbnail","6":"product_cat-custom-flags","7":"product_tag-custom-flag","8":"product_tag-custom-wall-sign","9":"product_tag-double-sided-wall-flag","10":"product_tag-shop-front-flag","11":"product_tag-wall-flag","13":"first","14":"instock","15":"shipping-taxable","16":"product-type-simple","17":"entry","18":"content-bg","19":"loop-entry"},"_links":{"self":[{"href":"https:\/\/cmykprinted.com\/sl\/wp-json\/wp\/v2\/product\/549","targetHints":{"allow":["GET"]}}],"collection":[{"href":"https:\/\/cmykprinted.com\/sl\/wp-json\/wp\/v2\/product"}],"about":[{"href":"https:\/\/cmykprinted.com\/sl\/wp-json\/wp\/v2\/types\/product"}],"version-history":[{"count":2,"href":"https:\/\/cmykprinted.com\/sl\/wp-json\/wp\/v2\/product\/549\/revisions"}],"predecessor-version":[{"id":556,"href":"https:\/\/cmykprinted.com\/sl\/wp-json\/wp\/v2\/product\/549\/revisions\/556"}],"wp:featuredmedia":[{"embeddable":true,"href":"https:\/\/cmykprinted.com\/sl\/wp-json\/wp\/v2\/media\/550"}],"wp:attachment":[{"href":"https:\/\/cmykprinted.com\/sl\/wp-json\/wp\/v2\/media?parent=549"}],"wp:term":[{"taxonomy":"product_cat","embeddable":true,"href":"https:\/\/cmykprinted.com\/sl\/wp-json\/wp\/v2\/product_cat?post=549"},{"taxonomy":"product_tag","embeddable":true,"href":"https:\/\/cmykprinted.com\/sl\/wp-json\/wp\/v2\/product_tag?post=549"}],"curies":[{"name":"wp","href":"https:\/\/api.w.org\/{rel}","templated":true}]}}