{"id":571,"date":"2022-12-18T10:43:31","date_gmt":"2022-12-18T10:43:31","guid":{"rendered":"https:\/\/cmykprinted.com\/?post_type=product&#038;p=571"},"modified":"2022-12-18T12:40:23","modified_gmt":"2022-12-18T12:40:23","slug":"20ft-straight-tension-fabric-displays-with-custom-printing","status":"publish","type":"product","link":"https:\/\/cmykprinted.com\/sl\/izdelek\/20ft-straight-tension-fabric-displays-with-custom-printing\/","title":{"rendered":"20-metrski zasloni z ravno napeto tkanino s tiskanjem po meri"},"content":{"rendered":"","protected":false},"excerpt":{"rendered":"<p>Zasloni iz napetega blaga so priljubljena izbira za sejemske kabine in eksponate na posebnih dogodkih, ker so lahki, enostavni za postavitev in zagotavljajo \u010dist in sodoben videz va\u0161e blagovne znamke. Ti zasloni uporabljajo prilegajo\u010do se prevleko iz tkanine, na kateri je natisnjeno va\u0161e umetni\u0161ko delo, raztegnjeno \u010dez lahek okvir za ustvarjanje razli\u010dnih konfiguracij. Nekatere pogoste vrste zaslonov z napetostnimi tkaninami vklju\u010dujejo stojala za transparente, pojavne zaslone in vise\u010de transparente. Ti sistemi ponujajo \u0161iroko paleto mo\u017enosti prilagajanja, ki ustrezajo va\u0161im edinstvenim tr\u017enim potrebam in jih je mogo\u010de enostavno razstaviti in preva\u017eati na razli\u010dne dogodke. Zasloni iz napetega blaga so lahko u\u010dinkovit na\u010din za predstavitev va\u0161e blagovne znamke in sporo\u010dila na profesionalen in vizualno privla\u010den na\u010din.<\/p>\n<div style=\"width: 1290px;\" class=\"wp-video\"><!--[if lt IE 9]><script>document.createElement('video');<\/script><![endif]--><br \/>\n<video class=\"wp-video-shortcode\" id=\"video-571-1\" width=\"1290\" height=\"726\" loop autoplay preload=\"auto\" controls=\"controls\"><source type=\"video\/mp4\" src=\"http:\/\/cmykprinted.com\/wp-content\/uploads\/2022\/12\/Tension-Fabric-Displays.mp4?_=1\" \/><a href=\"http:\/\/cmykprinted.com\/wp-content\/uploads\/2022\/12\/Tension-Fabric-Displays.mp4\">http:\/\/cmykprinted.com\/wp-content\/uploads\/2022\/12\/Tension-Fabric-Displays.mp4<\/a><\/video><\/div>\n<p>&nbsp;<\/p>","protected":false},"featured_media":572,"template":"","meta":{"_kad_post_transparent":"default","_kad_post_title":"hide","_kad_post_layout":"fullwidth","_kad_post_sidebar_id":"","_kad_post_content_style":"unboxed","_kad_post_vertical_padding":"hide","_kad_post_feature":"hide","_kad_post_feature_position":"","_kad_post_header":false,"_kad_post_footer":false},"product_cat":[97,99],"product_tag":[136,137,135,134],"class_list":{"0":"post-571","1":"product","2":"type-product","3":"status-publish","4":"has-post-thumbnail","6":"product_cat-tension-fabric-displays","7":"product_cat-custom-fabric-displays","8":"product_tag-20ft-tension-fabric-displays","9":"product_tag-custom-tension-fabric-displays","10":"product_tag-straight-tension-fabric-displays","11":"product_tag-tension-fabric-displays","13":"first","14":"instock","15":"shipping-taxable","16":"product-type-simple","17":"entry","18":"content-bg","19":"loop-entry"},"_links":{"self":[{"href":"https:\/\/cmykprinted.com\/sl\/wp-json\/wp\/v2\/product\/571","targetHints":{"allow":["GET"]}}],"collection":[{"href":"https:\/\/cmykprinted.com\/sl\/wp-json\/wp\/v2\/product"}],"about":[{"href":"https:\/\/cmykprinted.com\/sl\/wp-json\/wp\/v2\/types\/product"}],"version-history":[{"count":1,"href":"https:\/\/cmykprinted.com\/sl\/wp-json\/wp\/v2\/product\/571\/revisions"}],"predecessor-version":[{"id":578,"href":"https:\/\/cmykprinted.com\/sl\/wp-json\/wp\/v2\/product\/571\/revisions\/578"}],"wp:featuredmedia":[{"embeddable":true,"href":"https:\/\/cmykprinted.com\/sl\/wp-json\/wp\/v2\/media\/572"}],"wp:attachment":[{"href":"https:\/\/cmykprinted.com\/sl\/wp-json\/wp\/v2\/media?parent=571"}],"wp:term":[{"taxonomy":"product_cat","embeddable":true,"href":"https:\/\/cmykprinted.com\/sl\/wp-json\/wp\/v2\/product_cat?post=571"},{"taxonomy":"product_tag","embeddable":true,"href":"https:\/\/cmykprinted.com\/sl\/wp-json\/wp\/v2\/product_tag?post=571"}],"curies":[{"name":"wp","href":"https:\/\/api.w.org\/{rel}","templated":true}]}}